{"id":13085,"date":"2019-07-18T17:01:39","date_gmt":"2019-07-18T15:01:39","guid":{"rendered":"https:\/\/www.medicusinfo.eu\/?page_id=13085"},"modified":"2019-07-18T17:02:17","modified_gmt":"2019-07-18T15:02:17","slug":"refer-a-friend","status":"publish","type":"page","link":"https:\/\/www.medicusinfo.eu\/de\/refer-a-friend\/","title":{"rendered":"refer-a-friend"},"content":{"rendered":"<div class=\"wpb-content-wrapper\">[vc_row][vc_column][mk_fancy_title font_family=&#8220;none&#8220;]\n<h3 class=\"null\" style=\"text-align: center;\"><span class=\"tlid-translation translation\" lang=\"fr\"><span class=\"\" title=\"\">PR\u00c4SENTIEREN SIE EIN NEUES MITGLIED<\/span><\/span><\/h3>\n[\/mk_fancy_title][mk_image src=&#8220;https:\/\/www.medicusinfo.eu\/wp-content\/uploads\/2019\/07\/depositphotos_204520214_s-2019.jpg&#8220; image_size=&#8220;full&#8220;][mk_padding_divider size=&#8220;50&#8243;][vc_column_text css=&#8220;.vc_custom_1563462005893{margin-bottom: 0px !important;}&#8220;]\n<h4 class=\"null\">ER<\/h4>\n<div><span class=\"tlid-translation translation\" lang=\"fr\"><span class=\"tlid-translation translation\" lang=\"de\">erh\u00e4lt 10% Rabatt auf das Abonnement einer Mitgliedskarte<br \/>\nDrei Jahre MedicusInfo BLUE, PLATINUM oder PLATINUM BUSINESS<br \/>\n<\/span><\/span><\/div>\n[\/vc_column_text][mk_padding_divider][vc_column_text css=&#8220;.vc_custom_1563461989015{margin-bottom: 0px !important;}&#8220;]\n<h4 class=\"null\"><span class=\"tlid-translation translation\" lang=\"fr\"><span class=\"tlid-translation translation\" lang=\"de\">UND SIE &#8230;<\/span><\/span><\/h4>\n<p><span class=\"tlid-translation translation\" lang=\"de\">F\u00fcr jede Person, die Sie pr\u00e4sentieren und die sich f\u00fcr eine Karte anmeldet, erhalten Sie 10% * oder 20% ** Rabatt auf Ihre n\u00e4chste Verl\u00e4ngerung.<\/span><\/p>\n<p>Wenn <strong>Sie 5<\/strong> vorlegen, ist Ihre Verl\u00e4ngerung <strong>KOSTENLOS<\/strong><\/p>\n<p>&nbsp;<\/p>\n<p><span class=\"tlid-translation translation\" lang=\"de\"><br \/>\n* 10% Wenn die pr\u00e4sentierte Person eine j\u00e4hrliche MedicusInfo-Mitgliedschaft in BLUE, PLATINUM oder PLATINUM BUSINESS\u00a0 unterzeichnet<br \/>\n** 20% Unterschreibt die vorgestellte Person eine dreij\u00e4hrige MedicusInfo-Mitgliedschaft in BLUE, PLATINUM oder PLATINUM BUSINESS<\/span>[\/vc_column_text][mk_padding_divider size=&#8220;80&#8243;][vc_column_text css=&#8220;.vc_custom_1563462133752{margin-bottom: 0px !important;}&#8220;]\n<h4><span class=\"tlid-translation translation\" lang=\"fr\"><span class=\"tlid-translation translation\" lang=\"de\">WIE IST ES ANZUWENDEN?<\/span><\/span><\/h4>\n<ul>\n<li><span class=\"tlid-translation translation\" lang=\"de\">Laden Sie die Person ein, die MedicusInfo-Site aufzurufen<br \/>\n<\/span><\/li>\n<li><span class=\"tlid-translation translation\" lang=\"de\">Geben Sie ihm den Gutscheincode, mit dem Sie den Rabatt erhalten m\u00f6chten: &#8222;refer-a-friend-10&#8220;<br \/>\n<\/span><\/li>\n<li><span class=\"tlid-translation translation\" lang=\"de\">Die eingeladene Person kann es in die Seite &#8222;Warenkorb&#8220; einf\u00fcgen, indem sie auf die Schaltfl\u00e4che &#8222;Gutschein einl\u00f6sen&#8220; klickt<br \/>\n<\/span><\/li>\n<li><span class=\"tlid-translation translation\" lang=\"de\">Denken Sie daran, auf der Seite &#8222;Checkout&#8220; im Feld &#8222;Werden Sie von einem MedicusInfo-Mitglied vorgestellt?&#8220; Ihre Kartennummer oder Ihren Namen einzutragen.*<br \/>\n<\/span><\/li>\n<li><span class=\"tlid-translation translation\" lang=\"de\"><span class=\"tlid-translation translation\" lang=\"de\">Wir validieren den Rabatt f\u00fcr Ihren Freund und zeichnen ihn f\u00fcr Ihre Erneuerung auf<\/span><\/span><\/li>\n<\/ul>\n<p><em>*Wenn die Kartennummer der einreichenden Person nicht eingegeben wird, ist weder der Rabatt f\u00fcr das neue Mitglied noch der f\u00fcr Ihre Verl\u00e4ngerung g\u00fcltig.<\/em>[\/vc_column_text][mk_padding_divider size=&#8220;80&#8243;][mk_fancy_title font_family=&#8220;none&#8220;]\n<h3 style=\"text-align: center;\"><span class=\"tlid-translation translation\" lang=\"fr\"><span class=\"tlid-translation translation\" lang=\"de\">Leiten Sie diesen COUPON an Ihren Kollegen weiter<\/span><\/span><\/h3>\n<h3 style=\"text-align: center;\">&#8222;refer-a-friend-10&#8220;<\/h3>\n[\/mk_fancy_title][mk_padding_divider size=&#8220;80&#8243;]<div class=\"woocommerce columns-6 \"><div class=\"mk-product-loop compact-layout grid--float\">\n\t<section class=\"products mk--row js-el\" data-grid-config='{\"item\":\".product\"}' data-mk-component=\"Grid\">\n\n<article class=\"item mk--col mk--col--3-12 product type-product post-2788 status-publish instock product_cat-membership-card-de has-post-thumbnail sold-individually shipping-taxable purchasable product-type-variable\">\n<div class=\"mk-product-holder\">\n\t\t<div class=\"product-loop-thumb\">\n\t\t<a href=\"https:\/\/www.medicusinfo.eu\/de\/prodotto\/membership-platinum-de\/\" class=\"product-link\"><img decoding=\"async\" src=\"https:\/\/www.medicusinfo.eu\/wp-content\/uploads\/bfi_thumb\/dummy-transparent-r6vjhx3rs8c6ey6505n59w8npkiqxuw1ygc6yuan04.png\" data-mk-image-src-set='{\"default\":\"https:\/\/www.medicusinfo.eu\/wp-content\/uploads\/2017\/12\/platcc.jpg\",\"2x\":\"\",\"mobile\":\"\",\"responsive\":\"true\"}' class=\"product-loop-image\" alt=\"Membership PLATINUM\" title=\"Membership PLATINUM\" itemprop=\"image\" \/><span class=\"product-loading-icon added-cart\"><\/span><\/a>\n\t\t<div class=\"product-item-footer without-rating\">\n\t\t\t\t\t\t<\/a><a rel=\"nofollow\" href=\"https:\/\/www.medicusinfo.eu\/de\/prodotto\/membership-platinum-de\/\" data-quantity=\"1\" data-product_id=\"2788\" data-product_sku=\"member_platinum\" class=\"product_loop_button product_type_variable add_to_cart_button \" data-product_id=\"2788\" data-product_sku=\"member_platinum\" aria-label=\"W\u00e4hle Optionen f\u00fcr \u201eMembership PLATINUM\u201c\" rel=\"nofollow\"><svg  class=\"mk-svg-icon\" data-name=\"mk-moon-cart-plus\" data-cacheid=\"icon-69ea54477b3d2\" style=\" height:16px; width: 16px; \"  xmlns=\"http:\/\/www.w3.org\/2000\/svg\" viewBox=\"0 0 512 512\"><path d=\"M416 96h-272c-16.138 0-29.751 12.018-31.753 28.031l-28.496 227.969h-51.751c-17.673 0-32 14.327-32 32s14.327 32 32 32h80c16.138 0 29.751-12.017 31.753-28.031l28.496-227.969h219.613l57.369 200.791c4.854 16.993 22.567 26.832 39.56 21.978 16.993-4.855 26.833-22.567 21.978-39.56l-64-224c-3.925-13.737-16.482-23.209-30.769-23.209zm-288-80a48 48 2700 1 0 96 0 48 48 2700 1 0-96 0zm192 0a48 48 2700 1 0 96 0 48 48 2700 1 0-96 0zm64 240h-64v-64h-64v64h-64v64h64v64h64v-64h64z\" transform=\"scale(1 -1) translate(0 -480)\"\/><\/svg><span class=\"product_loop_button_text\">Select options<\/a>\t<\/div>\n<\/div>\n\t<a href=\"https:\/\/www.medicusinfo.eu\/de\/prodotto\/membership-platinum-de\/\" class=\"woocommerce-LoopProduct-link woocommerce-loop-product__link\">\n\t\t<div class=\"mk-shop-item-detail\">\n\t\t\t<h3 class=\"product-title\"><a href=\"https:\/\/www.medicusinfo.eu\/de\/prodotto\/membership-platinum-de\/\">Membership PLATINUM<\/a><\/h3>\n\t\t\t\n\t<span class=\"price\"><span class=\"woocommerce-Price-amount amount\"><bdi>400.00&nbsp;<span class=\"woocommerce-Price-currencySymbol\">&#67;&#72;&#70;<\/span><\/bdi><\/span> &ndash; <span class=\"woocommerce-Price-amount amount\"><bdi>1'000.00&nbsp;<span class=\"woocommerce-Price-currencySymbol\">&#67;&#72;&#70;<\/span><\/bdi><\/span><\/span>\n\n\t\t\t\t\t<\/div>\n<\/div>\n<\/article>\n\n<article class=\"item mk--col mk--col--3-12 product type-product post-5966 status-publish instock product_cat-membership-card-de has-post-thumbnail sold-individually shipping-taxable purchasable product-type-variable has-default-attributes\">\n<div class=\"mk-product-holder\">\n\t\t<div class=\"product-loop-thumb\">\n\t\t<a href=\"https:\/\/www.medicusinfo.eu\/de\/prodotto\/membership-blue-basic\/\" class=\"product-link\"><img decoding=\"async\" src=\"https:\/\/www.medicusinfo.eu\/wp-content\/uploads\/bfi_thumb\/dummy-transparent-r6vjhx3rs8c6ey6505n59w8npkiqxuw1ygc6yuan04.png\" data-mk-image-src-set='{\"default\":\"https:\/\/www.medicusinfo.eu\/wp-content\/uploads\/2017\/10\/blue-basic-card.png\",\"2x\":\"\",\"mobile\":\"\",\"responsive\":\"true\"}' class=\"product-loop-image\" alt=\"Membership BLUE BASIC\" title=\"Membership BLUE BASIC\" itemprop=\"image\" \/><span class=\"product-loading-icon added-cart\"><\/span><\/a>\n\t\t<div class=\"product-item-footer without-rating\">\n\t\t\t\t\t\t<\/a><a rel=\"nofollow\" href=\"https:\/\/www.medicusinfo.eu\/de\/prodotto\/membership-blue-basic\/\" data-quantity=\"1\" data-product_id=\"5966\" data-product_sku=\"member_blue-1\" class=\"product_loop_button product_type_variable add_to_cart_button \" data-product_id=\"5966\" data-product_sku=\"member_blue-1\" aria-label=\"W\u00e4hle Optionen f\u00fcr \u201eMembership BLUE BASIC\u201c\" rel=\"nofollow\"><svg  class=\"mk-svg-icon\" data-name=\"mk-moon-cart-plus\" data-cacheid=\"icon-69ea54477d48d\" style=\" height:16px; width: 16px; \"  xmlns=\"http:\/\/www.w3.org\/2000\/svg\" viewBox=\"0 0 512 512\"><path d=\"M416 96h-272c-16.138 0-29.751 12.018-31.753 28.031l-28.496 227.969h-51.751c-17.673 0-32 14.327-32 32s14.327 32 32 32h80c16.138 0 29.751-12.017 31.753-28.031l28.496-227.969h219.613l57.369 200.791c4.854 16.993 22.567 26.832 39.56 21.978 16.993-4.855 26.833-22.567 21.978-39.56l-64-224c-3.925-13.737-16.482-23.209-30.769-23.209zm-288-80a48 48 2700 1 0 96 0 48 48 2700 1 0-96 0zm192 0a48 48 2700 1 0 96 0 48 48 2700 1 0-96 0zm64 240h-64v-64h-64v64h-64v64h64v64h64v-64h64z\" transform=\"scale(1 -1) translate(0 -480)\"\/><\/svg><span class=\"product_loop_button_text\">Select options<\/a>\t<\/div>\n<\/div>\n\t<a href=\"https:\/\/www.medicusinfo.eu\/de\/prodotto\/membership-blue-basic\/\" class=\"woocommerce-LoopProduct-link woocommerce-loop-product__link\">\n\t\t<div class=\"mk-shop-item-detail\">\n\t\t\t<h3 class=\"product-title\"><a href=\"https:\/\/www.medicusinfo.eu\/de\/prodotto\/membership-blue-basic\/\">Membership BLUE BASIC<\/a><\/h3>\n\t\t\t\n\t<span class=\"price\"><span class=\"woocommerce-Price-amount amount\"><bdi>150.00&nbsp;<span class=\"woocommerce-Price-currencySymbol\">&#67;&#72;&#70;<\/span><\/bdi><\/span> &ndash; <span class=\"woocommerce-Price-amount amount\"><bdi>300.00&nbsp;<span class=\"woocommerce-Price-currencySymbol\">&#67;&#72;&#70;<\/span><\/bdi><\/span><\/span>\n\n\t\t\t\t\t<\/div>\n<\/div>\n<\/article>\n\n<article class=\"item mk--col mk--col--3-12 product type-product post-2794 status-publish last instock product_cat-membership-card-de has-post-thumbnail sold-individually shipping-taxable purchasable product-type-variable\">\n<div class=\"mk-product-holder\">\n\t\t<div class=\"product-loop-thumb\">\n\t\t<a href=\"https:\/\/www.medicusinfo.eu\/de\/prodotto\/membership-blue-de\/\" class=\"product-link\"><img decoding=\"async\" src=\"https:\/\/www.medicusinfo.eu\/wp-content\/uploads\/bfi_thumb\/dummy-transparent-r6vjhx3rpllyho8noggxfpcyfarecedn1qj7odob24.png\" data-mk-image-src-set='{\"default\":\"https:\/\/www.medicusinfo.eu\/wp-content\/uploads\/2017\/10\/blue.png\",\"2x\":\"\",\"mobile\":\"\",\"responsive\":\"true\"}' class=\"product-loop-image\" alt=\"Membership BLUE\" title=\"Membership BLUE\" itemprop=\"image\" \/><span class=\"product-loading-icon added-cart\"><\/span><\/a>\n\t\t<div class=\"product-item-footer without-rating\">\n\t\t\t\t\t\t<\/a><a rel=\"nofollow\" href=\"https:\/\/www.medicusinfo.eu\/de\/prodotto\/membership-blue-de\/\" data-quantity=\"1\" data-product_id=\"2794\" data-product_sku=\"member_blue\" class=\"product_loop_button product_type_variable add_to_cart_button \" data-product_id=\"2794\" data-product_sku=\"member_blue\" aria-label=\"W\u00e4hle Optionen f\u00fcr \u201eMembership BLUE\u201c\" rel=\"nofollow\"><svg  class=\"mk-svg-icon\" data-name=\"mk-moon-cart-plus\" data-cacheid=\"icon-69ea54477f350\" style=\" height:16px; width: 16px; \"  xmlns=\"http:\/\/www.w3.org\/2000\/svg\" viewBox=\"0 0 512 512\"><path d=\"M416 96h-272c-16.138 0-29.751 12.018-31.753 28.031l-28.496 227.969h-51.751c-17.673 0-32 14.327-32 32s14.327 32 32 32h80c16.138 0 29.751-12.017 31.753-28.031l28.496-227.969h219.613l57.369 200.791c4.854 16.993 22.567 26.832 39.56 21.978 16.993-4.855 26.833-22.567 21.978-39.56l-64-224c-3.925-13.737-16.482-23.209-30.769-23.209zm-288-80a48 48 2700 1 0 96 0 48 48 2700 1 0-96 0zm192 0a48 48 2700 1 0 96 0 48 48 2700 1 0-96 0zm64 240h-64v-64h-64v64h-64v64h64v64h64v-64h64z\" transform=\"scale(1 -1) translate(0 -480)\"\/><\/svg><span class=\"product_loop_button_text\">Select options<\/a>\t<\/div>\n<\/div>\n\t<a href=\"https:\/\/www.medicusinfo.eu\/de\/prodotto\/membership-blue-de\/\" class=\"woocommerce-LoopProduct-link woocommerce-loop-product__link\">\n\t\t<div class=\"mk-shop-item-detail\">\n\t\t\t<h3 class=\"product-title\"><a href=\"https:\/\/www.medicusinfo.eu\/de\/prodotto\/membership-blue-de\/\">Membership BLUE<\/a><\/h3>\n\t\t\t\n\t<span class=\"price\"><span class=\"woocommerce-Price-amount amount\"><bdi>250.00&nbsp;<span class=\"woocommerce-Price-currencySymbol\">&#67;&#72;&#70;<\/span><\/bdi><\/span> &ndash; <span class=\"woocommerce-Price-amount amount\"><bdi>700.00&nbsp;<span class=\"woocommerce-Price-currencySymbol\">&#67;&#72;&#70;<\/span><\/bdi><\/span><\/span>\n\n\t\t\t\t\t<\/div>\n<\/div>\n<\/article>\n\n<article class=\"item mk--col mk--col--3-12 product type-product post-3788 status-publish instock product_cat-membership-card-de has-post-thumbnail sold-individually shipping-taxable purchasable product-type-simple\">\n<div class=\"mk-product-holder\">\n\t\t<div class=\"product-loop-thumb\">\n\t\t<a href=\"https:\/\/www.medicusinfo.eu\/de\/prodotto\/membership-business-de\/\" class=\"product-link\"><img decoding=\"async\" src=\"https:\/\/www.medicusinfo.eu\/wp-content\/uploads\/bfi_thumb\/dummy-transparent-r6vjhx3rrcrgdydpgjeuin7zoymcvojngr3o2ccn6y.png\" data-mk-image-src-set='{\"default\":\"https:\/\/www.medicusinfo.eu\/wp-content\/uploads\/2018\/04\/business_card.png\",\"2x\":\"\",\"mobile\":\"\",\"responsive\":\"true\"}' class=\"product-loop-image\" alt=\"Membership PLATINUM BUSINESS\" title=\"Membership PLATINUM BUSINESS\" itemprop=\"image\" \/><span class=\"product-loading-icon added-cart\"><\/span><\/a>\n\t\t<div class=\"product-item-footer without-rating\">\n\t\t\t\t\t\t<\/a><a rel=\"nofollow\" href=\"?add-to-cart=3788\" data-quantity=\"1\" data-product_id=\"3788\" data-product_sku=\"member_business\" class=\"product_loop_button product_type_simple add_to_cart_button ajax_add_to_cart\" data-product_id=\"3788\" data-product_sku=\"member_business\" aria-label=\"In den Warenkorb legen: \u201eMembership PLATINUM BUSINESS\u201c\" rel=\"nofollow\" data-success_message=\"\u201eMembership PLATINUM BUSINESS\u201c wurde deinem Warenkorb hinzugef\u00fcgt\"><svg  class=\"mk-svg-icon\" data-name=\"mk-moon-cart-plus\" data-cacheid=\"icon-69ea544781199\" style=\" height:16px; width: 16px; \"  xmlns=\"http:\/\/www.w3.org\/2000\/svg\" viewBox=\"0 0 512 512\"><path d=\"M416 96h-272c-16.138 0-29.751 12.018-31.753 28.031l-28.496 227.969h-51.751c-17.673 0-32 14.327-32 32s14.327 32 32 32h80c16.138 0 29.751-12.017 31.753-28.031l28.496-227.969h219.613l57.369 200.791c4.854 16.993 22.567 26.832 39.56 21.978 16.993-4.855 26.833-22.567 21.978-39.56l-64-224c-3.925-13.737-16.482-23.209-30.769-23.209zm-288-80a48 48 2700 1 0 96 0 48 48 2700 1 0-96 0zm192 0a48 48 2700 1 0 96 0 48 48 2700 1 0-96 0zm64 240h-64v-64h-64v64h-64v64h64v64h64v-64h64z\" transform=\"scale(1 -1) translate(0 -480)\"\/><\/svg><span class=\"product_loop_button_text\">Select options<\/a>\t<\/div>\n<\/div>\n\t<a href=\"https:\/\/www.medicusinfo.eu\/de\/prodotto\/membership-business-de\/\" class=\"woocommerce-LoopProduct-link woocommerce-loop-product__link\">\n\t\t<div class=\"mk-shop-item-detail\">\n\t\t\t<h3 class=\"product-title\"><a href=\"https:\/\/www.medicusinfo.eu\/de\/prodotto\/membership-business-de\/\">Membership PLATINUM BUSINESS<\/a><\/h3>\n\t\t\t\n\t<span class=\"price\"><span class=\"woocommerce-Price-amount amount\"><bdi>1'000.00&nbsp;<span class=\"woocommerce-Price-currencySymbol\">&#67;&#72;&#70;<\/span><\/bdi><\/span><\/span>\n\n\t\t\t\t\t<\/div>\n<\/div>\n<\/article>\n\n<article class=\"item mk--col mk--col--3-12 product type-product post-2793 status-publish instock product_cat-membership-card-de has-post-thumbnail sold-individually shipping-taxable purchasable product-type-variable has-default-attributes\">\n<div class=\"mk-product-holder\">\n\t\t<div class=\"product-loop-thumb\">\n\t\t<a href=\"https:\/\/www.medicusinfo.eu\/de\/prodotto\/membership-student-de\/\" class=\"product-link\"><img decoding=\"async\" src=\"https:\/\/www.medicusinfo.eu\/wp-content\/uploads\/bfi_thumb\/dummy-transparent-r6vjhx3roq18o1mgvlmjyq3l7mn8zvr5drr2e7lgn0.png\" data-mk-image-src-set='{\"default\":\"https:\/\/www.medicusinfo.eu\/wp-content\/uploads\/2017\/10\/student.png\",\"2x\":\"\",\"mobile\":\"\",\"responsive\":\"true\"}' class=\"product-loop-image\" alt=\"Membership STUDENT\" title=\"Membership STUDENT\" itemprop=\"image\" \/><span class=\"product-loading-icon added-cart\"><\/span><\/a>\n\t\t<div class=\"product-item-footer without-rating\">\n\t\t\t\t\t\t<\/a><a rel=\"nofollow\" href=\"https:\/\/www.medicusinfo.eu\/de\/prodotto\/membership-student-de\/\" data-quantity=\"1\" data-product_id=\"2793\" data-product_sku=\"member_student\" class=\"product_loop_button product_type_variable add_to_cart_button \" data-product_id=\"2793\" data-product_sku=\"member_student\" aria-label=\"W\u00e4hle Optionen f\u00fcr \u201eMembership STUDENT\u201c\" rel=\"nofollow\"><svg  class=\"mk-svg-icon\" data-name=\"mk-moon-cart-plus\" data-cacheid=\"icon-69ea544782ff1\" style=\" height:16px; width: 16px; \"  xmlns=\"http:\/\/www.w3.org\/2000\/svg\" viewBox=\"0 0 512 512\"><path d=\"M416 96h-272c-16.138 0-29.751 12.018-31.753 28.031l-28.496 227.969h-51.751c-17.673 0-32 14.327-32 32s14.327 32 32 32h80c16.138 0 29.751-12.017 31.753-28.031l28.496-227.969h219.613l57.369 200.791c4.854 16.993 22.567 26.832 39.56 21.978 16.993-4.855 26.833-22.567 21.978-39.56l-64-224c-3.925-13.737-16.482-23.209-30.769-23.209zm-288-80a48 48 2700 1 0 96 0 48 48 2700 1 0-96 0zm192 0a48 48 2700 1 0 96 0 48 48 2700 1 0-96 0zm64 240h-64v-64h-64v64h-64v64h64v64h64v-64h64z\" transform=\"scale(1 -1) translate(0 -480)\"\/><\/svg><span class=\"product_loop_button_text\">Select options<\/a>\t<\/div>\n<\/div>\n\t<a href=\"https:\/\/www.medicusinfo.eu\/de\/prodotto\/membership-student-de\/\" class=\"woocommerce-LoopProduct-link woocommerce-loop-product__link\">\n\t\t<div class=\"mk-shop-item-detail\">\n\t\t\t<h3 class=\"product-title\"><a href=\"https:\/\/www.medicusinfo.eu\/de\/prodotto\/membership-student-de\/\">Membership STUDENT<\/a><\/h3>\n\t\t\t\n\t<span class=\"price\"><span class=\"woocommerce-Price-amount amount\"><bdi>150.00&nbsp;<span class=\"woocommerce-Price-currencySymbol\">&#67;&#72;&#70;<\/span><\/bdi><\/span> &ndash; <span class=\"woocommerce-Price-amount amount\"><bdi>650.00&nbsp;<span class=\"woocommerce-Price-currencySymbol\">&#67;&#72;&#70;<\/span><\/bdi><\/span><\/span>\n\n\t\t\t\t\t<\/div>\n<\/div>\n<\/article>\n\t<\/section>\n<\/div>\n<\/div>[\/vc_column][\/vc_row]\n<\/div>","protected":false},"excerpt":{"rendered":"<p>[vc_row][vc_column][mk_fancy_title font_family=&#8220;none&#8220;] PR\u00c4SENTIEREN SIE EIN NEUES MITGLIED [\/mk_fancy_title][mk_image src=&#8220;https:\/\/www.medicusinfo.eu\/wp-content\/uploads\/2019\/07\/depositphotos_204520214_s-2019.jpg&#8220; image_size=&#8220;full&#8220;][mk_padding_divider size=&#8220;50&#8243;][vc_column_text css=&#8220;.vc_custom_1563462005893{margin-bottom: 0px !important;}&#8220;] ER erh\u00e4lt 10% Rabatt auf das Abonnement einer Mitgliedskarte Drei Jahre MedicusInfo BLUE, PLATINUM oder PLATINUM BUSINESS [\/vc_column_text][mk_padding_divider][vc_column_text css=&#8220;.vc_custom_1563461989015{margin-bottom: 0px !important;}&#8220;] UND SIE &#8230; F\u00fcr jede Person, die Sie pr\u00e4sentieren und die sich f\u00fcr eine Karte anmeldet, erhalten Sie 10% * [&hellip;]<\/p>\n","protected":false},"author":1,"featured_media":0,"parent":0,"menu_order":0,"comment_status":"closed","ping_status":"closed","template":"","meta":{"_acf_changed":false,"footnotes":""},"class_list":["post-13085","page","type-page","status-publish","hentry"],"acf":[],"aioseo_notices":[],"_links":{"self":[{"href":"https:\/\/www.medicusinfo.eu\/de\/wp-json\/wp\/v2\/pages\/13085","targetHints":{"allow":["GET"]}}],"collection":[{"href":"https:\/\/www.medicusinfo.eu\/de\/wp-json\/wp\/v2\/pages"}],"about":[{"href":"https:\/\/www.medicusinfo.eu\/de\/wp-json\/wp\/v2\/types\/page"}],"author":[{"embeddable":true,"href":"https:\/\/www.medicusinfo.eu\/de\/wp-json\/wp\/v2\/users\/1"}],"replies":[{"embeddable":true,"href":"https:\/\/www.medicusinfo.eu\/de\/wp-json\/wp\/v2\/comments?post=13085"}],"version-history":[{"count":0,"href":"https:\/\/www.medicusinfo.eu\/de\/wp-json\/wp\/v2\/pages\/13085\/revisions"}],"wp:attachment":[{"href":"https:\/\/www.medicusinfo.eu\/de\/wp-json\/wp\/v2\/media?parent=13085"}],"curies":[{"name":"wp","href":"https:\/\/api.w.org\/{rel}","templated":true}]}}