{"id":1465,"date":"2017-06-09T16:38:32","date_gmt":"2017-06-09T14:38:32","guid":{"rendered":"http:\/\/www.medicusinfo.eu\/de\/?page_id=1465"},"modified":"2018-04-17T11:23:34","modified_gmt":"2018-04-17T09:23:34","slug":"ueber-uns","status":"publish","type":"page","link":"https:\/\/www.medicusinfo.eu\/de\/ueber-uns\/","title":{"rendered":"\u00dcber uns"},"content":{"rendered":"<div class=\"wpb-content-wrapper\">[vc_row fullwidth=&#8220;true&#8220;][vc_column][vc_single_image image=&#8220;745&#8243; img_size=&#8220;full&#8220; alignment=&#8220;center&#8220;][\/vc_column][\/vc_row][vc_row][vc_column][mk_padding_divider size=&#8220;50&#8243; visibility=&#8220;hidden-sm&#8220;][mk_fancy_title color=&#8220;#433d60&#8243; size=&#8220;31&#8243; font_weight=&#8220;300&#8243; txt_transform=&#8220;uppercase&#8220; font_family=&#8220;none&#8220;]\n<h6 id=\"fancy-title-4\" class=\"mk-fancy-title simple-style color-single\">CLAUDE DREIFUSS ET CIE SA<\/h6>\n[\/mk_fancy_title][vc_column_text]MedicusInfo ist ein Markenzeichen der Claude Dreifuss et Cie SA, mit dem wir den Angeh\u00f6rigen des Gesundheitswesens in der Schweiz exklusive und zurzeit nicht anderweitig erh\u00e4ltliche Produkte und Leistungen anbieten.<\/p>\n<p>&nbsp;<\/p>\n<p>Wir bieten eine Mitgliedskarte in drei zur Wahl stehenden Versionen an sowie auf Wunsch zus\u00e4tzlich, in Zusammenarbeit mit der Corn\u00e8r Bank AG, eine exklusive Kreditkarte der Marke MedicusInfo, die nicht nur die Mitgliedschaft des Inhabers nachweist und ihm die entsprechenden Vorteile sichert, sondern auch Sonderbedingungen bietet, wie beispielsweise individuell zugeschnittene Versicherungen, exklusive Beratung in Versicherungsfragen, Rabatte auf G\u00fcter und Leistungen f\u00fcr den beruflichen Bedarf und vieles weitere mehr.<\/p>\n<p>&nbsp;<\/p>\n<p>Wir sind stets auf der Suche nach neuen Vorteilen f\u00fcr unsere Mitglieder. Zu diesem Zweck stehen wir im Dialog mit den Branchenverb\u00e4nden und analysieren das von unseren Mitgliedern erhaltene Feedback.<\/p>\n<p>&nbsp;<\/p>\n<p>Durch eine Mitgliedskarte PLATINUM, BLUE, STUDENT oder eine Kreditkarte Corn\u00e8rcard MedicusInfo Visa oder Mastercard\u00ae treten Sie einem Netzwerk bei, das sich ganz Ihrem Beruf verschrieben hat.<\/p>\n<p>&nbsp;<\/p>\n<p>Unsere Kreditkarten sind nicht auf das MedicusInfo-System beschr\u00e4nkt, sondern erlauben auch die 100 %ige Nutzung f\u00fcr pers\u00f6nliche Eink\u00e4ufe.[\/vc_column_text][\/vc_column][\/vc_row][vc_row][vc_column][mk_divider style=&#8220;thin_solid&#8220; margin_top=&#8220;100&#8243; margin_bottom=&#8220;50&#8243;][mk_fancy_title color=&#8220;#433d60&#8243; size=&#8220;31&#8243; font_weight=&#8220;300&#8243; margin_top=&#8220;50&#8243; font_family=&#8220;none&#8220; align=&#8220;center&#8220;]\n<h3>Unsere Partner<\/h3>\n[\/mk_fancy_title][mk_clients style=&#8220;column&#8220; border_style=&#8220;opened_edges&#8220; column=&#8220;5&#8243; count=&#8220;-1&#8243; height=&#8220;250&#8243; autoplay=&#8220;false&#8220; target=&#8220;_blank&#8220; margin_bottom=&#8220;50&#8243;][\/vc_column][\/vc_row]\n<\/div>","protected":false},"excerpt":{"rendered":"<p>[vc_row fullwidth=&#8220;true&#8220;][vc_column][vc_single_image image=&#8220;745&#8243; img_size=&#8220;full&#8220; alignment=&#8220;center&#8220;][\/vc_column][\/vc_row][vc_row][vc_column][mk_padding_divider size=&#8220;50&#8243; visibility=&#8220;hidden-sm&#8220;][mk_fancy_title color=&#8220;#433d60&#8243; size=&#8220;31&#8243; font_weight=&#8220;300&#8243; txt_transform=&#8220;uppercase&#8220; font_family=&#8220;none&#8220;] CLAUDE DREIFUSS ET CIE SA [\/mk_fancy_title][vc_column_text]MedicusInfo ist ein Markenzeichen der Claude Dreifuss et Cie SA, mit dem wir den Angeh\u00f6rigen des Gesundheitswesens in der Schweiz exklusive und zurzeit nicht anderweitig erh\u00e4ltliche Produkte und Leistungen anbieten. &nbsp; Wir bieten eine Mitgliedskarte in drei zur [&hellip;]<\/p>\n","protected":false},"author":1,"featured_media":0,"parent":0,"menu_order":65,"comment_status":"closed","ping_status":"closed","template":"","meta":{"_acf_changed":false,"footnotes":""},"class_list":["post-1465","page","type-page","status-publish","hentry"],"acf":[],"aioseo_notices":[],"_links":{"self":[{"href":"https:\/\/www.medicusinfo.eu\/de\/wp-json\/wp\/v2\/pages\/1465","targetHints":{"allow":["GET"]}}],"collection":[{"href":"https:\/\/www.medicusinfo.eu\/de\/wp-json\/wp\/v2\/pages"}],"about":[{"href":"https:\/\/www.medicusinfo.eu\/de\/wp-json\/wp\/v2\/types\/page"}],"author":[{"embeddable":true,"href":"https:\/\/www.medicusinfo.eu\/de\/wp-json\/wp\/v2\/users\/1"}],"replies":[{"embeddable":true,"href":"https:\/\/www.medicusinfo.eu\/de\/wp-json\/wp\/v2\/comments?post=1465"}],"version-history":[{"count":0,"href":"https:\/\/www.medicusinfo.eu\/de\/wp-json\/wp\/v2\/pages\/1465\/revisions"}],"wp:attachment":[{"href":"https:\/\/www.medicusinfo.eu\/de\/wp-json\/wp\/v2\/media?parent=1465"}],"curies":[{"name":"wp","href":"https:\/\/api.w.org\/{rel}","templated":true}]}}