{"id":1474,"date":"2017-06-09T17:08:01","date_gmt":"2017-06-09T15:08:01","guid":{"rendered":"http:\/\/www.medicusinfo.eu\/de\/?page_id=1474"},"modified":"2018-11-12T10:36:47","modified_gmt":"2018-11-12T09:36:47","slug":"member-area","status":"publish","type":"page","link":"https:\/\/www.medicusinfo.eu\/de\/member-area\/","title":{"rendered":"Member Area"},"content":{"rendered":"<div class=\"wpb-content-wrapper\">[vc_row fullwidth=&#8220;true&#8220;][vc_column][vc_single_image image=&#8220;870&#8243; img_size=&#8220;full&#8220; alignment=&#8220;center&#8220;][\/vc_column][\/vc_row][vc_row][vc_column][mk_padding_divider size=&#8220;150&#8243;][mk_fancy_title color=&#8220;#433d60&#8243; size=&#8220;31&#8243; font_weight=&#8220;300&#8243; txt_transform=&#8220;uppercase&#8220; font_family=&#8220;none&#8220;]<span id=\"result_box\" class=\"short_text\" lang=\"de\"><span class=\"\">DIE NEUESTEN KONVENTIONEN<\/span><\/span>[\/mk_fancy_title][mk_button dimension=&#8220;outline&#8220; size=&#8220;large&#8220; url=&#8220;http:\/\/www.medicusinfo.eu\/de\/vereinbarungen\/&#8220; margin_bottom=&#8220;20&#8243; margin_right=&#8220;50&#8243; outline_skin=&#8220;custom&#8220; outline_active_color=&#8220;#1488c8&#8243; outline_active_text_color=&#8220;#1488c8&#8243; outline_hover_bg_color=&#8220;#1488c8&#8243; outline_hover_color=&#8220;#ffffff&#8220;]Zeigt alle Konventionen<br \/>\n[\/mk_button][mk_padding_divider size=&#8220;50&#8243;][vc_basic_grid post_type=&#8220;post&#8220; max_items=&#8220;6&#8243; style=&#8220;lazy&#8220; items_per_page=&#8220;6&#8243; element_width=&#8220;2&#8243; item=&#8220;6734&#8243; grid_id=&#8220;vc_gid:1542015277156-400dc72a-63bf-1&#8243; taxonomies=&#8220;10, 12&#8243;][mk_padding_divider size=&#8220;50&#8243;][\/vc_column][vc_column][mk_fancy_title color=&#8220;#433d60&#8243; size=&#8220;31&#8243; font_weight=&#8220;300&#8243; txt_transform=&#8220;uppercase&#8220; font_family=&#8220;none&#8220;]<span id=\"result_box\" class=\"short_text\" lang=\"de\"><span class=\"\"><span id=\"result_box\" class=\"\" lang=\"de\">RESERVIERTER BEREICH<\/span><\/span><\/span>[\/mk_fancy_title][vc_column_text]<span id=\"result_box\" class=\"\" lang=\"de\"><span class=\"\">Einige <strong>Konventionen<\/strong> erfordern einen privaten Zugriff, da sie vertrauliche Daten enthalten, die der Partner nicht mit Nichtmitgliedern teilen m\u00f6chte.<\/span><\/span>[\/vc_column_text][mk_button dimension=&#8220;outline&#8220; size=&#8220;large&#8220; url=&#8220;http:\/\/www.medicusinfo.eu\/de\/reservierter-bereich\/&#8220; margin_bottom=&#8220;20&#8243; margin_right=&#8220;50&#8243; outline_skin=&#8220;custom&#8220; outline_active_color=&#8220;#1488c8&#8243; outline_active_text_color=&#8220;#1488c8&#8243; outline_hover_bg_color=&#8220;#1488c8&#8243; outline_hover_color=&#8220;#ffffff&#8220;]Gehe in den reservierter Bereich<br \/>\n[\/mk_button][mk_padding_divider size=&#8220;50&#8243;][vc_basic_grid post_type=&#8220;post&#8220; max_items=&#8220;8&#8243; style=&#8220;lazy&#8220; items_per_page=&#8220;8&#8243; element_width=&#8220;3&#8243; item=&#8220;6734&#8243; grid_id=&#8220;vc_gid:1542015277163-1bba723a-b456-1&#8243; taxonomies=&#8220;101&#8243;][mk_padding_divider size=&#8220;150&#8243;][mk_fancy_title color=&#8220;#433d60&#8243; size=&#8220;31&#8243; font_weight=&#8220;300&#8243; txt_transform=&#8220;uppercase&#8220; font_family=&#8220;none&#8220;]<span id=\"result_box\" class=\"short_text\" lang=\"de\"><span class=\"\"><span id=\"result_box\" class=\"\" lang=\"de\">Bevorzugte Partnergarage<\/span><\/span><\/span>[\/mk_fancy_title][vc_basic_grid post_type=&#8220;post&#8220; max_items=&#8220;12&#8243; style=&#8220;lazy&#8220; items_per_page=&#8220;6&#8243; element_width=&#8220;2&#8243; item=&#8220;6734&#8243; grid_id=&#8220;vc_gid:1542015277166-3186bbb9-00d1-7&#8243; taxonomies=&#8220;110&#8243;][mk_button dimension=&#8220;outline&#8220; size=&#8220;large&#8220; url=&#8220;http:\/\/www.medicusinfo.eu\/de\/category\/garage-de\/&#8220; margin_bottom=&#8220;20&#8243; margin_right=&#8220;50&#8243; outline_skin=&#8220;custom&#8220; outline_active_color=&#8220;#1488c8&#8243; outline_active_text_color=&#8220;#1488c8&#8243; outline_hover_bg_color=&#8220;#1488c8&#8243; outline_hover_color=&#8220;#ffffff&#8220;]Gehe zur kompletten Liste der Garagen<br \/>\n[\/mk_button][\/vc_column][\/vc_row][vc_row][vc_column width=&#8220;1\/2&#8243;][mk_padding_divider size=&#8220;50&#8243; visibility=&#8220;hidden-sm&#8220;][mk_fancy_title color=&#8220;#433d60&#8243; size=&#8220;31&#8243; font_weight=&#8220;300&#8243; txt_transform=&#8220;uppercase&#8220; font_family=&#8220;none&#8220;]Beratung anfordern[\/mk_fancy_title][vc_column_text]\n<h4>Rechtsberatung<\/h4>\n<p>M\u00f6glichkeit, eine Rechtsberatung von Branchenexperten in Anspruch zu nehmen, wobei der erste Beratungstermin kostenlos ist.<\/p>\n<p>Dazu kommen Rabatte und erhebliche Verg\u00fcnstigungen auf weiteren Beratungen oder vertieften Abkl\u00e4rungen von spezifischen F\u00e4llen.<\/p>\n<p>F\u00fcllen Sie das Antragsformular vollst\u00e4ndig aus und senden Sie es zusammen mit allf\u00e4lligen Dokumenten, die f\u00fcr den Antrag wichtig sind, zu.[\/vc_column_text][mk_padding_divider size=&#8220;20&#8243;][vc_column_text]\n<h4>Steuerberatung<\/h4>\n<p>M\u00f6glichkeit, eine Steuerberatung von Branchenexperten in Anspruch zu nehmen, wobei der erste Beratungstermin v\u00f6llig kostenlos ist.<\/p>\n<p>Auch in diesem Fall profitieren Sie mit einer Mitgliedschaft bei MedicusInfo von Rabatten und erheblichen Verg\u00fcnstigungen auf weiteren Beratungen oder vertieften Abkl\u00e4rungen von spezifischen F\u00e4llen.<\/p>\n<p>F\u00fcllen Sie das Antragsformular vollst\u00e4ndig aus und senden Sie es zusammen mit allf\u00e4lligen Dokumenten, die f\u00fcr den Antrag wichtig sind, zu.[\/vc_column_text][mk_padding_divider size=&#8220;20&#8243;][vc_column_text]\n<h4>Versicherungsberatung<\/h4>\n<p>Fordern Sie jetzt eine pers\u00f6nliche Versicherungsberatung f\u00fcr Mitglieder von MedicusInfo an.<\/p>\n<p>Entdecken Sie, wie Sie bei Ihrer Police sparen k\u00f6nnen, mit gleicher oder h\u00f6herer Deckung und in den meisten F\u00e4llen auch bei Ihrer bestehenden Versicherungsgesellschaft.<\/p>\n<p>F\u00fcllen Sie das Antragsformular vollst\u00e4ndig aus und legen Sie Ihre aktuellen Policen bei. So sind Sie sicher, dass Sie die gleichen oder gar besseren Konditionen und Deckungen erhalten werden. Wir werden Ihnen umgehend die besten Angebote im Versicherungsmarkt zukommen lassen.[\/vc_column_text][\/vc_column][vc_column width=&#8220;1\/2&#8243;][mk_padding_divider size=&#8220;50&#8243; visibility=&#8220;hidden-sm&#8220;][vc_column_text]F\u00fcllen Sie das Antragsformular vollst\u00e4ndig aus oder laden Sie es herunter und senden Sie es uns per E-Mail oder Post.[\/vc_column_text]\n<div class=\"wpcf7 no-js\" id=\"wpcf7-f1421-o1\" lang=\"it-IT\" dir=\"ltr\" data-wpcf7-id=\"1421\">\n<div class=\"screen-reader-response\"><p role=\"status\" aria-live=\"polite\" aria-atomic=\"true\"><\/p> <ul><\/ul><\/div>\n<form action=\"\/de\/wp-json\/wp\/v2\/pages\/1474#wpcf7-f1421-o1\" method=\"post\" class=\"wpcf7-form init\" aria-label=\"Modulo di contatto\" enctype=\"multipart\/form-data\" novalidate=\"novalidate\" data-status=\"init\">\n<div style=\"display: none;\">\n<input type=\"hidden\" name=\"_wpcf7\" value=\"1421\" \/>\n<input type=\"hidden\" name=\"_wpcf7_version\" value=\"6.0.6\" \/>\n<input type=\"hidden\" name=\"_wpcf7_locale\" value=\"it_IT\" \/>\n<input type=\"hidden\" name=\"_wpcf7_unit_tag\" value=\"wpcf7-f1421-o1\" \/>\n<input type=\"hidden\" name=\"_wpcf7_container_post\" value=\"0\" \/>\n<input type=\"hidden\" name=\"_wpcf7_posted_data_hash\" value=\"\" \/>\n<input type=\"hidden\" name=\"_wpcf7_recaptcha_response\" value=\"\" \/>\n<\/div>\n<p><label> Name*<br \/>\n<span class=\"wpcf7-form-control-wrap\" data-name=\"your-name\"><input size=\"40\" maxlength=\"400\" class=\"wpcf7-form-control wpcf7-text wpcf7-validates-as-required\" aria-required=\"true\" aria-invalid=\"false\" value=\"\" type=\"text\" name=\"your-name\" \/><\/span> <\/label>\n<\/p>\n<p><label> Nachname*<br \/>\n<span class=\"wpcf7-form-control-wrap\" data-name=\"Cognome\"><input size=\"40\" maxlength=\"400\" class=\"wpcf7-form-control wpcf7-text wpcf7-validates-as-required\" aria-required=\"true\" aria-invalid=\"false\" value=\"\" type=\"text\" name=\"Cognome\" \/><\/span> <\/label>\n<\/p>\n<p><label> # Mitgliedsnummer*<br \/>\n<span class=\"wpcf7-form-control-wrap\" data-name=\"number-188\"><input class=\"wpcf7-form-control wpcf7-number wpcf7-validates-as-required wpcf7-validates-as-number\" min=\"0000000000000\" max=\"9999999999999\" aria-required=\"true\" aria-invalid=\"false\" value=\"\" type=\"number\" name=\"number-188\" \/><\/span> <\/label>\n<\/p>\n<p><label> E-mail*<br \/>\n<span class=\"wpcf7-form-control-wrap\" data-name=\"your-email\"><input size=\"40\" maxlength=\"400\" class=\"wpcf7-form-control wpcf7-email wpcf7-validates-as-required wpcf7-text wpcf7-validates-as-email\" aria-required=\"true\" aria-invalid=\"false\" value=\"\" type=\"email\" name=\"your-email\" \/><\/span> <\/label>\n<\/p>\n<p><label> Telefon*<br \/>\n<span class=\"wpcf7-form-control-wrap\" data-name=\"tel-363\"><input size=\"40\" maxlength=\"400\" class=\"wpcf7-form-control wpcf7-tel wpcf7-validates-as-required wpcf7-text wpcf7-validates-as-tel\" aria-required=\"true\" aria-invalid=\"false\" value=\"\" type=\"tel\" name=\"tel-363\" \/><\/span> <\/label>\n<\/p>\n<p>Sector*: <span class=\"wpcf7-form-control-wrap\" data-name=\"radio-302\"><span class=\"wpcf7-form-control wpcf7-radio\"><span class=\"wpcf7-list-item first\"><span class=\"wpcf7-list-item-label\">Legal<\/span><input type=\"radio\" name=\"radio-302\" value=\"Legal\" checked=\"checked\" \/><\/span><span class=\"wpcf7-list-item\"><span class=\"wpcf7-list-item-label\">Steuer<\/span><input type=\"radio\" name=\"radio-302\" value=\"Steuer\" \/><\/span><span class=\"wpcf7-list-item last\"><span class=\"wpcf7-list-item-label\">Versicherung<\/span><input type=\"radio\" name=\"radio-302\" value=\"Versicherung\" \/><\/span><\/span><\/span>\n<\/p>\n<p><label> Message*<br \/>\n<span class=\"wpcf7-form-control-wrap\" data-name=\"your-message\"><textarea cols=\"40\" rows=\"10\" maxlength=\"2000\" class=\"wpcf7-form-control wpcf7-textarea wpcf7-validates-as-required\" aria-required=\"true\" aria-invalid=\"false\" name=\"your-message\"><\/textarea><\/span> <\/label>\n<\/p>\n<p><label> Anh\u00e4ngen von Dateien*<br \/>\n<span class=\"wpcf7-form-control-wrap\" data-name=\"file-976\"><input size=\"40\" class=\"wpcf7-form-control wpcf7-file\" accept=\".pdf,.jpg,.doc,.xls,.bmp,.txt\" aria-invalid=\"false\" type=\"file\" name=\"file-976\" \/><\/span> <\/label>\n<\/p>\n<p><span class=\"wpcf7-form-control-wrap\" data-name=\"acceptance-438\"><span class=\"wpcf7-form-control wpcf7-acceptance\"><span class=\"wpcf7-list-item\"><input type=\"checkbox\" name=\"acceptance-438\" value=\"1\" checked=\"checked\" aria-invalid=\"false\" \/><\/span><\/span><\/span> Ich stimme mit Bezug nur mit MedicusInfo der notwendigen Informationen zu teilen, um die spezifischen Anfrage\n<\/p>\n<p><input class=\"wpcf7-form-control wpcf7-submit has-spinner\" type=\"submit\" value=\"Senden\" \/>\n<\/p>\n<p>*Pflichtfeld\n<\/p><p style=\"display: none !important;\" class=\"akismet-fields-container\" data-prefix=\"_wpcf7_ak_\"><label>&#916;<textarea name=\"_wpcf7_ak_hp_textarea\" cols=\"45\" rows=\"8\" maxlength=\"100\"><\/textarea><\/label><input type=\"hidden\" id=\"ak_js_1\" name=\"_wpcf7_ak_js\" value=\"180\"\/><script>document.getElementById( \"ak_js_1\" ).setAttribute( \"value\", ( new Date() ).getTime() );<\/script><\/p><input type='hidden' class='wpcf7-pum' value='{\"closepopup\":false,\"closedelay\":0,\"openpopup\":false,\"openpopup_id\":0}' \/><div class=\"wpcf7-response-output\" aria-hidden=\"true\"><\/div>\n<\/form>\n<\/div>\n[vc_column_text]\n<h4><span id=\"result_box\" class=\"short_text\" lang=\"de\"><span class=\"alt-edited\">Formulare zum Download<\/span><\/span><\/h4>\n[\/vc_column_text][mk_padding_divider size=&#8220;50&#8243; visibility=&#8220;hidden-sm&#8220;][vc_column_text]Versicherungs:[\/vc_column_text][mk_button dimension=&#8220;outline&#8220; size=&#8220;large&#8220; url=&#8220;http:\/\/www.medicusinfo.eu\/wp-content\/uploads\/2017\/02\/formulario-richiesta-offerta-privato.pdf&#8220; target=&#8220;_blank&#8220; margin_bottom=&#8220;20&#8243; margin_right=&#8220;50&#8243; outline_skin=&#8220;custom&#8220; outline_active_color=&#8220;#1488c8&#8243; outline_active_text_color=&#8220;#1488c8&#8243; outline_hover_bg_color=&#8220;#1488c8&#8243; outline_hover_color=&#8220;#ffffff&#8220;]Private Nachfrage[\/mk_button][mk_button dimension=&#8220;outline&#8220; size=&#8220;large&#8220; url=&#8220;http:\/\/www.medicusinfo.eu\/wp-content\/uploads\/2017\/02\/formulario-richiesta-offerta-azienda.pdf&#8220; target=&#8220;_blank&#8220; margin_bottom=&#8220;40&#8243; margin_right=&#8220;50&#8243; outline_skin=&#8220;custom&#8220; outline_active_color=&#8220;#1488c8&#8243; outline_active_text_color=&#8220;#1488c8&#8243; outline_hover_bg_color=&#8220;#1488c8&#8243; outline_hover_color=&#8220;#ffffff&#8220;]Firmenanforderung[\/mk_button][mk_padding_divider size=&#8220;50&#8243; visibility=&#8220;hidden-sm&#8220;][vc_column_text]<strong>Senden Sie den Fragebogen an:<\/strong><\/p>\n<p>MEDICUSINFO<br \/>\nC\/o Claude Dreifuss et Cie SA<br \/>\nVia al Mulino 22<br \/>\n6814 Cadempino TI<br \/>\nSchweiz<\/p>\n<p><strong>oder per E-Mail an:<br \/>\n<\/strong><a href=\"mailto:info@medicusinfo.eu\">info@medicusinfo.eu<\/a>[\/vc_column_text][mk_divider style=&#8220;thin_solid&#8220; margin_bottom=&#8220;50&#8243;][mk_fancy_title color=&#8220;#433d60&#8243; size=&#8220;31&#8243; font_weight=&#8220;300&#8243; txt_transform=&#8220;uppercase&#8220; font_family=&#8220;none&#8220;]\n<h4>Partner<\/h4>\n[\/mk_fancy_title][vc_single_image image=&#8220;723&#8243; img_size=&#8220;227&#215;40&#8243;][\/vc_column][\/vc_row][vc_row fullwidth=&#8220;true&#8220;][vc_column][mk_padding_divider size=&#8220;150&#8243;][\/vc_column][\/vc_row][vc_row][vc_column][mk_fancy_title color=&#8220;#433d60&#8243; size=&#8220;31&#8243; font_weight=&#8220;300&#8243; margin_top=&#8220;50&#8243; font_family=&#8220;none&#8220; align=&#8220;center&#8220;]\n<h3>Unsere Partner<\/h3>\n[\/mk_fancy_title][mk_clients style=&#8220;column&#8220; border_style=&#8220;opened_edges&#8220; column=&#8220;5&#8243; count=&#8220;-1&#8243; height=&#8220;250&#8243; autoplay=&#8220;false&#8220; target=&#8220;_blank&#8220; margin_bottom=&#8220;50&#8243;][\/vc_column][\/vc_row]\n<\/div>","protected":false},"excerpt":{"rendered":"<p>[vc_row fullwidth=&#8220;true&#8220;][vc_column][vc_single_image image=&#8220;870&#8243; img_size=&#8220;full&#8220; alignment=&#8220;center&#8220;][\/vc_column][\/vc_row][vc_row][vc_column][mk_padding_divider size=&#8220;150&#8243;][mk_fancy_title color=&#8220;#433d60&#8243; size=&#8220;31&#8243; font_weight=&#8220;300&#8243; txt_transform=&#8220;uppercase&#8220; font_family=&#8220;none&#8220;]DIE NEUESTEN KONVENTIONEN[\/mk_fancy_title][mk_button dimension=&#8220;outline&#8220; size=&#8220;large&#8220; url=&#8220;http:\/\/www.medicusinfo.eu\/de\/vereinbarungen\/&#8220; margin_bottom=&#8220;20&#8243; margin_right=&#8220;50&#8243; outline_skin=&#8220;custom&#8220; outline_active_color=&#8220;#1488c8&#8243; outline_active_text_color=&#8220;#1488c8&#8243; outline_hover_bg_color=&#8220;#1488c8&#8243; outline_hover_color=&#8220;#ffffff&#8220;]Zeigt alle Konventionen [\/mk_button][mk_padding_divider size=&#8220;50&#8243;][vc_basic_grid post_type=&#8220;post&#8220; max_items=&#8220;6&#8243; style=&#8220;lazy&#8220; items_per_page=&#8220;6&#8243; element_width=&#8220;2&#8243; item=&#8220;6734&#8243; grid_id=&#8220;vc_gid:1542015277156-400dc72a-63bf-1&#8243; taxonomies=&#8220;10, 12&#8243;][mk_padding_divider size=&#8220;50&#8243;][\/vc_column][vc_column][mk_fancy_title color=&#8220;#433d60&#8243; size=&#8220;31&#8243; font_weight=&#8220;300&#8243; txt_transform=&#8220;uppercase&#8220; font_family=&#8220;none&#8220;]RESERVIERTER BEREICH[\/mk_fancy_title][vc_column_text]Einige Konventionen erfordern einen privaten Zugriff, da sie vertrauliche Daten enthalten, die der [&hellip;]<\/p>\n","protected":false},"author":1,"featured_media":0,"parent":0,"menu_order":62,"comment_status":"closed","ping_status":"closed","template":"","meta":{"_acf_changed":false,"footnotes":""},"class_list":["post-1474","page","type-page","status-publish","hentry"],"acf":[],"aioseo_notices":[],"_links":{"self":[{"href":"https:\/\/www.medicusinfo.eu\/de\/wp-json\/wp\/v2\/pages\/1474","targetHints":{"allow":["GET"]}}],"collection":[{"href":"https:\/\/www.medicusinfo.eu\/de\/wp-json\/wp\/v2\/pages"}],"about":[{"href":"https:\/\/www.medicusinfo.eu\/de\/wp-json\/wp\/v2\/types\/page"}],"author":[{"embeddable":true,"href":"https:\/\/www.medicusinfo.eu\/de\/wp-json\/wp\/v2\/users\/1"}],"replies":[{"embeddable":true,"href":"https:\/\/www.medicusinfo.eu\/de\/wp-json\/wp\/v2\/comments?post=1474"}],"version-history":[{"count":0,"href":"https:\/\/www.medicusinfo.eu\/de\/wp-json\/wp\/v2\/pages\/1474\/revisions"}],"wp:attachment":[{"href":"https:\/\/www.medicusinfo.eu\/de\/wp-json\/wp\/v2\/media?parent=1474"}],"curies":[{"name":"wp","href":"https:\/\/api.w.org\/{rel}","templated":true}]}}