{"id":1475,"date":"2017-06-09T17:04:49","date_gmt":"2017-06-09T15:04:49","guid":{"rendered":"http:\/\/www.medicusinfo.eu\/de\/?page_id=1475"},"modified":"2019-02-18T10:27:20","modified_gmt":"2019-02-18T09:27:20","slug":"unsere-karten","status":"publish","type":"page","link":"https:\/\/www.medicusinfo.eu\/de\/unsere-karten\/","title":{"rendered":"Unsere Kreditkarten"},"content":{"rendered":"<div class=\"wpb-content-wrapper\">[vc_row fullwidth=&#8220;true&#8220;][vc_column][vc_single_image image=&#8220;864&#8243; img_size=&#8220;full&#8220; alignment=&#8220;center&#8220;][\/vc_column][\/vc_row][vc_row fullwidth=&#8220;true&#8220; css=&#8220;.vc_custom_1490976579077{background-color: #ffffff !important;background-position: center !important;background-repeat: no-repeat !important;background-size: cover !important;}&#8220;][vc_column][mk_padding_divider size=&#8220;10&#8243; visibility=&#8220;hidden-sm&#8220;][\/vc_column][\/vc_row][vc_row][vc_column][mk_fancy_title color=&#8220;#433d60&#8243; size=&#8220;31&#8243; font_weight=&#8220;300&#8243; txt_transform=&#8220;uppercase&#8220; font_family=&#8220;none&#8220;]\n<h6>\u00dcbersicht \u00fcber die Leistungen<\/h6>\n[\/mk_fancy_title][vc_column_text]\n<h4 style=\"text-align: center;\">Kreditkarte Corn\u00e8rcard MedicusInfo Visa oder Mastercard\u00ae<\/h4>\n<h4 style=\"text-align: center;\">Unsere Mitgliedskarte mit Zahlungsfunktion<\/h4>\n<p style=\"text-align: center;\">Sie haben die Wahl zwischen Visa und Mastercard \u00ae.<\/p>\n[\/vc_column_text][mk_padding_divider size=&#8220;20&#8243;][\/vc_column][\/vc_row][vc_row id=&#8220;indipendenti&#8220;][vc_column][mk_divider style=&#8220;thin_solid&#8220;][mk_padding_divider size=&#8220;60&#8243;][\/vc_column][\/vc_row][vc_row id=&#8220;dipendenti&#8220;][vc_column width=&#8220;1\/3&#8243;][mk_fancy_title color=&#8220;#1488c8&#8243; size=&#8220;18&#8243; font_weight=&#8220;600&#8243; txt_transform=&#8220;none&#8220; margin_bottom=&#8220;0&#8243; font_family=&#8220;none&#8220; responsive_align=&#8220;left&#8220;]\n<h3>JAHRESBEITRAG: CHF 0*<\/h3>\n<p>*Ab dem zweiten Jahr betr\u00e4gt der Jahresbeitrag CHF 80, mit K\u00fcndigungsm\u00f6glichkeit vor dem Ablaufdatum.<\/p>\n<p>&nbsp;<\/p>\n<p><span id=\"result_box\" class=\"\" lang=\"de\"><span class=\"alt-edited\"><strong>NB<\/strong> Die Kreditkarte Corn\u00e8rcard MedicusInfo genie\u00dft alle vantaggie Rabatte auf der Website <strong>k\u00f6nnen keine Rabatte Flotte<\/strong> von <span class=\"\">Autos, Motorr\u00e4der und Nautik<\/span>.<\/span><\/span><\/p>\n<p>&nbsp;<\/p>\n<p><span id=\"result_box\" class=\"\" lang=\"de\"><span class=\"\">Um die Flottenrabatte zu nutzen, k\u00f6nnen Sie eine <a href=\"https:\/\/www.medicusinfo.eu\/de\/prodotto\/membership-platinum-de\/\">PLATINUM<\/a>-Mitgliedskarte (mit kostenloser Kreditkarte), <a href=\"https:\/\/www.medicusinfo.eu\/de\/prodotto\/membership-blue-de\/\">BLUE<\/a> oder BUSINESS abonnieren.<\/span><br \/>\n<\/span>[\/mk_fancy_title][\/vc_column][vc_column width=&#8220;1\/3&#8243;][mk_image src=&#8220;http:\/\/www.medicusinfo.eu\/wp-content\/uploads\/2017\/03\/min_cc_visa.jpg&#8220; image_size=&#8220;full&#8220; target=&#8220;_blank&#8220; align=&#8220;center&#8220; margin_bottom=&#8220;30&#8243; animation=&#8220;bottom-to-top&#8220; crop=&#8220;false&#8220;][mk_fancy_title color=&#8220;#433d60&#8243; size=&#8220;21&#8243; font_weight=&#8220;bold&#8220; txt_transform=&#8220;uppercase&#8220; margin_top=&#8220;13&#8243; margin_bottom=&#8220;0&#8243; font_family=&#8220;none&#8220; align=&#8220;center&#8220; animation=&#8220;bottom-to-top&#8220;]<strong>VISA<\/strong>[\/mk_fancy_title][vc_column_text align=&#8220;center&#8220; margin_bottom=&#8220;30&#8243; animation=&#8220;bottom-to-top&#8220;]<a href=\"https:\/\/www.cornercard.ch\/downloads\/products_prt\/add_ons\/overview_Medicus_dip_de.pdf\" target=\"_blank\" rel=\"noopener noreferrer\">Vorzu\u0308ge und Leistungen<\/a>[\/vc_column_text][mk_button dimension=&#8220;outline&#8220; size=&#8220;medium&#8220; url=&#8220;https:\/\/www.cornercard.ch\/downloads\/products_prt\/appl_Medicus_credit_de.pdf&#8220; target=&#8220;_blank&#8220; align=&#8220;center&#8220; margin_bottom=&#8220;70&#8243; animation=&#8220;bottom-to-top&#8220; outline_skin=&#8220;custom&#8220; outline_active_color=&#8220;#1488c8&#8243; outline_active_text_color=&#8220;#1488c8&#8243; outline_hover_bg_color=&#8220;#1488c8&#8243; outline_hover_color=&#8220;#ffffff&#8220;]Kreditkarte fragen[\/mk_button][\/vc_column][vc_column width=&#8220;1\/3&#8243;][mk_image src=&#8220;http:\/\/www.medicusinfo.eu\/wp-content\/uploads\/2017\/03\/min_cc_mastercard.jpg&#8220; image_size=&#8220;full&#8220; target=&#8220;_blank&#8220; align=&#8220;center&#8220; margin_bottom=&#8220;30&#8243; animation=&#8220;bottom-to-top&#8220; crop=&#8220;false&#8220;][mk_fancy_title color=&#8220;#433d60&#8243; size=&#8220;21&#8243; font_weight=&#8220;bold&#8220; txt_transform=&#8220;uppercase&#8220; margin_top=&#8220;13&#8243; margin_bottom=&#8220;0&#8243; font_family=&#8220;none&#8220; align=&#8220;center&#8220; animation=&#8220;bottom-to-top&#8220;]<strong>MASTERCARD<\/strong>[\/mk_fancy_title][vc_column_text align=&#8220;center&#8220; margin_bottom=&#8220;30&#8243; animation=&#8220;bottom-to-top&#8220;]<a href=\"https:\/\/www.cornercard.ch\/downloads\/products_prt\/add_ons\/overview_Medicus_dip_de.pdf\" target=\"_blank\" rel=\"noopener noreferrer\">Vorzu\u0308ge und Leistungen<\/a>[\/vc_column_text][mk_button dimension=&#8220;outline&#8220; size=&#8220;medium&#8220; url=&#8220;https:\/\/www.cornercard.ch\/downloads\/products_prt\/appl_Medicus_credit_de.pdf&#8220; target=&#8220;_blank&#8220; align=&#8220;center&#8220; margin_bottom=&#8220;0&#8243; animation=&#8220;bottom-to-top&#8220; outline_skin=&#8220;custom&#8220; outline_active_color=&#8220;#1488c8&#8243; outline_active_text_color=&#8220;#1488c8&#8243; outline_hover_bg_color=&#8220;#1488c8&#8243; outline_hover_color=&#8220;#ffffff&#8220;]Kreditkarte fragen[\/mk_button][\/vc_column][\/vc_row][vc_row][vc_column][mk_padding_divider size=&#8220;100&#8243; visibility=&#8220;hidden-sm&#8220;][\/vc_column][\/vc_row][vc_row css=&#8220;.vc_custom_1490976593673{background-color: #dce9f2 !important;background-position: center !important;background-repeat: no-repeat !important;background-size: cover !important;}&#8220;][vc_column][mk_fancy_title color=&#8220;#433d60&#8243; size=&#8220;31&#8243; font_weight=&#8220;300&#8243; txt_transform=&#8220;uppercase&#8220; margin_top=&#8220;50&#8243; margin_bottom=&#8220;50&#8243; font_family=&#8220;none&#8220; align=&#8220;center&#8220; responsive_align=&#8220;left&#8220;]\n<h3 style=\"text-align: center;\">Vorteile und Eigenschaften aller MedicusInfo Mitgliederkarten<\/h3>\n[\/mk_fancy_title][vc_row_inner is_fullwidth_content=&#8220;false&#8220;][vc_column_inner width=&#8220;1\/3&#8243;][mk_fancy_title color=&#8220;#1488c8&#8243; size=&#8220;18&#8243; font_weight=&#8220;600&#8243; margin_bottom=&#8220;0&#8243; font_family=&#8220;none&#8220; responsive_align=&#8220;left&#8220;][mk_font_icons icon=&#8220;mk-moon-checkmark&#8220; color=&#8220;#1488c8&#8243; size=&#8220;small&#8220; padding_horizental=&#8220;0&#8243; padding_vertical=&#8220;0&#8243; circle=&#8220;false&#8220; circle_color=&#8220;&#8220; align=&#8220;none&#8220; link=&#8220;&#8220;] Rechts- und Steuer- beratung[\/mk_fancy_title][vc_column_text]Die Mitglieder k\u00f6nnen eine Rechts- und\/oder Steuerberatung von Branchenexperten in Anspruch nehmen, wobei der erste Beratungstermin v\u00f6llig kostenlos ist.<\/p>\n<p>Dazu kommen Rabatte und erhebliche Verg\u00fcnstigungen f\u00fcr weitere Beratungen oder vertiefte Abkl\u00e4rungen von spezifischen F\u00e4llen.[\/vc_column_text][mk_padding_divider size=&#8220;30&#8243; visibility=&#8220;hidden-sm&#8220;][mk_fancy_title color=&#8220;#1488c8&#8243; size=&#8220;18&#8243; font_weight=&#8220;600&#8243; txt_transform=&#8220;none&#8220; margin_bottom=&#8220;0&#8243; font_family=&#8220;none&#8220; responsive_align=&#8220;left&#8220;]\n<p id=\"fancy-title-150\" class=\"mk-fancy-title simple-style color-single\">[mk_font_icons icon=&#8220;mk-moon-checkmark&#8220; color=&#8220;#1488c8&#8243; size=&#8220;small&#8220; padding_horizental=&#8220;0&#8243; padding_vertical=&#8220;0&#8243; circle=&#8220;false&#8220; circle_color=&#8220;&#8220; align=&#8220;none&#8220; link=&#8220;&#8220;] Versicherungsberatung<\/p>\n[\/mk_fancy_title][vc_column_text disable_pattern=&#8220;false&#8220;]Es wird auch die M\u00f6glichkeit einer gezielten und kostenlosen Versicherungsberatung geboten. Sie k\u00f6nnen Offerten f\u00fcr Berufs- und Privathaftpflichtversicherungen in der ganzen Schweiz anfordern mit erheblichen Rabatten, die ausschliesslich Mitgliedern vorenthalten sind.[\/vc_column_text][\/vc_column_inner][vc_column_inner width=&#8220;1\/3&#8243;][mk_fancy_title color=&#8220;#1488c8&#8243; size=&#8220;18&#8243; font_weight=&#8220;600&#8243; txt_transform=&#8220;none&#8220; margin_bottom=&#8220;0&#8243; font_family=&#8220;none&#8220; responsive_align=&#8220;left&#8220;][mk_font_icons icon=&#8220;mk-moon-checkmark&#8220; color=&#8220;#1488c8&#8243; size=&#8220;small&#8220; padding_horizental=&#8220;0&#8243; padding_vertical=&#8220;0&#8243; circle=&#8220;false&#8220; circle_color=&#8220;&#8220; align=&#8220;none&#8220; link=&#8220;&#8220;] Kostenvorteil[\/mk_fancy_title][vc_column_text]Die Kreditkarte Corn\u00e8rcard MedicusInfo ist im ersten Jahr sogar kostenlos, denn MedicusInfo zahlt die erste Jahresgeb\u00fchr f\u00fcr seine Mitglieder.\u00a0 Bei Weiternutzung betr\u00e4gt die Geb\u00fchr ab dem zweiten Jahr lediglich 80 CHF pro Jahr.[\/vc_column_text][mk_padding_divider size=&#8220;30&#8243; visibility=&#8220;hidden-sm&#8220;][mk_fancy_title color=&#8220;#1488c8&#8243; size=&#8220;18&#8243; font_weight=&#8220;600&#8243; txt_transform=&#8220;none&#8220; margin_bottom=&#8220;0&#8243; font_family=&#8220;none&#8220; responsive_align=&#8220;left&#8220;][mk_font_icons icon=&#8220;mk-moon-checkmark&#8220; color=&#8220;#1488c8&#8243; size=&#8220;small&#8220; padding_horizental=&#8220;0&#8243; padding_vertical=&#8220;0&#8243; circle=&#8220;false&#8220; circle_color=&#8220;&#8220; align=&#8220;none&#8220; link=&#8220;&#8220;] Partnerschaften und Vereinbarungen[\/mk_fancy_title][vc_column_text]MedicusInfo schliesst laufend neue Vereinbarungen und Partnerschaften ab, die den Mitgliedern Rabatte und einmalige Vorteile bieten.<\/p>\n<p>In der \u00abMember Area\u00bb finden Sie die neusten Informationen zu den Partnerschaften und den zeitlich begrenzten Vereinbarungen, die MedicusInfo f\u00fcr seine Mitglieder abgeschlossen hat.[\/vc_column_text][\/vc_column_inner][vc_column_inner width=&#8220;1\/3&#8243;][mk_fancy_title color=&#8220;#1488c8&#8243; size=&#8220;18&#8243; font_weight=&#8220;600&#8243; txt_transform=&#8220;none&#8220; margin_bottom=&#8220;0&#8243; font_family=&#8220;none&#8220; responsive_align=&#8220;left&#8220;][mk_font_icons icon=&#8220;mk-moon-checkmark&#8220; color=&#8220;#1488c8&#8243; size=&#8220;small&#8220; padding_horizental=&#8220;0&#8243; padding_vertical=&#8220;0&#8243; circle=&#8220;false&#8220; circle_color=&#8220;&#8220; align=&#8220;none&#8220; link=&#8220;&#8220;] Exklusiv[\/mk_fancy_title][vc_column_text]MedicusInfo ist nicht nur eine Kredit- oder Prepaidkarte, sondern beinhaltet auch eine Mitgliedschaft f\u00fcr Personen, die im Gesundheitssektor arbeiten. MedicusInfo bietet laufend neue Leistungen, ohne Mehrkosten f\u00fcr die Mitglieder.[\/vc_column_text][mk_padding_divider size=&#8220;30&#8243; visibility=&#8220;hidden-sm&#8220;][mk_fancy_title color=&#8220;#1488c8&#8243; size=&#8220;18&#8243; font_weight=&#8220;600&#8243; txt_transform=&#8220;none&#8220; margin_bottom=&#8220;0&#8243; font_family=&#8220;none&#8220; responsive_align=&#8220;left&#8220;][mk_font_icons icon=&#8220;mk-moon-checkmark&#8220; color=&#8220;#1488c8&#8243; size=&#8220;small&#8220; padding_horizental=&#8220;0&#8243; padding_vertical=&#8220;0&#8243; circle=&#8220;false&#8220; circle_color=&#8220;&#8220; align=&#8220;none&#8220; link=&#8220;&#8220;] Bezahlen mit Kontaktlos-Funktion[\/mk_fancy_title][vc_column_text]Im Alltag rasch und sicher bezahlen \u2013 einfach die Corn\u00e8rcard MedicusInfo Visa oder Mastercard Karte \u00a0oder das Smartphone an das Leseger\u00e4t halten. Die Zahlung ist nach wenigen Sekunden best\u00e4tigt[\/vc_column_text][\/vc_column_inner][\/vc_row_inner][mk_padding_divider][\/vc_column][\/vc_row][vc_row fullwidth=&#8220;true&#8220;][vc_column][mk_padding_divider size=&#8220;100&#8243;][\/vc_column][\/vc_row][vc_row][vc_column][mk_fancy_title color=&#8220;#433d60&#8243; size=&#8220;31&#8243; font_weight=&#8220;300&#8243; margin_top=&#8220;50&#8243; font_family=&#8220;none&#8220; align=&#8220;center&#8220;]\n<h3><span id=\"result_box\" class=\"short_text\" lang=\"de\"><span class=\"alt-edited\">Kreditkarte<\/span><\/span> partner<\/h3>\n[\/mk_fancy_title][mk_image src=&#8220;http:\/\/www.medicusinfo.eu\/wp-content\/uploads\/2015\/11\/cornercard-1.png&#8220; image_size=&#8220;full&#8220; link=&#8220;https:\/\/www.cornercard.ch&#8220; target=&#8220;_blank&#8220; align=&#8220;center&#8220; margin_bottom=&#8220;150&#8243;][\/vc_column][\/vc_row]\n<\/div>","protected":false},"excerpt":{"rendered":"<p>[vc_row fullwidth=&#8220;true&#8220;][vc_column][vc_single_image image=&#8220;864&#8243; img_size=&#8220;full&#8220; alignment=&#8220;center&#8220;][\/vc_column][\/vc_row][vc_row fullwidth=&#8220;true&#8220; css=&#8220;.vc_custom_1490976579077{background-color: #ffffff !important;background-position: center !important;background-repeat: no-repeat !important;background-size: cover !important;}&#8220;][vc_column][mk_padding_divider size=&#8220;10&#8243; visibility=&#8220;hidden-sm&#8220;][\/vc_column][\/vc_row][vc_row][vc_column][mk_fancy_title color=&#8220;#433d60&#8243; size=&#8220;31&#8243; font_weight=&#8220;300&#8243; txt_transform=&#8220;uppercase&#8220; font_family=&#8220;none&#8220;] \u00dcbersicht \u00fcber die Leistungen [\/mk_fancy_title][vc_column_text] Kreditkarte Corn\u00e8rcard MedicusInfo Visa oder Mastercard\u00ae Unsere Mitgliedskarte mit Zahlungsfunktion Sie haben die Wahl zwischen Visa und Mastercard \u00ae. [\/vc_column_text][mk_padding_divider size=&#8220;20&#8243;][\/vc_column][\/vc_row][vc_row id=&#8220;indipendenti&#8220;][vc_column][mk_divider style=&#8220;thin_solid&#8220;][mk_padding_divider size=&#8220;60&#8243;][\/vc_column][\/vc_row][vc_row id=&#8220;dipendenti&#8220;][vc_column width=&#8220;1\/3&#8243;][mk_fancy_title color=&#8220;#1488c8&#8243; size=&#8220;18&#8243; [&hellip;]<\/p>\n","protected":false},"author":1,"featured_media":0,"parent":0,"menu_order":64,"comment_status":"closed","ping_status":"closed","template":"","meta":{"_acf_changed":false,"footnotes":""},"class_list":["post-1475","page","type-page","status-publish","hentry"],"acf":[],"aioseo_notices":[],"_links":{"self":[{"href":"https:\/\/www.medicusinfo.eu\/de\/wp-json\/wp\/v2\/pages\/1475","targetHints":{"allow":["GET"]}}],"collection":[{"href":"https:\/\/www.medicusinfo.eu\/de\/wp-json\/wp\/v2\/pages"}],"about":[{"href":"https:\/\/www.medicusinfo.eu\/de\/wp-json\/wp\/v2\/types\/page"}],"author":[{"embeddable":true,"href":"https:\/\/www.medicusinfo.eu\/de\/wp-json\/wp\/v2\/users\/1"}],"replies":[{"embeddable":true,"href":"https:\/\/www.medicusinfo.eu\/de\/wp-json\/wp\/v2\/comments?post=1475"}],"version-history":[{"count":0,"href":"https:\/\/www.medicusinfo.eu\/de\/wp-json\/wp\/v2\/pages\/1475\/revisions"}],"wp:attachment":[{"href":"https:\/\/www.medicusinfo.eu\/de\/wp-json\/wp\/v2\/media?parent=1475"}],"curies":[{"name":"wp","href":"https:\/\/api.w.org\/{rel}","templated":true}]}}