{"id":6854,"date":"2018-10-12T10:21:49","date_gmt":"2018-10-12T08:21:49","guid":{"rendered":"https:\/\/www.medicusinfo.eu\/?page_id=6854"},"modified":"2022-03-02T09:22:06","modified_gmt":"2022-03-02T08:22:06","slug":"allgemeine-bedingungen","status":"publish","type":"page","link":"https:\/\/www.medicusinfo.eu\/de\/allgemeine-bedingungen\/","title":{"rendered":"Allgemeine Bedingungen"},"content":{"rendered":"<div class=\"wpb-content-wrapper\">[vc_row][vc_column][vc_column_text css=&#8220;.vc_custom_1705324492447{margin-bottom: 0px !important;}&#8220;]\n<h3 style=\"text-align: center;\">Statut und Rahmenbedingungen<\/h3>\n<h3 style=\"text-align: center;\">Netzwerk Mitgliedschaft MedicusInfo<\/h3>\n<h3><strong>ALLGEMEINE REGELN<\/strong><\/h3>\n<p><strong>\u00a0<\/strong><\/p>\n<h4>Definition Art. 1<\/h4>\n<p>MedicusInfo ist ein Markenzeichen der Claude Dreifuss et Cie SA, mit dem wir den Angeh\u00f6rigen des Gesundheitswesens in der Schweiz exklusive und zurzeit nicht anderweitig erh\u00e4ltliche Produkte und Leistungen anbieten.<\/p>\n<h4>Hauptsitz, Adresse Art. 2<\/h4>\n<p>MedicusInfo c\/o Claude Dreifuss et Cie SA &#8211; Piazza Boffalora 4 &#8211;\u00a0 Chiasso 6830 &#8211; TI<\/p>\n<h4>Unternehmenszweck Art. 3<\/h4>\n<p>Die MedicusInfo-Netzwerkmitgliedschaft bietet exklusive Produkte und Dienstleistungen, die derzeit nicht auf dem Markt sind, in Form von Rabatten und Vorteilen f\u00fcr Waren und Dienstleistungen an.<\/p>\n<h4>Mitglieder, Mitgliedschaft und Kosten Art. 4<strong>\u00a0<\/strong><\/h4>\n<p>Es gibt folgende Arten von Mitgliedschaft:<\/p>\n<ul>\n<li>PLATINUM<\/li>\n<li>BLUE<\/li>\n<li>BLUE BASIC<\/li>\n<li>STUDENT<\/li>\n<li>PLATINUM BUSINESS<\/li>\n<li>CARTE SPECIAL EDITION<\/li>\n<\/ul>\n<h5>PLATINUM<\/h5>\n<p>f\u00fcr \u00c4RZTE und SELBSTST\u00c4NDIGE*:<\/p>\n<p>Dazu geh\u00f6ren: Apotheker, Psychologen, Psychotherapeuten, Akupunkteure, Di\u00e4tassistenten, Drogisten, Ergotherapeuten, Kosmetiker, Physiotherapeuten, Hebammen, Logop\u00e4den, medizinische Masseure, Zahntechniker, Zahn\u00e4rzte, Optiker, Podologen, Psychomotoriktherapeuten, Naturheilpraktiker etc., die zur freien Berufsaus\u00fcbung zugelassen sind.<\/p>\n<p>In der Regel \u00c4rzte, die einen Abschluss in Medizin, Psychologie, Zahnmedizin und damit in jeder medizinischen Spezialisierung haben.<\/p>\n<p>*<span class=\"VIiyi\" lang=\"de\"><span class=\"JLqJ4b ChMk0b\" data-language-for-alternatives=\"de\" data-language-to-translate-into=\"it\" data-phrase-index=\"0\">Firmeninhaber, Manager, Mitglieder mit oder ohne Unterschrift, jeder im Vorstand eines Unternehmens muss eine PLATINUM-Karte unterschreiben<\/span><\/span><\/p>\n<h5>BLUE e BLUE BASIC<\/h5>\n<p>F\u00fcr ANGESTELLTE IN EINRICHTUNGEN DES GESUNDHEITSWESENS*<\/p>\n<p>Sono del settore:<\/p>\n<p>Kliniken, Krankenh\u00e4user, Arztpraxen, Zahnarztpraxen, Dentallabore, Krankenversicherung, Physiotherapien, Hom\u00f6opathie, Wellness-Zentren, Dienstleistungen f\u00fcr Krankenh\u00e4user, etc &#8230;<\/p>\n<p>NB \u00c4rzte sind ausgeschlossen, obwohl die Mitarbeiter das PLATINUM-Abonnement haben<\/p>\n<h5>PLATINUM BUSINESS<\/h5>\n<p>f\u00fcr medizinische, zahn\u00e4rztliche, klinische und Pflegeheime \/ Altersheime<\/p>\n<p>Karte zum Studium \/ Struktur, die Vorteile k\u00f6nnen vom Studio gekauft und genossen werden, nicht vom Einzelnen<\/p>\n<h5>STUDENT<\/h5>\n<p>F\u00fcr MEDIZINSTUDENTEN und Sch\u00fcler von Fachschulen des Bereichs GESUNDHEITSPFLEGE<\/p>\n<p>*<span class=\"tlid-translation translation\" lang=\"de\"><span class=\"\" title=\"\">H\u00f6chstalter 26 Jahre<\/span><\/span><\/p>\n<h5>KARTEN SPECIAL EDITION<\/h5>\n<p>S Sie sind Karten, die an Vereine, Stiftungen und Strukturen mit oder ohne Gewinn gerichtet sind, die im Bereich der medizinischen Gesundheit zur\u00fcckkommen, und eine Vereinbarung mit dem Netzwerk f\u00fcr ihre Mitglieder unterzeichnen. ZB. CARDIOCENTRO Ticino, Fondazione TICINO CUORE, CROCE ROSSA SVIZZERA, CROCE\u00a0 VERDE<\/p>\n<p>Die Merkmale sind in den entsprechenden Bereichen der Website <u><a href=\"http:\/\/www.medicusinfo.eu\/\">www.medicusinfo.eu <\/a><\/u>erla\u0308utert.<\/p>\n<p>Der Einzelpreis jeder Mitgliedschaft umfasst die MwSt. sowie sa\u0308mtliche einschla\u0308gigen Steuern und Abgaben sowie den Versand des Willkommenspakets<\/p>\n<p><strong>TABELLE A<\/strong><\/p>\n<table>\n<tbody>\n<tr>\n<td width=\"170\"><strong>MEMBERSHIP<\/strong><\/td>\n<td width=\"151\"><strong><span class=\"tlid-translation translation\" lang=\"de\"><span class=\"\" title=\"\">Jahreskarte<\/span><\/span><\/strong><\/td>\n<td width=\"161\"><strong>Partner Karte<br \/>\n(<span class=\"tlid-translation translation\" lang=\"de\"><span class=\"\" title=\"\">fakultativ<\/span><\/span>)<br \/>\n<\/strong><\/td>\n<td width=\"160\"><strong><span class=\"tlid-translation translation\" lang=\"de\"><span class=\"\" title=\"\">Dreijahreskarte<\/span><\/span><\/strong><\/td>\n<td width=\"161\"><strong>Partner Karte<br \/>\n(<span class=\"tlid-translation translation\" lang=\"de\"><span class=\"\" title=\"\">fakultativ<\/span><\/span>)<br \/>\n<\/strong><\/td>\n<\/tr>\n<tr>\n<td width=\"170\">PLATINUM<\/td>\n<td width=\"151\">CHF 400.-<\/td>\n<td width=\"161\">CHF 200.-<br \/>\n(BLUE)<\/td>\n<td width=\"160\">CHF 800.-<\/td>\n<td width=\"161\"><span class=\"tlid-translation translation\" lang=\"de\" tabindex=\"-1\"><span class=\"\" title=\"\">1 GRATIS (BLUE)<br \/>\n<\/span><\/span>CHF 200.- (PLATINUM)<\/td>\n<\/tr>\n<tr>\n<td width=\"170\">BLUE<\/td>\n<td width=\"151\">CHF 250.-<\/td>\n<td width=\"161\">CHF 200.-<br \/>\n(BLUE)<\/td>\n<td width=\"160\">CHF 500.-<\/td>\n<td width=\"161\"><span class=\"tlid-translation translation\" lang=\"de\" tabindex=\"-1\"><span class=\"\" title=\"\">CHF 200.-<br \/>\n(BLUE)<\/span><\/span><\/td>\n<\/tr>\n<tr>\n<td width=\"170\">BLUE BASIC<\/td>\n<td width=\"151\">&#8211;<\/td>\n<td width=\"161\">&#8211;<\/td>\n<td width=\"160\">CHF 150.-<\/td>\n<td width=\"161\">CHF 150.-<br \/>\n(BLUE BASIC)<\/td>\n<\/tr>\n<tr>\n<td width=\"170\">STUDENT<\/td>\n<td width=\"151\">&#8211;<\/td>\n<td width=\"161\">&#8211;<\/td>\n<td width=\"160\">CHF 150.-<\/td>\n<td width=\"161\">CHF 500.-<br \/>\n(BLUE)<\/td>\n<\/tr>\n<tr>\n<td width=\"170\">PLATINUM BUSINESS<\/td>\n<td width=\"151\">&#8211;<\/td>\n<td width=\"161\">&#8211;<\/td>\n<td width=\"160\">CHF 1&#8217;000.-<\/td>\n<td width=\"161\">1 carta PLATINUM<\/td>\n<\/tr>\n<tr>\n<td width=\"170\">KARTEN SPECIAL ED. BASIC<\/td>\n<td width=\"151\">&#8211;<\/td>\n<td width=\"161\">&#8211;<\/td>\n<td width=\"160\">CHF 150.-<\/td>\n<td width=\"161\">CHF 150.-<br \/>\n(BLUE BASIC)<\/td>\n<\/tr>\n<\/tbody>\n<\/table>\n<table>\n<tbody>\n<tr>\n<td width=\"170\">KARTEN\u00a0SPECIAL ED.<\/td>\n<td width=\"151\">CHF 250.-<\/td>\n<td width=\"161\">CHF 200.-<br \/>\n(BLUE)<\/td>\n<td width=\"160\">CHF 500.-<\/td>\n<td width=\"161\"><span class=\"tlid-translation translation\" lang=\"de\" tabindex=\"-1\"><span class=\"\" title=\"\">CHF 200.-<br \/>\n(BLUE)<\/span><\/span><\/td>\n<\/tr>\n<\/tbody>\n<\/table>\n<h4><\/h4>\n<h4>Sconti e vantaggi riservati ai soci Art. 5<strong>\u00a0<\/strong><\/h4>\n<ul>\n<li>Alle MedicusInfo Rabatte und Konventionen<\/li>\n<li>Alle Flottenrabatte auf Autos, Motorr\u00e4der und Nautik auf alle Marken und Garagen auf der Website<\/li>\n<li>(Um in den Genuss von Flottenrabatten zu kommen, muss die Karte auf den K\u00e4ufer des Fahrzeugs ausgestellt sein.)<\/li>\n<li>Kostenlose steuerliche, rechtliche und administrative Beratung (Membership PLATINUM und BUSINESS)<\/li>\n<li>Spezielle Angebote und Bankpakete f\u00fcr Mitglieder und deren Kunden (Membership PLATINUM und BUSINESS)<\/li>\n<li>Kostenlose MedicusInfo Corn\u00e8rcard Kreditkarte (Membership PLATINUM, <span id=\"result_box\" class=\"\" lang=\"de\"><span title=\"per il primo anno \">f\u00fcr das erste Jahr<\/span><\/span>)<\/li>\n<\/ul>\n<p>Eventuelle An\u0308 derungen des Programms wie der Zugang zu eventuellen Vorrechten\/Vorkaufsrechten, Sonderangeboten und\/oder Zusatzleistungen von MedicusInfo bzw. von anderen Anbietern, mit denen MedicusInfo eventuelle Vereinbarungen abschliesst (die so genannten Partner) werden dem Mitglied (vorbehaltlich Unterbrechungen aus<\/p>\n<p>Grunden ho\u0308herer Gewalt) rund um die Uhr u\u0308ber die Website bzw. mit dem monatlichen Newsletter mitgeteilt, welchen das Mitglied an die bei Anmeldung angegebenen Adressen erha\u0308lt, und sie werden bereits jetzt akzeptiert.<\/p>\n<h4>In der PLATINUM-Mitgliedschaft inbegriffene Kreditkarte Art. 6<\/h4>\n<p><span id=\"result_box\" class=\"\" lang=\"de\"><span title=\"Corner\u0300 card MedicusInfo. \"><span title=\"Con la sottoscrizione della Membership PLATINUM il membro avra\u0300 diritto al ricevimento, a titolo gratuito per il primo anno e dietro il corrispettivo di 80 CHF per il secondo e successivi alla carta di credito Corner\u0300 card MedicusInfo. \">Mit dem Abonnement des Membership PLATINUM hat das Mitglied das Recht, es im ersten Jahr kostenlos und f\u00fcr das zweite Jahr nach der Kreditkarte MedicusInfo gegen eine Geb\u00fchr von CHF 80 zu erhalten.<\/span><\/span><\/span><\/p>\n<p><span title=\"Nel welcome kit della carta Membership PLATINUM il membro trovera\u0300 il modulo per la sottoscrizione della carta di credito da inviare, con la fornita busta preaffrancata, direttamente a Banca Corner\u0300 card. \">Im Willkommenspaket der Membership-PLATINUM-Karte findet das Mitglied das Formular, mit dem die zu untergebrachte Kreditkarte mit dem mitgelieferten, frankierten Umschlag direkt an der Bank Corner-Karte zu unterzeichnen ist.<\/span><\/p>\n<p><span title=\"L\u2019emissione della carta di credito Corne\u0300rcard MedicusInfo e\u0300 ad insindacabile giudizio e discrezionalita\u0300 di Corne\u0300card, che valutata la situazione del richiedente, decidera\u0300 se emettere e con che limite di utilizzo, la carta stessa. \">Die Ausgabe der Kreditkarte f\u00fcr Corn\u00e8rcard MedicusInfo liegt im alleinigen Ermessen von Corn\u00e8card, die die Situation des Antragstellers beurteilt und entscheidet, ob und mit welcher Verwendungsgrenze die Karte selbst ausgestellt wird.<\/span><\/p>\n<p><span title=\"MedicusInfo e Claude Dreifuss et Cie SA non potranno in alcun modo avere parte attiva nell\u2019accettazione e rilascio della carta di credito Corne\u0300rcard MedicusInfo e non potranno venire a conoscenza di alcuna questione legata alla stessa, per via del segreto bancario tra cliente e banca. \">MedicusInfo und Claude Dreifuss et Cie SA k\u00f6nnen sich in keiner Weise aktiv an der Annahme und Ausstellung der Kreditkarte Corn\u00e8rcard MedicusInfo beteiligen und werden aufgrund des Bankgeheimnisses zwischen dem Kunden und der Bank keine diesbez\u00fcglichen Fragen wahrnehmen.<\/span><\/p>\n<p><span title=\"Qualora, per qualsiasi motivo, la carta non venisse accettata ed emessa, il membro continuera\u0300 ad avere attiva la Membership PLATINUM MedicusInfo sottoscritta dal presente accordo, dietro il corrispettivo di 230 CHF annuali, fino ad eventuale disdetta del membro. \">Wenn die Karte aus irgendeinem Grund nicht akzeptiert und ausgestellt wird, bleibt das Mitglied PLATINUM MedicusInfo, das durch diesen Vertrag unterzeichnet wurde, gegen eine Geb\u00fchr von 230 CHF pro Jahr bis zu einer eventuellen K\u00fcndigung des Mitglieds aktiv.<\/span><\/p>\n<p>&nbsp;<\/p>\n<h4>Zahlungsweise Art. 7<\/h4>\n<p>Die Kosten der MedicusInfo Mitgliedschaften sind in Tabelle A dieses Vertrags zusammengefasst und werden wie folgt gezahlt:<\/p>\n<ul>\n<li>Postu\u0308berweisung<\/li>\n<li>Banku\u0308berweisung<\/li>\n<li>Paypal<\/li>\n<li>Kreditcarte (Visa,Mastercard\u00ae,American Express)<\/li>\n<li>Twint<\/li>\n<li>Apple Pay<u><\/u><\/li>\n<\/ul>\n<p><span class=\"tlid-translation translation\" lang=\"de\"><span title=\"\"><span class=\"VIiyi\" lang=\"de\"><span class=\"JLqJ4b ChMk0b\" data-language-for-alternatives=\"de\" data-language-to-translate-into=\"auto\" data-phrase-index=\"0\">Die Verz\u00f6gerung einer Zahlung f\u00fcr eine neue Karte oder eine Verl\u00e4ngerung \u00fcber 7 Tage hinaus f\u00fchrt zu einer Erinnerung an CHF 30.- und eine weitere Verz\u00f6gerung von weiteren 7 Tagen zu einer Warnung von CHF 50.-, eine Verz\u00f6gerung von mehr als 30 Tagen f\u00fchrt<\/span> <span class=\"JLqJ4b ChMk0b\" data-language-for-alternatives=\"de\" data-language-to-translate-into=\"auto\" data-phrase-index=\"1\">zur Ausf\u00fchrung der Gesamtsumme, belastet mit den Ausf\u00fchrungskosten.<\/span><\/span><\/span><\/span><\/p>\n<h4>Dauer und Ku\u0308ndigung der Mitgliedschaft Art. 8<\/h4>\n<p><span class=\"VIiyi\" lang=\"de\"><span class=\"JLqJ4b ChMk0b\" data-language-for-alternatives=\"de\" data-language-to-translate-into=\"auto\" data-phrase-index=\"0\">Das Abonnement f\u00fcr MedicusInfo hat die vereinbarte Laufzeit und verl\u00e4ngert sich stillschweigend, wenn es nicht mindestens 60 Tage vor Ablauf der Frist durch Versenden eines eingeschriebenen Schreibens mit Zustellnachweis gek\u00fcndigt wird.<br \/>\nZu senden an:<br \/>\nMedicusInfo<br \/>\nc\/o Claude Dreifuss et Cie SA<br \/>\nPiazza Boffalora 4<br \/>\n6830 Chiasso TI<br \/>\n<\/span><\/span><\/p>\n<table width=\"730\">\n<tbody>\n<tr>\n<td width=\"170\"><strong>MEMBERSHIP<\/strong><\/td>\n<td width=\"151\"><strong><span class=\"tlid-translation translation\"><span class=\"\" title=\"\">Dauer<\/span><\/span><\/strong><\/td>\n<\/tr>\n<tr>\n<td width=\"170\">PLATINUM<\/td>\n<td width=\"151\"><span class=\"tlid-translation translation\" lang=\"de\"><span class=\"\" title=\"\">Jahreskarte<\/span><\/span>\/Dreij\u00e4hrige<\/td>\n<\/tr>\n<tr>\n<td width=\"170\">BLUE<\/td>\n<td width=\"151\"><span class=\"tlid-translation translation\" lang=\"de\"><span class=\"\" title=\"\">Jahreskarte<\/span><\/span>\/Dreij\u00e4hrige<\/td>\n<\/tr>\n<tr>\n<td width=\"170\">BLUE BASIC<\/td>\n<td width=\"151\">Dreij\u00e4hrige<\/td>\n<\/tr>\n<tr>\n<td width=\"170\">STUDENT<\/td>\n<td width=\"151\">Dreij\u00e4hrige<\/td>\n<\/tr>\n<tr>\n<td width=\"170\">PLATINUM BUSINESS<\/td>\n<td width=\"151\"><span class=\"tlid-translation translation\"><span class=\"\" title=\"\"><span class=\"tlid-translation translation\" lang=\"de\">D<\/span>reij\u00e4hrige<\/span><\/span><\/td>\n<\/tr>\n<tr>\n<td width=\"170\">KARTEN SPECIAL ED.<\/td>\n<td width=\"151\"><span class=\"tlid-translation translation\" lang=\"de\"><span class=\"\" title=\"\">Jahreskarte<\/span><\/span>\/Dreij\u00e4hrige<\/td>\n<\/tr>\n<\/tbody>\n<\/table>\n<p>Alle MedicusInfo-Mitgliedskarten gelten an sich drei Jahre ab Beitritt. Die tatsa\u0308chliche Mitgliedschaft wird mit diesem Vertrag festgelegt und ist an die regelma\u0308ssige Zahlung fu\u0308r die vereinbarte Laufzeit gebunden.<\/p>\n<p>Bei Karten, die vor dem 31.12.2021 abonniert wurden, wurde die Frist immer auf den Monat vor dem Datum des Abonnements vereinheitlicht.<\/p>\n<p>Bei Karten, die nach dem 01.01.2022 abonniert wurden, gilt die folgende Regel:<br \/>\nMitgliedschaften, die vom 1. bis 14. des Monats abgeschlossen werden, verfallen einheitlich zum Ende des der Bestellung vorausgehenden Monats, diejenigen, die vom 15. bis zum Ende des Monats abgeschlossen werden, verfallen einheitlich zum Ende des laufenden Monats.<br \/>\nBeispiel: Eine am 06.10.2031 unterzeichnete Jahreskarte l\u00e4uft am 30.09.2032 ab, eine am 18.10.2031 unterzeichnete Dreijahreskarte endet am 31.10.2034.<\/p>\n<p>Alle Mitgliedschaften sind aktiv, sobald das Mitglied seine Karte an der angegebenen Adresse erha\u0308lt.<\/p>\n<p><span class=\"tlid-translation translation\" lang=\"de\"><span class=\"\" title=\"\">Jede zuk\u00fcnftige Anfrage eines Mitglieds nach einer Karte, die zuvor zur K\u00fcndigung storniert wurde, unterliegt der unbestreitbaren Genehmigung des Managements. Die Unterzeichnung einer Dreijahreskarte ist obligatorisch. Wenn sie akzeptiert wird, muss das Mitglied eine Verwaltungsgeb\u00fchr von zahlen Reaktivierung des Registers von CHF 200.-<\/span><\/span><\/p>\n<p><span title=\"\">Die Karten von Partnern (z. B. MIGROL-, ENI-Karten usw.) m\u00fcssen zur\u00fcckgegeben werden und k\u00f6nnen nicht aufbewahrt werden, wenn Sie kein MedicusInfo-Mitglied mehr sind. Die Verwendung und Wartung nach dem Ablaufdatum der MedicusInfo-Mitgliedschaft ist illegal.<\/span><\/p>\n<p><strong><em>NB <\/em><\/strong><em>Mit der Ku\u0308ndigung der Mitgliedschaft wird nicht automatisch auch die Kreditkarte Corne\u0300rcard MedicusInfo geku\u0308ndigt. Diese ist separat per Einschreiben an Corner\u0300 card zu ku\u0308ndigen. Erfolgt keine Ku\u0308ndigung, so bleibt die Kreditkarte gegen Zahlung von 80 CHF ja\u0308hrlich an Corner\u0300 card gu\u0308ltig.<\/em><\/p>\n<h4>Widerruf Art. 9<\/h4>\n<p>Die Mitgliedschaft kann bei nicht korrekter Verwendung widerrufen werden. Darunter verstehen sich beispielsweise die Abtretung der Karte an andere Personen als den Inhaber, die Gu\u0308ter oder Leistungen mit Rabatt erwerben, oder der Kauf von nicht fu\u0308r den perso\u0308nlichen Gebrauch, sondern fu\u0308r den Weiterverkauf bestimmter Gu\u0308ter, wenn dies ausdrucklich untersagt ist.<\/p>\n<p><strong><em>NB <\/em><\/strong><em>Mit dem Widerruf der Mitgliedschaft wird nicht automatisch auch die Kreditkarte Corne\u0300rcard MedicusInfo widerrufen. Diese ist separat per Einschreiben an Corner\u0300 card zu ku\u0308ndigen. Erfolgt keine Ku\u0308ndigung, so bleibt die Kreditkarte gegen Zahlung von 80 CHF ja\u0308hrlich an Corner\u0300 card gu\u0308ltig.<\/em><\/p>\n<h4>Anwendbares Recht Art.10<\/h4>\n<p>Alle Beziehungen zwischen dem Mitglied und MedicusInfo unterliegen dem schweizerischen Recht. Erfu\u0308llungsort,<\/p>\n<p>Gerichtsstand fur Vollstreckung und Insolvenz fur\u0308\u00a0 im Ausland domizilierte Inhaber sowie alleiniger Gerichtsstand fur\u0308\u00a0\u00a0 alle<\/p>\n<p>Verfahren ist unter dem Vorbehalt der zwingenden Bestimmungen des schweizerischen Rechts Lugano. MedicusInfo beha\u0308lt sich jedoch vor, Klagen bei den Gerichten des Wohnsitzes des Inhabers oder bei jeglichem anderen, zusta\u0308ndigen Gericht anzustrengen.<\/p>\n<h4>A\u0308nderungen Art.11<\/h4>\n<p>Eine \u00c4nderung der abonnierten Karte (Art oder Dauer) ist w\u00e4hrend der G\u00fcltigkeitsdauer nicht zul\u00e4ssig.<\/p>\n<p>Eine \u00c4nderung der Laufzeit (von einem Jahresabonnement zu einem Dreijahresabonnement oder umgekehrt) kann nur beantragt werden, wobei der zum Zeitpunkt der \u00c4nderung geltende Preis akzeptiert wird und das Recht auf den urspr\u00fcnglich abonnierten Preis verloren geht, wenn der Antrag mindestens 60 Tage vor dem Ablaufdatum (K\u00fcndigungsdatum) gestellt wird und die \u00c4nderung ab dem Datum der Erneuerung der Karte g\u00fcltig ist.<\/p>\n<p>Z.B. bei einer 3-Jahres-Karte, die von 12.2018 bis 12.2021 g\u00fcltig ist, kann vor dem 31.10.2021 eine \u00c4nderung in eine Jahreskarte beantragt werden, die sich auf die Erneuerung der Karte auswirkt, die von 12.2021 bis 12.2022 g\u00fcltig sein wird und eine automatische j\u00e4hrliche Erneuerung hat.<\/p>\n<p>Pers\u00f6nliche Daten<br \/>\nPers\u00f6nliche Daten, d.h. alle Informationen, die sich auf eine identifizierte oder identifizierbare (nat\u00fcrliche oder juristische) Person beziehen, wie Name, Nachname, Postanschrift, E-Mail-Adresse, Telefonnummer und \u00e4hnliches, die f\u00fcr die Verwaltung der Bestellung und deren Erneuerung notwendig sind, m\u00fcssen immer auf dem neuesten Stand sein, jede \u00c4nderung muss MedicusInfo durch eine E-Mail an <a href=\"mailto:info@medicusinfo.eu\">info@medicusinfo.eu<\/a> mitgeteilt werden.<\/p>\n<p>MedicusInfo kann nach eigenem Ermessen die Bereitstellung eines Teils oder der Gesamtheit der Dienstleistungen\/Nutzen jederzeit einstellen oder \u00e4ndern, nachdem es die aktiven oder inaktiven Vereinbarungen auf der Website www.medicusinfo.eu ge\u00e4ndert hat. Mitteilungen, die an den einzelnen Interessenten gerichtet sind, erfolgen per E-Mail an die im Anmeldeformular angegebene Adresse oder an die vom Mitglied schriftlich mitgeteilte abweichende Adresse.<\/p>\n<h4>Diebstahl, Verlust, Zerst\u00f6rung der Mitgliedskarte Art.12<strong><br \/>\n<\/strong><\/h4>\n<p>Wenn die MedicusInfo-Mitgliedskarte verloren geht, gestohlen oder zerst\u00f6rt wird, kann eine echte Kopie per E-Mail an info@medicusinfo.eu angefordert werden.<br \/>\nDas Exemplar wird innerhalb von ca. 14 Arbeitstagen nach Bezahlung der Druck- und Versandkosten (CHF 25.-), zahlbar online mit VISA, Mastercard\u00ae, American Express, TWINT, Apple Pay oder per Bank\u00fcberweisung, produziert und per Post verschickt.<br \/>\nNach Eingang des Antrags per E-Mail wird auch sofort eine elektronische Kopie zur sofortigen Verwendung versandt.<\/p>\n<p>Cadempino, 01.01.2022[\/vc_column_text][\/vc_column][\/vc_row]\n<\/div>","protected":false},"excerpt":{"rendered":"<p>[vc_row][vc_column][vc_column_text css=&#8220;.vc_custom_1705324492447{margin-bottom: 0px !important;}&#8220;] Statut und Rahmenbedingungen Netzwerk Mitgliedschaft MedicusInfo ALLGEMEINE REGELN \u00a0 Definition Art. 1 MedicusInfo ist ein Markenzeichen der Claude Dreifuss et Cie SA, mit dem wir den Angeh\u00f6rigen des Gesundheitswesens in der Schweiz exklusive und zurzeit nicht anderweitig erh\u00e4ltliche Produkte und Leistungen anbieten. Hauptsitz, Adresse Art. 2 MedicusInfo c\/o Claude Dreifuss et [&hellip;]<\/p>\n","protected":false},"author":1,"featured_media":0,"parent":0,"menu_order":9,"comment_status":"closed","ping_status":"closed","template":"","meta":{"_acf_changed":false,"footnotes":""},"class_list":["post-6854","page","type-page","status-publish","hentry"],"acf":[],"aioseo_notices":[],"_links":{"self":[{"href":"https:\/\/www.medicusinfo.eu\/de\/wp-json\/wp\/v2\/pages\/6854","targetHints":{"allow":["GET"]}}],"collection":[{"href":"https:\/\/www.medicusinfo.eu\/de\/wp-json\/wp\/v2\/pages"}],"about":[{"href":"https:\/\/www.medicusinfo.eu\/de\/wp-json\/wp\/v2\/types\/page"}],"author":[{"embeddable":true,"href":"https:\/\/www.medicusinfo.eu\/de\/wp-json\/wp\/v2\/users\/1"}],"replies":[{"embeddable":true,"href":"https:\/\/www.medicusinfo.eu\/de\/wp-json\/wp\/v2\/comments?post=6854"}],"version-history":[{"count":0,"href":"https:\/\/www.medicusinfo.eu\/de\/wp-json\/wp\/v2\/pages\/6854\/revisions"}],"wp:attachment":[{"href":"https:\/\/www.medicusinfo.eu\/de\/wp-json\/wp\/v2\/media?parent=6854"}],"curies":[{"name":"wp","href":"https:\/\/api.w.org\/{rel}","templated":true}]}}