{"id":9690,"date":"2019-02-22T15:26:51","date_gmt":"2019-02-22T14:26:51","guid":{"rendered":"https:\/\/www.medicusinfo.eu\/?page_id=9690"},"modified":"2019-02-22T15:26:51","modified_gmt":"2019-02-22T14:26:51","slug":"privacy-policy","status":"publish","type":"page","link":"https:\/\/www.medicusinfo.eu\/de\/privacy-policy\/","title":{"rendered":"Privacy Policy"},"content":{"rendered":"<p>MedicusInfo ist sich \u00fcber der Wichtigkeit der Privatsph\u00e4re des Nutzers auf der Webseite bewusst. Aus diesem Grund wurde ein Schutz der pers\u00f6nlichen Daten entwickelt, damit der Nutzer frei entscheiden kann, ob er MedicusInfo die durch die Nutzung der Webseite m\u00f6glicherweise erforderten pers\u00f6nlichen Daten mitteilt.<\/p>\n<p>MedicusInfo beh\u00e4lt sich das Recht vor in jedem Moment und ohne vorherige Ank\u00fcndigung den Datenschutz einseitig zu \u00e4ndern, um diesen an die derzeitigen Rechtsvorschriften anzupassen.<\/p>\n<p>Die Webseite enth\u00e4lt keine Informationen f\u00fcr Personen unter 18 Jahren. Aus diesem Grund sammelt MedicusInfo absichtlich keine Daten von Personen unter 18 Jahren. Falls dies doch der Fall sein sollte, werden diese sofort, nach Wissen, gel\u00f6scht.<\/p>\n<p>F\u00fcr den Kauf oder Erwerb von Produkten m\u00fcssen die Nutzer zun\u00e4chst MedicusInfo pers\u00f6nliche Daten mitteilen (Name und Nachname, Emailadresse, usw.), die MedicusInfo f\u00fcr die Zwecke der Formalisierung des Fernabsatzvertrages, zur Verwaltung, Erweiterung, Verbesserung und Anpassung der auf der Webseite angebotenen Dienstleistungen verwendet.<\/p>\n<p>Der Nutzer verf\u00fcgt \u00fcber das Recht des Zugangs, der Berichtigung, der Stornierung und der Verweigerung gegen\u00fcber den gesammelten pers\u00f6nlichen Daten, gem\u00e4\u00df der derzeitigen Rechtsvorschrift. F\u00fcr diesen Zweck kann der Nutzer sich, mit Kopie des Ausweises, Reisepasses oder eines entsprechenden Identifikationsdokuments, an die angegebene Kontaktadresse von MedicusInfo wenden.<\/p>\n<p>Der Nutzer akzeptiert ausdr\u00fccklich die Aufnahme durch MedicusInfo der gesammelten Daten durch die Webseitennutzung oder durch Ausf\u00fcllung des Formulars sowie die entstandene Gesch\u00e4ftsbeziehung oder Lieferung der Produkte in der zuvor genannten Datenbank.<\/p>\n<p>MedicusInfo garantiert bei der Verwendung der aufgenommenen Daten f\u00fcr den Schutz und die Vertraulichkeit dieser, sowie diese zu speichern und alle Mittel einzusetzen um eine \u00c4nderung, Verlust, Behandlung oder nicht befugten Zugriffes zu vermeiden.<\/p>\n<p>Die Webseite enth\u00e4lt &#8222;cookies&#8220;, die MedicusInfo erm\u00f6glichen Daten des Nutzers zu erhalten, zum Beispiel die vorher besuchten Webseiten sowie die Produkte und Service, die dieser bevorzugt.<\/p>\n<p>Falls der Nutzer es bevorzugt, kann er den Zugang eines &#8222;cookies&#8220; auf seiner Festplatte verweigern, indem er den Browser seines Computers konfiguriert, damit ihn dieser auf dem Bildschirm bei Erhalt von &#8222;cookies&#8220; warnt und um die Installierung desselben auf der Festplatte zu verhindern.<\/p>\n<p>Dies kann dazu f\u00fchren, dass die Webseite aus technischen Gr\u00fcnden nicht gut funktionieren kann.<\/p>\n","protected":false},"excerpt":{"rendered":"<p>MedicusInfo ist sich \u00fcber der Wichtigkeit der Privatsph\u00e4re des Nutzers auf der Webseite bewusst. Aus diesem Grund wurde ein Schutz der pers\u00f6nlichen Daten entwickelt, damit der Nutzer frei entscheiden kann, ob er MedicusInfo die durch die Nutzung der Webseite m\u00f6glicherweise erforderten pers\u00f6nlichen Daten mitteilt. MedicusInfo beh\u00e4lt sich das Recht vor in jedem Moment und ohne [&hellip;]<\/p>\n","protected":false},"author":1,"featured_media":0,"parent":0,"menu_order":0,"comment_status":"closed","ping_status":"closed","template":"","meta":{"_acf_changed":false,"footnotes":""},"class_list":["post-9690","page","type-page","status-publish","hentry"],"acf":[],"aioseo_notices":[],"_links":{"self":[{"href":"https:\/\/www.medicusinfo.eu\/de\/wp-json\/wp\/v2\/pages\/9690","targetHints":{"allow":["GET"]}}],"collection":[{"href":"https:\/\/www.medicusinfo.eu\/de\/wp-json\/wp\/v2\/pages"}],"about":[{"href":"https:\/\/www.medicusinfo.eu\/de\/wp-json\/wp\/v2\/types\/page"}],"author":[{"embeddable":true,"href":"https:\/\/www.medicusinfo.eu\/de\/wp-json\/wp\/v2\/users\/1"}],"replies":[{"embeddable":true,"href":"https:\/\/www.medicusinfo.eu\/de\/wp-json\/wp\/v2\/comments?post=9690"}],"version-history":[{"count":0,"href":"https:\/\/www.medicusinfo.eu\/de\/wp-json\/wp\/v2\/pages\/9690\/revisions"}],"wp:attachment":[{"href":"https:\/\/www.medicusinfo.eu\/de\/wp-json\/wp\/v2\/media?parent=9690"}],"curies":[{"name":"wp","href":"https:\/\/api.w.org\/{rel}","templated":true}]}}