{"id":2788,"date":"2017-12-19T19:00:09","date_gmt":"2018-01-23T09:10:20","guid":{"rendered":"http:\/\/www.medicusinfo.eu\/?post_type=product&#038;p=2788"},"modified":"2024-08-13T17:30:10","modified_gmt":"2024-08-13T15:30:10","slug":"membership-platinum-de","status":"publish","type":"product","link":"https:\/\/www.medicusinfo.eu\/de\/prodotto\/membership-platinum-de\/","title":{"rendered":"Membership PLATINUM"},"content":{"rendered":"<div id=\"text-block-76\" class=\"mk-text-block \">\n<h4><span class=\"\" lang=\"de\"><span class=\"\">KARTE\u00a0<\/span><\/span>f\u00fcr \u00c4RZTE und SELBSTST\u00c4NDIGE<\/h4>\n<\/div>\n<p>Exklusive Vorteile der <strong>PLATINUM<\/strong>-Mitgliedschaft:<span id=\"result_box\" class=\"\" lang=\"de\"><\/span><\/p>\n<ul>\n<li><span id=\"result_box\" class=\"\" lang=\"de\"><span title=\"Accesso a tutti gli sconti e convenzioni MedicusInfo \u00a0\u00a0\u00a0\u00a0\">Alle Rabatte und Konventionen von MedicusInfo<\/span><\/span><\/li>\n<li><span id=\"result_box\" class=\"\" lang=\"de\"><span class=\"\">Alle Flottenrabatte auf Autos, Motorr\u00e4der und Nautik auf alle Marken und Garagen auf der Website<br \/>\n(Um in den Genuss von Flottenrabatten zu kommen, muss die Karte auf den K\u00e4ufer des Fahrzeugs ausgestellt sein)<br \/>\n<\/span><\/span><\/li>\n<li>Kreditkarte Corn\u00e8rcard MedicusInfo*<span id=\"result_box\" class=\"\" lang=\"de\"><\/span><\/li>\n<li><span id=\"result_box\" class=\"\" lang=\"de\"><span title=\"Consulenze fiscali, legali e amministrative gratuite \u00a0\u00a0\u00a0\u00a0\">Kostenlose steuerliche, rechtliche und administrative Beratun<\/span><\/span><\/li>\n<li><span id=\"result_box\" class=\"\" lang=\"de\"><span title=\"Cambi valuta agevolati anche per i lavoratori frontalieri \">W\u00e4hrungsaustausch erleichtert auch f\u00fcr Grenzg\u00e4nger<\/span><\/span><\/li>\n<li><span class=\"tlid-translation translation\" lang=\"de\"><span class=\"\" title=\"\">Optionale BLAUE oder PLATINUM Partnerkarte<\/span><\/span><\/li>\n<\/ul>\n<p><em><span id=\"result_box\" class=\"\" lang=\"de\"><span class=\"\">* Kostenlose Kreditkarte im ersten Jahr (Erneuerung ab dem zweiten Jahr CHF 80.- pro Jahr), NICHT obligatorisch, M\u00f6glichkeit, auf die Ausstellung zu verzichten, indem das entsprechende K\u00e4stchen im Antragsformular markiert wird<\/span><\/span><\/em><\/p>\n<h4><span class=\"tlid-translation translation\" lang=\"de\"><span class=\"\" title=\"\">M\u00f6glichkeit des Jahresabonnements oder mit verg\u00fcnstigter Dreijahreszahlung<\/span><\/span><\/h4>\n<p><span class=\"tlid-translation translation\" lang=\"de\"><span title=\"\">Das Abonnement f\u00fcr MedicusInfo verl\u00e4ngert sich stillschweigend, wenn es nicht mindestens 60 Tage vor Ablauf der Frist durch Versenden eines eingeschriebenen Schreibens mit Zustellnachweis gek\u00fcndigt wird.<\/span><\/span><\/p>\n<p><span class=\"\" title=\"\">Allgemeine Gesch\u00e4ftsbedingungen und Satzung der Mitglieder <a href=\"https:\/\/www.medicusinfo.eu\/de\/allgemeine-bedingungen\/\" target=\"_blank\" rel=\"noopener\">HIER<\/a><\/span><\/p>\n","protected":false},"excerpt":{"rendered":"<div id=\"text-block-76\" class=\"mk-text-block \">\n<h4><span class=\"\" lang=\"de\"><span class=\"\">KARTE\u00a0<\/span><\/span>f\u00fcr \u00c4RZTE und SELBSTST\u00c4NDIGE*<\/h4>\n<\/div>\n<div id=\"text-block-76\" class=\"mk-text-block \">\n<p><span class=\"tlid-translation translation\" lang=\"de\"><span title=\"\">Jahreskarte CHF 400.- (optional BLUE Partner Card f\u00fcr CHF 200.-)<\/span><\/span><\/p>\n<p><span class=\"\" title=\"\"><span title=\"\">Dreijahreskarte<\/span> mit erm\u00e4\u00dfigter Zahlung zu CHF 800.- (<span class=\"tlid-translation translation\" lang=\"de\">KOSTENLOSE BLUE Partnerkarte oder PLATINUM Partnerkarte f\u00fcr CHF 200.-<\/span>)<\/span><\/p>\n<p>&nbsp;<\/p>\n<p><span class=\"tlid-translation translation\" lang=\"de\"><span title=\"\">Das Abonnement f\u00fcr MedicusInfo verl\u00e4ngert sich stillschweigend, wenn es nicht mindestens 60 Tage vor Ablauf der Frist durch Versenden eines eingeschriebenen Schreibens mit Zustellnachweis gek\u00fcndigt wird.<\/span><\/span><\/p>\n<\/div>\n<p>Exklusive Vorteile der <strong>PLATINUM<\/strong>-Mitgliedschaft:<\/p>\n<ul>\n<li><span id=\"result_box\" class=\"\" lang=\"de\"><span title=\"Accesso a tutti gli sconti e convenzioni MedicusInfo \u00a0\u00a0\u00a0\u00a0\">Alle Rabatte und Konventionen von MedicusInfo<\/span><\/span><\/li>\n<li><span id=\"result_box\" class=\"\" lang=\"de\"><span class=\"\">Alle Flottenrabatte auf Autos, Motorr\u00e4der und Nautik auf alle Marken und Garagen auf der Website<br \/>\n(Um in den Genuss von Flottenrabatten zu kommen, muss die Karte auf den K\u00e4ufer des Fahrzeugs ausgestellt sein)<br \/>\n<\/span><\/span><\/li>\n<li>Kreditkarte Corn\u00e8rcard MedicusInfo**<span id=\"result_box\" class=\"\" lang=\"de\"><\/span><\/li>\n<li><span id=\"result_box\" class=\"\" lang=\"de\"><span title=\"Consulenze fiscali, legali e amministrative gratuite \u00a0\u00a0\u00a0\u00a0\">Kostenlose steuerliche, rechtliche und administrative Beratun<\/span><\/span><\/li>\n<li><span id=\"result_box\" class=\"\" lang=\"de\"><span title=\"Cambi valuta agevolati anche per i lavoratori frontalieri \">W\u00e4hrungsaustausch erleichtert auch f\u00fcr Grenzg\u00e4nger<\/span><\/span><\/li>\n<li><span class=\"tlid-translation translation\" lang=\"de\"><span class=\"\" title=\"\">Optionale BLAUE oder PLATINUM Partnerkarte<\/span><\/span><\/li>\n<\/ul>\n<p><em>*Eigent\u00fcmer, Gesch\u00e4ftsf\u00fchrer, Gesellschafter mit oder ohne Unterschrift, alle, die dem Vorstand eines Unternehmens angeh\u00f6ren, m\u00fcssen eine PLATINUM-Karte und keine BLUE Karte beantragen<\/em><\/p>\n<p><em><span id=\"result_box\" class=\"\" lang=\"de\"><span class=\"\">**Kostenlose Kreditkarte im ersten Jahr (Erneuerung ab dem zweiten Jahr CHF 80.- pro Jahr), NICHT obligatorisch, M\u00f6glichkeit, auf die Ausstellung zu verzichten, indem das entsprechende K\u00e4stchen im Antragsformular markiert wird<\/span><\/span><\/em><\/p>\n","protected":false},"featured_media":6309,"comment_status":"closed","ping_status":"closed","template":"","meta":{"_acf_changed":false},"product_brand":[],"product_cat":[72],"product_tag":[],"class_list":{"0":"post-2788","1":"product","2":"type-product","3":"status-publish","4":"has-post-thumbnail","6":"product_cat-membership-card-de","8":"first","9":"instock","10":"sold-individually","11":"shipping-taxable","12":"purchasable","13":"product-type-variable"},"acf":[],"aioseo_notices":[],"_links":{"self":[{"href":"https:\/\/www.medicusinfo.eu\/de\/wp-json\/wp\/v2\/product\/2788","targetHints":{"allow":["GET"]}}],"collection":[{"href":"https:\/\/www.medicusinfo.eu\/de\/wp-json\/wp\/v2\/product"}],"about":[{"href":"https:\/\/www.medicusinfo.eu\/de\/wp-json\/wp\/v2\/types\/product"}],"replies":[{"embeddable":true,"href":"https:\/\/www.medicusinfo.eu\/de\/wp-json\/wp\/v2\/comments?post=2788"}],"wp:featuredmedia":[{"embeddable":true,"href":"https:\/\/www.medicusinfo.eu\/de\/wp-json\/wp\/v2\/media\/6309"}],"wp:attachment":[{"href":"https:\/\/www.medicusinfo.eu\/de\/wp-json\/wp\/v2\/media?parent=2788"}],"wp:term":[{"taxonomy":"product_brand","embeddable":true,"href":"https:\/\/www.medicusinfo.eu\/de\/wp-json\/wp\/v2\/product_brand?post=2788"},{"taxonomy":"product_cat","embeddable":true,"href":"https:\/\/www.medicusinfo.eu\/de\/wp-json\/wp\/v2\/product_cat?post=2788"},{"taxonomy":"product_tag","embeddable":true,"href":"https:\/\/www.medicusinfo.eu\/de\/wp-json\/wp\/v2\/product_tag?post=2788"}],"curies":[{"name":"wp","href":"https:\/\/api.w.org\/{rel}","templated":true}]}}