{"id":2793,"date":"2017-12-19T17:00:32","date_gmt":"2017-12-19T16:00:32","guid":{"rendered":"http:\/\/www.medicusinfo.eu\/prodotto\/membership-student\/"},"modified":"2024-08-13T17:30:50","modified_gmt":"2024-08-13T15:30:50","slug":"membership-student-de","status":"publish","type":"product","link":"https:\/\/www.medicusinfo.eu\/de\/prodotto\/membership-student-de\/","title":{"rendered":"Membership STUDENT"},"content":{"rendered":"<h6><span id=\"result_box\" class=\"\" lang=\"de\"><span class=\"\">f\u00fcr STUDENTEN von Bildungseinrichtungen bei MEDICAL-HEALTH*<\/span><\/span><\/h6>\n<p><span id=\"result_box\" class=\"\" lang=\"de\"><br \/>\n* Alle Schulen und Universit\u00e4ten mit Adressen im medizinischen Bereich sind geeignet, um eine Mitgliedschaft zu beantragen<br \/>\n*<span class=\"tlid-translation translation\" lang=\"de\"><span class=\"\" title=\"\">H\u00f6chstalter 26 Jahre<\/span><\/span><br \/>\n<\/span><\/p>\n<p>&nbsp;<\/p>\n<p>&nbsp;<\/p>\n<p>Exklusive Vorteile der STUDENT-Mitgliedschaft:<\/p>\n<ul>\n<li><span id=\"result_box\" class=\"\" lang=\"de\"><span class=\"\">Zugriff auf alle Rabatte und Konventionen von MedicusInfo<\/span><\/span><span id=\"result_box\" class=\"short_text\" lang=\"de\"><\/span><\/li>\n<li><span id=\"result_box\" class=\"\" lang=\"de\"><span class=\"\">Alle Flottenrabatte auf Autos, Motorr\u00e4der und Nautik auf alle Marken und Garagen auf der Website*<br \/>\n(Um in den Genuss von Flottenrabatten zu kommen, muss die Karte auf den K\u00e4ufer des Fahrzeugs ausgestellt sein)<br \/>\n*Ausgenommen der Land Rover und Jaguar-Flottenrabatt, der f\u00fcr die <span id=\"result_box\" class=\"\" lang=\"fr\">BLUE, BUSINESS und PLATINUM<\/span> Mitgliedschaft reserviert ist<\/span><\/span><span class=\"tlid-translation translation\" lang=\"de\"><span class=\"\" title=\"\">Mit der STUDENT-Karte k\u00f6nnen Sie auch eine BLUE-Partnerkarte f\u00fcr ein registriertes Mitglied Ihres Haushalts beantragen. Sie hat dieselbe G\u00fcltigkeit wie die Hauptkarte und die gleichen Leistungen. Der Preis betr\u00e4gt CHF 500.- f\u00fcr 3 Jahre.<\/span><\/span><\/li>\n<\/ul>\n<p>&nbsp;<\/p>\n<p><span id=\"result_box\" class=\"short_text\" lang=\"de\"><span class=\"\">Erm\u00e4\u00dfigte dreij\u00e4hrige Kosten<\/span><\/span><\/p>\n<p><span class=\"tlid-translation translation\" lang=\"de\"><span title=\"\">Das Abonnement f\u00fcr MedicusInfo verl\u00e4ngert sich stillschweigend, wenn es nicht mindestens 60 Tage vor Ablauf der Frist durch Versenden eines eingeschriebenen Schreibens mit Zustellnachweis gek\u00fcndigt wird.<\/span><\/span><\/p>\n<p><span class=\"\" title=\"\">Allgemeine Gesch\u00e4ftsbedingungen und Satzung der Mitglieder <a href=\"https:\/\/www.medicusinfo.eu\/de\/allgemeine-bedingungen\/\" target=\"_blank\" rel=\"noopener\">HIER<\/a><\/span><\/p>\n","protected":false},"excerpt":{"rendered":"<h6><span id=\"result_box\" class=\"\" lang=\"de\"><span class=\"\">f\u00fcr STUDENTEN von Bildungseinrichtungen bei MEDICAL-HEALTH*<\/span><\/span><\/h6>\n<p><span id=\"result_box\" class=\"\" lang=\"de\"><span class=\"tlid-translation translation\" lang=\"de\"><span title=\"\">Das Abonnement f\u00fcr MedicusInfo verl\u00e4ngert sich stillschweigend, wenn es nicht mindestens 60 Tage vor Ablauf der Frist durch Versenden eines eingeschriebenen Schreibens mit Zustellnachweis gek\u00fcndigt wird.<\/span><\/span><\/span><\/p>\n<p><span id=\"result_box\" class=\"\" lang=\"de\">* Alle Schulen und Universit\u00e4ten mit Adressen im medizinischen Bereich sind geeignet, um eine Mitgliedschaft zu beantragen<br \/>\n*<span class=\"tlid-translation translation\" lang=\"de\"><span class=\"\" title=\"\">H\u00f6chstalter 26 Jahre<\/span><\/span><br \/>\n<\/span><\/p>\n<p>&nbsp;<\/p>\n<p>Exklusive Vorteile der STUDENT-Mitgliedschaft:<\/p>\n<ul>\n<li><span id=\"result_box\" class=\"\" lang=\"de\"><span class=\"\">Zugriff auf alle Rabatte und Konventionen von MedicusInfo<\/span><\/span><span id=\"result_box\" class=\"short_text\" lang=\"de\"><\/span><\/li>\n<li><span id=\"result_box\" class=\"\" lang=\"de\"><span class=\"\">Alle Flottenrabatte auf Autos, Motorr\u00e4der und Nautik auf alle Marken und Garagen auf der Website*<br \/>\n(Um in den Genuss von Flottenrabatten zu kommen, muss die Karte auf den K\u00e4ufer des Fahrzeugs ausgestellt sein)<br \/>\n*Ausgenommen der Land Rover und Jaguar-Flottenrabatt, der f\u00fcr die <span id=\"result_box\" class=\"\" lang=\"fr\">BLUE, BUSINESS und<\/span> PLATINUM Mitgliedschaft reserviert ist<\/span><\/span><\/li>\n<li><span class=\"tlid-translation translation\" lang=\"de\"><span class=\"\" title=\"\">Mit der STUDENT-Karte k\u00f6nnen Sie auch eine BLUE-Partnerkarte f\u00fcr ein registriertes Mitglied Ihres Haushalts beantragen. Sie hat dieselbe G\u00fcltigkeit wie die Hauptkarte und die gleichen Leistungen. Der Preis betr\u00e4gt CHF 500.- f\u00fcr 3 Jahre.<\/span><\/span><\/li>\n<\/ul>\n<p>&nbsp;<\/p>\n<p><span id=\"result_box\" class=\"short_text\" lang=\"de\"><span class=\"\">Erm\u00e4\u00dfigte dreij\u00e4hrige Kosten<\/span><\/span><\/p>\n","protected":false},"featured_media":2412,"comment_status":"closed","ping_status":"closed","template":"","meta":{"_acf_changed":false},"product_brand":[],"product_cat":[72],"product_tag":[],"class_list":{"0":"post-2793","1":"product","2":"type-product","3":"status-publish","4":"has-post-thumbnail","6":"product_cat-membership-card-de","8":"first","9":"instock","10":"sold-individually","11":"shipping-taxable","12":"purchasable","13":"product-type-variable","14":"has-default-attributes"},"acf":[],"aioseo_notices":[],"_links":{"self":[{"href":"https:\/\/www.medicusinfo.eu\/de\/wp-json\/wp\/v2\/product\/2793","targetHints":{"allow":["GET"]}}],"collection":[{"href":"https:\/\/www.medicusinfo.eu\/de\/wp-json\/wp\/v2\/product"}],"about":[{"href":"https:\/\/www.medicusinfo.eu\/de\/wp-json\/wp\/v2\/types\/product"}],"replies":[{"embeddable":true,"href":"https:\/\/www.medicusinfo.eu\/de\/wp-json\/wp\/v2\/comments?post=2793"}],"wp:featuredmedia":[{"embeddable":true,"href":"https:\/\/www.medicusinfo.eu\/de\/wp-json\/wp\/v2\/media\/2412"}],"wp:attachment":[{"href":"https:\/\/www.medicusinfo.eu\/de\/wp-json\/wp\/v2\/media?parent=2793"}],"wp:term":[{"taxonomy":"product_brand","embeddable":true,"href":"https:\/\/www.medicusinfo.eu\/de\/wp-json\/wp\/v2\/product_brand?post=2793"},{"taxonomy":"product_cat","embeddable":true,"href":"https:\/\/www.medicusinfo.eu\/de\/wp-json\/wp\/v2\/product_cat?post=2793"},{"taxonomy":"product_tag","embeddable":true,"href":"https:\/\/www.medicusinfo.eu\/de\/wp-json\/wp\/v2\/product_tag?post=2793"}],"curies":[{"name":"wp","href":"https:\/\/api.w.org\/{rel}","templated":true}]}}