{"id":2794,"date":"2017-12-19T18:00:30","date_gmt":"2017-12-19T17:00:30","guid":{"rendered":"http:\/\/www.medicusinfo.eu\/prodotto\/membership-blue\/"},"modified":"2024-08-13T17:30:29","modified_gmt":"2024-08-13T15:30:29","slug":"membership-blue-de","status":"publish","type":"product","link":"https:\/\/www.medicusinfo.eu\/de\/prodotto\/membership-blue-de\/","title":{"rendered":"Membership BLUE"},"content":{"rendered":"<h6><span id=\"result_box\" class=\"\" lang=\"de\"><span class=\"\">F\u00dcR DEN MITARBEITERPERSONAL MEDIZINISCH-GESUNDHEITSSEKTOR<\/span><\/span>*<\/h6>\n<p><span id=\"result_box\" class=\"\" lang=\"de\"><span class=\"\">*Alle Angestellten haben eine Industriestruktur, einschlie\u00dflich Sch\u00f6nheitszentren, Physiotherapie und Fitness<\/span><\/span><\/p>\n<p><span class=\"\">Unabh\u00e4ngig von dem in der Struktur ausge\u00fcbten Beruf gilt die Mitgliedschaft im Bereich Medizin und Gesundheit des Arbeitgebers<\/span><\/p>\n<p><span id=\"result_box\" class=\"\" lang=\"de\"><span class=\"\">\u00c4rzte sind ausgeschlossen, obwohl die Mitarbeiter das <a href=\"https:\/\/www.medicusinfo.eu\/de\/prodotto\/membership-platinum-de\/\">PLATINUM-Abonnement <\/a>haben<\/span><\/span><\/p>\n<p><strong>Exklusive Vorteile der BLUE-Mitgliedschaft:<\/strong><\/p>\n<ul>\n<li><span id=\"result_box\" class=\"\" lang=\"de\"><span class=\"\">Alle Rabatte und Konventionen von MedicusInfo<\/span><\/span><span id=\"result_box\" class=\"short_text\" lang=\"de\"><\/span><\/li>\n<li><span id=\"result_box\" class=\"\" lang=\"de\"><span class=\"\">Alle Flottenrabatte auf Autos, Motorr\u00e4der und Nautik auf alle Marken und Garagen auf der Website<br \/>\n(Um in den Genuss von Flottenrabatten zu kommen, muss die Karte auf den K\u00e4ufer des Fahrzeugs ausgestellt sein)<br \/>\n<\/span><\/span><\/li>\n<\/ul>\n<p>&nbsp;<\/p>\n<p><span id=\"result_box\" class=\"\" lang=\"de\"><span class=\"\"><span title=\"Con la carta triennale potrai richiedere anche una carta partner per un membro della tua economia domestica, avr\u00e0 la stessa validit\u00e0 della carta principale. \"><strong>N.B.<\/strong> Mit der Dreijahreskarte k\u00f6nnen Sie auch eine Partnerkarte f\u00fcr ein Mitglied Ihres Haushalts beantragen, die dieselbe G\u00fcltigkeit wie die Hauptkarte hat.<\/span><\/span><\/span><\/p>\n<p><span class=\"tlid-translation translation\" lang=\"de\"><span title=\"\">Das Abonnement f\u00fcr MedicusInfo verl\u00e4ngert sich stillschweigend, wenn es nicht mindestens 60 Tage vor Ablauf der Frist durch Versenden eines eingeschriebenen Schreibens mit Zustellnachweis gek\u00fcndigt wird.<\/span><\/span><\/p>\n<p><span class=\"\" title=\"\">Allgemeine Gesch\u00e4ftsbedingungen und Satzung der Mitglieder <a href=\"https:\/\/www.medicusinfo.eu\/de\/allgemeine-bedingungen\/\" target=\"_blank\" rel=\"noopener\">HIER<\/a><\/span><\/p>\n","protected":false},"excerpt":{"rendered":"<h6><span id=\"result_box\" class=\"\" lang=\"de\"><span class=\"\">F\u00dcR DEN MITARBEITERPERSONAL MEDIZINISCH-GESUNDHEITSSEKTOR<\/span><\/span>*<\/h6>\n<p><span id=\"result_box\" class=\"\" lang=\"de\"><span class=\"\">*Alle Angestellten haben eine Industriestruktur, einschlie\u00dflich Sch\u00f6nheitszentren, Physiotherapie und Fitness, u<\/span><\/span><span class=\"\">nabh\u00e4ngig von dem in der Struktur ausge\u00fcbten Beruf gilt die Mitgliedschaft im Bereich Medizin und Gesundheit des Arbeitgebers<br \/>\n<\/span><span id=\"result_box\" class=\"\" lang=\"de\"><span class=\"\">\u00c4rzte sind ausgeschlossen, obwohl die Mitarbeiter das <a href=\"https:\/\/www.medicusinfo.eu\/de\/negozio\/membership-platinum-de\/\">PLATINUM-Abonnement <\/a>haben<\/span><\/span><\/p>\n<p><span class=\"tlid-translation translation\" lang=\"de\"><span title=\"\">Jahreskarte CHF 250.- (optional BLUE Partner Card f\u00fcr CHF 200.-)<\/span><\/span><\/p>\n<p><span class=\"\" title=\"\"><span title=\"\">Dreijahreskarte<\/span> mit erm\u00e4\u00dfigter Zahlung zu CHF 500.- <\/span><span class=\"\" title=\"\"><span class=\"tlid-translation translation\" lang=\"de\"><span title=\"\">(optional BLUE Partner Card f\u00fcr CHF 200.-)<\/span><\/span><\/span><strong><span class=\"\" title=\"\"><br \/>\n<\/span><\/strong><\/p>\n<p>&nbsp;<\/p>\n<p><span class=\"tlid-translation translation\" lang=\"de\"><span title=\"\">Das Abonnement f\u00fcr MedicusInfo verl\u00e4ngert sich stillschweigend, wenn es nicht mindestens 60 Tage vor Ablauf der Frist durch Versenden eines eingeschriebenen Schreibens mit Zustellnachweis gek\u00fcndigt wird.<\/span><\/span><\/p>\n<p>Exklusive Vorteile der BLUE-Mitgliedschaft:<\/p>\n<ul>\n<li><span id=\"result_box\" class=\"\" lang=\"de\"><span class=\"\">Alle Rabatte und Konventionen von MedicusInfo<\/span><\/span><span id=\"result_box\" class=\"short_text\" lang=\"de\"><\/span><\/li>\n<li><span id=\"result_box\" class=\"\" lang=\"de\"><span class=\"\">Alle Flottenrabatte auf <strong>Autos, Motorr\u00e4der und Nautik<\/strong> auf alle Marken und Garagen auf der Website<br \/>\n(Um in den Genuss von Flottenrabatten zu kommen, muss die Karte auf den K\u00e4ufer des Fahrzeugs ausgestellt sein)<br \/>\n<\/span><\/span><\/li>\n<\/ul>\n<p>&nbsp;<\/p>\n<p><span id=\"result_box\" class=\"\" lang=\"de\"><span class=\"\"><span title=\"Con la carta triennale potrai richiedere anche una carta partner per un membro della tua economia domestica, avr\u00e0 la stessa validit\u00e0 della carta principale. \"><strong>N.B.<\/strong> Mit der Dreijahreskarte k\u00f6nnen Sie auch eine Partnerkarte f\u00fcr ein Mitglied Ihres Haushalts beantragen, die dieselbe G\u00fcltigkeit wie die Hauptkarte hat.<\/span><\/span><\/span><\/p>\n","protected":false},"featured_media":2406,"comment_status":"closed","ping_status":"closed","template":"","meta":{"_acf_changed":false},"product_brand":[],"product_cat":[72],"product_tag":[],"class_list":{"0":"post-2794","1":"product","2":"type-product","3":"status-publish","4":"has-post-thumbnail","6":"product_cat-membership-card-de","8":"first","9":"instock","10":"sold-individually","11":"shipping-taxable","12":"purchasable","13":"product-type-variable"},"acf":[],"aioseo_notices":[],"_links":{"self":[{"href":"https:\/\/www.medicusinfo.eu\/de\/wp-json\/wp\/v2\/product\/2794","targetHints":{"allow":["GET"]}}],"collection":[{"href":"https:\/\/www.medicusinfo.eu\/de\/wp-json\/wp\/v2\/product"}],"about":[{"href":"https:\/\/www.medicusinfo.eu\/de\/wp-json\/wp\/v2\/types\/product"}],"replies":[{"embeddable":true,"href":"https:\/\/www.medicusinfo.eu\/de\/wp-json\/wp\/v2\/comments?post=2794"}],"wp:featuredmedia":[{"embeddable":true,"href":"https:\/\/www.medicusinfo.eu\/de\/wp-json\/wp\/v2\/media\/2406"}],"wp:attachment":[{"href":"https:\/\/www.medicusinfo.eu\/de\/wp-json\/wp\/v2\/media?parent=2794"}],"wp:term":[{"taxonomy":"product_brand","embeddable":true,"href":"https:\/\/www.medicusinfo.eu\/de\/wp-json\/wp\/v2\/product_brand?post=2794"},{"taxonomy":"product_cat","embeddable":true,"href":"https:\/\/www.medicusinfo.eu\/de\/wp-json\/wp\/v2\/product_cat?post=2794"},{"taxonomy":"product_tag","embeddable":true,"href":"https:\/\/www.medicusinfo.eu\/de\/wp-json\/wp\/v2\/product_tag?post=2794"}],"curies":[{"name":"wp","href":"https:\/\/api.w.org\/{rel}","templated":true}]}}