{"id":3788,"date":"2018-04-24T16:16:43","date_gmt":"2018-04-24T14:16:47","guid":{"rendered":"https:\/\/www.medicusinfo.eu\/?post_type=product&#038;p=3788"},"modified":"2024-08-13T17:30:38","modified_gmt":"2024-08-13T15:30:38","slug":"membership-business-de","status":"publish","type":"product","link":"https:\/\/www.medicusinfo.eu\/de\/prodotto\/membership-business-de\/","title":{"rendered":"Membership PLATINUM BUSINESS"},"content":{"rendered":"<h6>F\u00fcr medizinische, zahn\u00e4rztliche, klinische und Pflegeheime \/ Altersheime<\/h6>\n<p>Die Vorteile der PLATINUM BUSINESS-Mitgliedschaft:<\/p>\n<ul>\n<li>Zugriff auf alle Rabatte und Konventionen von MedicusInfo<\/li>\n<li>Gutschriften f\u00fcr die eigene Struktur und \/ oder f\u00fcr ihre Kunden zu einem Satz von 5%<\/li>\n<li>Speziell gestaltete Vereinbarungen, wie die M\u00f6glichkeit, Rabatte f\u00fcr Gruppen (g\u00fcltig f\u00fcr Altersheime und Pflegeheime)<\/li>\n<li><span id=\"result_box\" class=\"\" lang=\"de\"><span class=\"\">Alle Flottenrabatte auf Autos, Motorr\u00e4der und Nautik auf alle Marken und Garagen auf der Website<br \/>\n(Um in den Genuss von Flottenrabatten zu kommen, muss die Karte auf den K\u00e4ufer des Fahrzeugs ausgestellt sein)<br \/>\n<em>Land Rover und Jaguar-Flottenrabatt <span class=\"tlid-translation translation\"><span class=\"\" title=\"\">inklusive<\/span><\/span><\/em><\/span><\/span><span id=\"result_box\" class=\"\" lang=\"de\"><\/span><\/li>\n<li>Kostenlose steuerliche, rechtliche und administrative Beratung<\/li>\n<li>Speziell f\u00fcr die Struktur vereinbarte Kraftstoffrabatte mit bequemer monatlicher Rechnungsstellung<\/li>\n<li><span class=\"tlid-translation translation\" lang=\"de\">Eine optionale PLATINUM-Karte** f\u00fcr den Eigent\u00fcmer der kostenlosen Struktur enthalten<\/span><\/li>\n<\/ul>\n<p><em>*Abh\u00e4ngig von der Kreditw\u00fcrdigkeit des Kunden<\/em><\/p>\n<p><em>**So k\u00f6nnen Sie sowohl von der Struktur als auch von der pers\u00f6nlichen und famili\u00e4ren Ebene profitieren<\/em><\/p>\n<p id=\"fancy-title-130\" class=\"mk-fancy-title simple-style color-single\">Im <a href=\"https:\/\/www.medicusinfo.eu\/de\/reservierter-bereich\/\">reservierten Bereich<\/a> finden Sie ein Anfrageformular, um von unseren Bankpartnern kontaktiert zu werden und das beste Angebot auf dem Markt, f\u00fcr Sie oder f\u00fcr Ihre Kunden zu erhalten.<\/p>\n<p><span class=\"tlid-translation translation\" lang=\"de\"><span title=\"\">Das Abonnement f\u00fcr MedicusInfo verl\u00e4ngert sich stillschweigend, wenn es nicht mindestens 60 Tage vor Ablauf der Frist durch Versenden eines eingeschriebenen Schreibens mit Zustellnachweis gek\u00fcndigt wird.<\/span><\/span><\/p>\n<p><span class=\"\" title=\"\">Allgemeine Gesch\u00e4ftsbedingungen und Satzung der Mitglieder <a href=\"https:\/\/www.medicusinfo.eu\/de\/allgemeine-bedingungen\/\" target=\"_blank\" rel=\"noopener\">HIER<\/a><\/span><\/p>\n","protected":false},"excerpt":{"rendered":"<h4>F\u00fcr medizinische, zahn\u00e4rztliche, klinische und Pflegeheime \/ Altersheime<\/h4>\n<p><strong>Dreijahreskarte von CHF 1&#8217;000.- <span class=\"tlid-translation translation\" lang=\"de\">(Inklusive 1 KOSTENLOSE PLATINUM-Karte)<\/span><\/strong><\/p>\n<p><span class=\"tlid-translation translation\" lang=\"de\"><span title=\"\">Das Abonnement f\u00fcr MedicusInfo verl\u00e4ngert sich stillschweigend, wenn es nicht mindestens 60 Tage vor Ablauf der Frist durch Versenden eines eingeschriebenen Schreibens mit Zustellnachweis gek\u00fcndigt wird.<\/span><\/span><\/p>\n<p>Die Vorteile der PLATINUM BUSINESS-Mitgliedschaft:<\/p>\n<ul>\n<li>Zugriff auf alle Rabatte und Konventionen von MedicusInfo<\/li>\n<li>Gutschriften f\u00fcr die eigene Struktur und \/ oder f\u00fcr ihre Kunden zu einem Satz von 5%<\/li>\n<li>Speziell gestaltete Vereinbarungen, wie die M\u00f6glichkeit, Rabatte f\u00fcr Gruppen (g\u00fcltig f\u00fcr Altersheime und Pflegeheime)<\/li>\n<li><span id=\"result_box\" class=\"\" lang=\"de\"><span class=\"\">Alle Flottenrabatte auf Autos, Motorr\u00e4der und Nautik auf alle Marken und Garagen auf der Website<br \/>\n(Um in den Genuss von Flottenrabatten zu kommen, muss die Karte auf den K\u00e4ufer des Fahrzeugs ausgestellt sein)<br \/>\n<em>Land Rover und Jaguar-Flottenrabatt <span class=\"tlid-translation translation\"><span class=\"\" title=\"\">inklusive<\/span><\/span><br \/>\n<\/em><\/span><\/span><\/li>\n<li>Kostenlose steuerliche, rechtliche und administrative Beratung<\/li>\n<li>Speziell f\u00fcr die Struktur vereinbarte Kraftstoffrabatte mit bequemer monatlicher Rechnungsstellung<\/li>\n<li><span class=\"tlid-translation translation\" lang=\"de\">Eine optionale PLATINUM-Karte** f\u00fcr den Eigent\u00fcmer der kostenlosen Struktur enthalten<\/span><\/li>\n<\/ul>\n<p><em>*Abh\u00e4ngig von der Kreditw\u00fcrdigkeit des Kunden<\/em><\/p>\n<p><em>**So k\u00f6nnen Sie sowohl von der Struktur als auch von der pers\u00f6nlichen und famili\u00e4ren Ebene profitieren<\/em><\/p>\n<p id=\"fancy-title-130\" class=\"mk-fancy-title simple-style color-single\">Im <a href=\"https:\/\/www.medicusinfo.eu\/de\/reservierter-bereich\/\">reservierten Bereich<\/a> finden Sie ein Anfrageformular, um von unseren Bankpartnern kontaktiert zu werden und das beste Angebot auf dem Markt, f\u00fcr Sie oder f\u00fcr Ihre Kunden zu erhalten.<\/p>\n","protected":false},"featured_media":3798,"comment_status":"closed","ping_status":"closed","template":"","meta":{"_acf_changed":false},"product_brand":[],"product_cat":[72],"product_tag":[],"class_list":{"0":"post-3788","1":"product","2":"type-product","3":"status-publish","4":"has-post-thumbnail","6":"product_cat-membership-card-de","8":"first","9":"instock","10":"sold-individually","11":"shipping-taxable","12":"purchasable","13":"product-type-simple"},"acf":[],"aioseo_notices":[],"_links":{"self":[{"href":"https:\/\/www.medicusinfo.eu\/de\/wp-json\/wp\/v2\/product\/3788","targetHints":{"allow":["GET"]}}],"collection":[{"href":"https:\/\/www.medicusinfo.eu\/de\/wp-json\/wp\/v2\/product"}],"about":[{"href":"https:\/\/www.medicusinfo.eu\/de\/wp-json\/wp\/v2\/types\/product"}],"replies":[{"embeddable":true,"href":"https:\/\/www.medicusinfo.eu\/de\/wp-json\/wp\/v2\/comments?post=3788"}],"wp:featuredmedia":[{"embeddable":true,"href":"https:\/\/www.medicusinfo.eu\/de\/wp-json\/wp\/v2\/media\/3798"}],"wp:attachment":[{"href":"https:\/\/www.medicusinfo.eu\/de\/wp-json\/wp\/v2\/media?parent=3788"}],"wp:term":[{"taxonomy":"product_brand","embeddable":true,"href":"https:\/\/www.medicusinfo.eu\/de\/wp-json\/wp\/v2\/product_brand?post=3788"},{"taxonomy":"product_cat","embeddable":true,"href":"https:\/\/www.medicusinfo.eu\/de\/wp-json\/wp\/v2\/product_cat?post=3788"},{"taxonomy":"product_tag","embeddable":true,"href":"https:\/\/www.medicusinfo.eu\/de\/wp-json\/wp\/v2\/product_tag?post=3788"}],"curies":[{"name":"wp","href":"https:\/\/api.w.org\/{rel}","templated":true}]}}