{"id":5966,"date":"2018-09-01T08:48:30","date_gmt":"2018-09-01T06:48:34","guid":{"rendered":"https:\/\/www.medicusinfo.eu\/?post_type=product&#038;p=5966"},"modified":"2024-08-13T17:30:20","modified_gmt":"2024-08-13T15:30:20","slug":"membership-blue-basic","status":"publish","type":"product","link":"https:\/\/www.medicusinfo.eu\/de\/prodotto\/membership-blue-basic\/","title":{"rendered":"Membership BLUE BASIC"},"content":{"rendered":"<h6><span id=\"result_box\" class=\"\" lang=\"de\"><span class=\"\">F\u00dcR DEN MITARBEITERPERSONAL MEDIZINISCH-GESUNDHEITSSEKTOR<\/span><\/span>*<\/h6>\n<p><span id=\"result_box\" class=\"\" lang=\"de\"><span class=\"\">*Alle Angestellten haben eine Industriestruktur, einschlie\u00dflich Sch\u00f6nheitszentren, Physiotherapie und Fitness<\/span><\/span><\/p>\n<p><span class=\"\">Unabh\u00e4ngig von dem in der Struktur ausge\u00fcbten Beruf gilt die Mitgliedschaft im Bereich Medizin und Gesundheit des Arbeitgebers<\/span><\/p>\n<p><span id=\"result_box\" class=\"\" lang=\"de\"><span class=\"\">\u00c4rzte sind ausgeschlossen, obwohl die Mitarbeiter das <a href=\"https:\/\/www.medicusinfo.eu\/de\/prodotto\/membership-platinum-de\/\">PLATINUM-Abonnement <\/a>haben<\/span><\/span><\/p>\n<p><strong><span id=\"result_box\" class=\"\" lang=\"de\"><span title=\"Validit\u00e0 carta triennale \">Drei-Jahres-G\u00fcltigkeit der Karte<\/span><\/span><\/strong><\/p>\n<p><span title=\"Possibilit\u00e0 di pagamento annuale o triennale scontato \">\u00a0<\/span><\/p>\n<p><strong>Exklusive Vorteile der BLUE-Mitgliedschaft:<\/strong><\/p>\n<ul>\n<li><span id=\"result_box\" class=\"\" lang=\"de\"><span class=\"\">Alle Rabatte und Konventionen von MedicusInfo<\/span><\/span><span id=\"result_box\" class=\"short_text\" lang=\"de\"><\/span><\/li>\n<\/ul>\n<p><span id=\"result_box\" class=\"\" lang=\"de\"><span class=\"\">DIE FLOTTENRABATTE AUF AUTO, MOTORRADER UND NAUTIK SIND <strong>NICHT INKLUSIVE<\/strong><\/span><\/span><\/p>\n<p><span id=\"result_box\" class=\"\" lang=\"de\"><span class=\"\"><span title=\"Con la carta triennale potrai richiedere anche una carta partner per un membro della tua economia domestica, avr\u00e0 la stessa validit\u00e0 della carta principale. \"><strong>N.B.<\/strong> Mit der Dreijahreskarte k\u00f6nnen Sie auch eine Partnerkarte f\u00fcr ein Mitglied Ihres Haushalts beantragen, die dieselbe G\u00fcltigkeit wie die Hauptkarte hat.<\/span><\/span><\/span><\/p>\n<p>Das Abonnement f\u00fcr MedicusInfo verl\u00e4ngert sich stillschweigend, wenn es nicht mindestens 60 Tage vor Ablauf der Frist durch Versenden eines eingeschriebenen Schreibens mit Zustellnachweis gek\u00fcndigt wird.<\/p>\n<p>Allgemeine Gesch\u00e4ftsbedingungen und Satzung der Mitglieder <a href=\"https:\/\/www.medicusinfo.eu\/de\/allgemeine-bedingungen\/\" target=\"_blank\" rel=\"noopener\">HIER<\/a><\/p>\n","protected":false},"excerpt":{"rendered":"<p><strong><span id=\"result_box\" class=\"\" lang=\"de\"><span title=\"Validit\u00e0 carta triennale \">Drei-Jahres-G\u00fcltigkeit der Karte<\/span><\/span><\/strong><span id=\"result_box\" class=\"\" lang=\"de\"><\/span><\/p>\n<p><span id=\"result_box\" class=\"\" lang=\"de\"><span class=\"\">Alle Vorteile f\u00fcr CHF 50 .- \/ Jahr!<\/span><\/span><\/p>\n<h6><span id=\"result_box\" class=\"\" lang=\"de\"><span class=\"\">F\u00dcR DEN MITARBEITERPERSONAL MEDIZINISCH-GESUNDHEITSSEKTOR<\/span><\/span>*<\/h6>\n<p><span id=\"result_box\" class=\"\" lang=\"de\"><span class=\"\">*Alle Angestellten haben eine Industriestruktur, einschlie\u00dflich Sch\u00f6nheitszentren, Physiotherapie und Fitness<\/span><\/span><\/p>\n<p><span class=\"\">Unabh\u00e4ngig von dem in der Struktur ausge\u00fcbten Beruf gilt die Mitgliedschaft im Bereich Medizin und Gesundheit des Arbeitgebers<\/span><\/p>\n<p><span id=\"result_box\" class=\"\" lang=\"de\"><span class=\"\">\u00c4rzte sind ausgeschlossen, obwohl die Mitarbeiter das <a href=\"https:\/\/www.medicusinfo.eu\/de\/negozio\/membership-platinum-de\/\">PLATINUM-Abonnement <\/a>haben<\/span><\/span><\/p>\n<p>Das Abonnement f\u00fcr MedicusInfo verl\u00e4ngert sich stillschweigend, wenn es nicht mindestens 60 Tage vor Ablauf der Frist durch Versenden eines eingeschriebenen Schreibens mit Zustellnachweis gek\u00fcndigt wird.<\/p>\n<p><strong>Exklusive Vorteile der BLUE-Mitgliedschaft:<\/strong><\/p>\n<ul>\n<li><span id=\"result_box\" class=\"\" lang=\"de\"><span class=\"\">Alle Rabatte und Konventionen von MedicusInfo<\/span><\/span><span id=\"result_box\" class=\"short_text\" lang=\"de\"><\/span><\/li>\n<\/ul>\n<p><span id=\"result_box\" class=\"\" lang=\"de\"><span class=\"\">DIE FLOTTENRABATTE AUF AUTO, MOTORRADER UND NAUTIK SIND <strong>NICHT INKLUSIVE<\/strong><\/span><\/span><\/p>\n<p>&nbsp;<\/p>\n<p><span id=\"result_box\" class=\"\" lang=\"de\"><span class=\"\"><span title=\"Con la carta triennale potrai richiedere anche una carta partner per un membro della tua economia domestica, avr\u00e0 la stessa validit\u00e0 della carta principale. \"><strong>N.B.<\/strong> Mit der Dreijahreskarte k\u00f6nnen Sie auch eine Partnerkarte f\u00fcr ein Mitglied Ihres Haushalts beantragen, die dieselbe G\u00fcltigkeit wie die Hauptkarte hat.<\/span><\/span><\/span><\/p>\n","protected":false},"featured_media":5959,"comment_status":"closed","ping_status":"closed","template":"","meta":{"_acf_changed":false},"product_brand":[],"product_cat":[72],"product_tag":[],"class_list":{"0":"post-5966","1":"product","2":"type-product","3":"status-publish","4":"has-post-thumbnail","6":"product_cat-membership-card-de","8":"first","9":"instock","10":"sold-individually","11":"shipping-taxable","12":"purchasable","13":"product-type-variable","14":"has-default-attributes"},"acf":[],"aioseo_notices":[],"_links":{"self":[{"href":"https:\/\/www.medicusinfo.eu\/de\/wp-json\/wp\/v2\/product\/5966","targetHints":{"allow":["GET"]}}],"collection":[{"href":"https:\/\/www.medicusinfo.eu\/de\/wp-json\/wp\/v2\/product"}],"about":[{"href":"https:\/\/www.medicusinfo.eu\/de\/wp-json\/wp\/v2\/types\/product"}],"replies":[{"embeddable":true,"href":"https:\/\/www.medicusinfo.eu\/de\/wp-json\/wp\/v2\/comments?post=5966"}],"wp:featuredmedia":[{"embeddable":true,"href":"https:\/\/www.medicusinfo.eu\/de\/wp-json\/wp\/v2\/media\/5959"}],"wp:attachment":[{"href":"https:\/\/www.medicusinfo.eu\/de\/wp-json\/wp\/v2\/media?parent=5966"}],"wp:term":[{"taxonomy":"product_brand","embeddable":true,"href":"https:\/\/www.medicusinfo.eu\/de\/wp-json\/wp\/v2\/product_brand?post=5966"},{"taxonomy":"product_cat","embeddable":true,"href":"https:\/\/www.medicusinfo.eu\/de\/wp-json\/wp\/v2\/product_cat?post=5966"},{"taxonomy":"product_tag","embeddable":true,"href":"https:\/\/www.medicusinfo.eu\/de\/wp-json\/wp\/v2\/product_tag?post=5966"}],"curies":[{"name":"wp","href":"https:\/\/api.w.org\/{rel}","templated":true}]}}