{"id":13081,"date":"2019-07-18T16:53:12","date_gmt":"2019-07-18T14:53:12","guid":{"rendered":"https:\/\/www.medicusinfo.eu\/?page_id=13081"},"modified":"2019-07-18T17:04:10","modified_gmt":"2019-07-18T15:04:10","slug":"refer-a-friend","status":"publish","type":"page","link":"https:\/\/www.medicusinfo.eu\/fr\/refer-a-friend\/","title":{"rendered":"refer-a-friend"},"content":{"rendered":"<div class=\"wpb-content-wrapper\">[vc_row][vc_column][mk_fancy_title font_family=\u00a0\u00bbnone\u00a0\u00bb]\n<h3 class=\"null\" style=\"text-align: center;\"><span class=\"tlid-translation translation\" lang=\"fr\"><span class=\"\" title=\"\">PR\u00c9SENTEZ UN NOUVEAU MEMBRE<\/span><\/span><\/h3>\n[\/mk_fancy_title][mk_image src=\u00a0\u00bbhttps:\/\/www.medicusinfo.eu\/wp-content\/uploads\/2019\/07\/depositphotos_204520214_s-2019.jpg\u00a0\u00bb image_size=\u00a0\u00bbfull\u00a0\u00bb][mk_padding_divider size=\u00a0\u00bb50&Prime;][vc_column_text css=\u00a0\u00bb.vc_custom_1563462194761{margin-bottom: 0px !important;}\u00a0\u00bb]\n<h4 class=\"null\">IL<\/h4>\n<div><span class=\"tlid-translation translation\" lang=\"fr\">aura <strong>10% de r\u00e9duction<\/strong> sur la souscription d&rsquo;une carte de membre<br \/>\nMedicinInfo BLUE, PLATINUM ou PLATINUM BUSINESS, d&rsquo;une dur\u00e9e de trois ans<\/span><\/div>\n[\/vc_column_text][mk_padding_divider][vc_column_text css=\u00a0\u00bb.vc_custom_1563462239952{margin-bottom: 0px !important;}\u00a0\u00bb]\n<h4 class=\"null\"><span class=\"tlid-translation translation\" lang=\"fr\">ET TOI\u2026<\/span><\/h4>\n<p><span class=\"tlid-translation translation\" lang=\"fr\">Pour chaque personne que vous pr\u00e9sentez et qui s\u2019inscrira pour recevoir une carte, il y aura un rabais de 10% * ou 20% ** sur votre prochain renouvellement.<\/span><\/p>\n<p><strong>Si vous en pr\u00e9sentez 5<\/strong>, votre renouvellement sera totalement <strong>GRATUIT<\/strong><\/p>\n<p>&nbsp;<\/p>\n<p><em><span class=\"tlid-translation translation\" lang=\"fr\"><br \/>\n* 10% Si la personne pr\u00e9sent\u00e9e signe un abonnement annuel \u00e0 MedicusInfo BLUE, PLATINE ou PLATINUM BUSINESS<br \/>\n** 20% Si la personne pr\u00e9sent\u00e9e signe un abonnement de trois ans \u00e0 MedicusInfo, BLUE, PLATINUM ouPLATINUM BUSINESS<br \/>\n<\/span><\/em>[\/vc_column_text][mk_padding_divider size=\u00a0\u00bb80&Prime;][vc_column_text css=\u00a0\u00bb.vc_custom_1563461563375{margin-bottom: 0px !important;}\u00a0\u00bb]\n<h4>C<span class=\"tlid-translation translation\" lang=\"fr\">OMMENT L&rsquo;UTILISER:<\/span><\/h4>\n<ul>\n<li><span class=\"tlid-translation translation\" lang=\"fr\">\u00a0Inviter la personne \u00e0 se rendre sur le site MedicusInfo<br \/>\n<\/span><\/li>\n<li><span class=\"tlid-translation translation\" lang=\"fr\">Donnez-lui le code de coupon \u00e0 utiliser pour obtenir le rabais: \u00ab\u00a0refer-a-friend-10\u00a0\u00bb<br \/>\n<\/span><\/li>\n<li><span class=\"tlid-translation translation\" lang=\"fr\">La personne invit\u00e9e peut l&rsquo;ins\u00e9rer dans la page \u00ab\u00a0panier\u00a0\u00bb en cliquant sur le bouton \u00ab\u00a0Appliquer le coupon\u00a0\u00bb.<br \/>\n<\/span><\/li>\n<li><span class=\"tlid-translation translation\" lang=\"fr\">N&rsquo;oubliez pas d&rsquo;ins\u00e9rer votre num\u00e9ro de carte ou votre nom dans le champ \u00ab\u00a0\u00cates-vous pr\u00e9sent\u00e9 par un membre de MedicusInfo?\u00a0\u00bb dans la page \u00ab\u00a0checkout\u00a0\u00bb*<br \/>\n<\/span><\/li>\n<li><span class=\"tlid-translation translation\" lang=\"fr\">Nous validerons la r\u00e9duction pour votre ami et enregistrerons cela pour votre renouvellement<\/span><span class=\"tlid-translation translation\" lang=\"fr\"><br \/>\n<\/span><\/li>\n<\/ul>\n<p><em>* Si le num\u00e9ro de carte de la personne qui soumet n&rsquo;est pas entr\u00e9, ni la r\u00e9duction pour le nouveau membre ni celle pour votre renouvellement ne seront valables.<\/em>[\/vc_column_text][mk_padding_divider size=\u00a0\u00bb80&Prime;][mk_fancy_title font_family=\u00a0\u00bbnone\u00a0\u00bb]\n<h3 style=\"text-align: center;\"><span class=\"tlid-translation translation\" lang=\"fr\">Faites suivre ce COUPON \u00e0 votre coll\u00e8gue<\/span><\/h3>\n<h3 style=\"text-align: center;\">\u00ab\u00a0refer-a-friend-10\u00a0\u00bb<\/h3>\n[\/mk_fancy_title][mk_padding_divider size=\u00a0\u00bb80&Prime;]<div class=\"woocommerce columns-6 \"><div class=\"mk-product-loop compact-layout grid--float\">\n\t<section class=\"products mk--row js-el\" data-grid-config='{\"item\":\".product\"}' data-mk-component=\"Grid\">\n\n<article class=\"item mk--col mk--col--3-12 product type-product post-2782 status-publish instock product_cat-membership-card-fr has-post-thumbnail sold-individually shipping-taxable purchasable product-type-variable\">\n<div class=\"mk-product-holder\">\n\t\t<div class=\"product-loop-thumb\">\n\t\t<a href=\"https:\/\/www.medicusinfo.eu\/fr\/prodotto\/membership-platinum-fr\/\" class=\"product-link\"><img decoding=\"async\" src=\"https:\/\/www.medicusinfo.eu\/wp-content\/uploads\/bfi_thumb\/dummy-transparent-r6vjhx3rs8c6ey6505n59w8npkiqxuw1ygc6yuan04.png\" data-mk-image-src-set='{\"default\":\"https:\/\/www.medicusinfo.eu\/wp-content\/uploads\/2017\/12\/platcc.jpg\",\"2x\":\"\",\"mobile\":\"\",\"responsive\":\"true\"}' class=\"product-loop-image\" alt=\"Membership PLATINUM\" title=\"Membership PLATINUM\" itemprop=\"image\" \/><span class=\"product-loading-icon added-cart\"><\/span><\/a>\n\t\t<div class=\"product-item-footer without-rating\">\n\t\t\t\t\t\t<\/a><a rel=\"nofollow\" href=\"https:\/\/www.medicusinfo.eu\/fr\/prodotto\/membership-platinum-fr\/\" data-quantity=\"1\" data-product_id=\"2782\" data-product_sku=\"member_platinum\" class=\"product_loop_button product_type_variable add_to_cart_button \" data-product_id=\"2782\" data-product_sku=\"member_platinum\" aria-label=\"S\u00e9lectionner les options pour &ldquo;Membership PLATINUM&rdquo;\" rel=\"nofollow\"><svg  class=\"mk-svg-icon\" data-name=\"mk-moon-cart-plus\" data-cacheid=\"icon-69ea54b9add9e\" style=\" height:16px; width: 16px; \"  xmlns=\"http:\/\/www.w3.org\/2000\/svg\" viewBox=\"0 0 512 512\"><path d=\"M416 96h-272c-16.138 0-29.751 12.018-31.753 28.031l-28.496 227.969h-51.751c-17.673 0-32 14.327-32 32s14.327 32 32 32h80c16.138 0 29.751-12.017 31.753-28.031l28.496-227.969h219.613l57.369 200.791c4.854 16.993 22.567 26.832 39.56 21.978 16.993-4.855 26.833-22.567 21.978-39.56l-64-224c-3.925-13.737-16.482-23.209-30.769-23.209zm-288-80a48 48 2700 1 0 96 0 48 48 2700 1 0-96 0zm192 0a48 48 2700 1 0 96 0 48 48 2700 1 0-96 0zm64 240h-64v-64h-64v64h-64v64h64v64h64v-64h64z\" transform=\"scale(1 -1) translate(0 -480)\"\/><\/svg><span class=\"product_loop_button_text\">S\u00e9lectionner des options<\/a>\t<\/div>\n<\/div>\n\t<a href=\"https:\/\/www.medicusinfo.eu\/fr\/prodotto\/membership-platinum-fr\/\" class=\"woocommerce-LoopProduct-link woocommerce-loop-product__link\">\n\t\t<div class=\"mk-shop-item-detail\">\n\t\t\t<h3 class=\"product-title\"><a href=\"https:\/\/www.medicusinfo.eu\/fr\/prodotto\/membership-platinum-fr\/\">Membership PLATINUM<\/a><\/h3>\n\t\t\t\n\t<span class=\"price\"><span class=\"woocommerce-Price-amount amount\"><bdi>400.00&nbsp;<span class=\"woocommerce-Price-currencySymbol\">&#67;&#72;&#70;<\/span><\/bdi><\/span> &ndash; <span class=\"woocommerce-Price-amount amount\"><bdi>1'000.00&nbsp;<span class=\"woocommerce-Price-currencySymbol\">&#67;&#72;&#70;<\/span><\/bdi><\/span><\/span>\n\n\t\t\t\t\t<\/div>\n<\/div>\n<\/article>\n\n<article class=\"item mk--col mk--col--3-12 product type-product post-5969 status-publish instock product_cat-membership-card-fr has-post-thumbnail sold-individually shipping-taxable purchasable product-type-variable has-default-attributes\">\n<div class=\"mk-product-holder\">\n\t\t<div class=\"product-loop-thumb\">\n\t\t<a href=\"https:\/\/www.medicusinfo.eu\/fr\/prodotto\/membership-blue-basic\/\" class=\"product-link\"><img decoding=\"async\" src=\"https:\/\/www.medicusinfo.eu\/wp-content\/uploads\/bfi_thumb\/dummy-transparent-r6vjhx3rs8c6ey6505n59w8npkiqxuw1ygc6yuan04.png\" data-mk-image-src-set='{\"default\":\"https:\/\/www.medicusinfo.eu\/wp-content\/uploads\/2017\/10\/blue-basic-card.png\",\"2x\":\"\",\"mobile\":\"\",\"responsive\":\"true\"}' class=\"product-loop-image\" alt=\"Membership BLUE BASIC\" title=\"Membership BLUE BASIC\" itemprop=\"image\" \/><span class=\"product-loading-icon added-cart\"><\/span><\/a>\n\t\t<div class=\"product-item-footer without-rating\">\n\t\t\t\t\t\t<\/a><a rel=\"nofollow\" href=\"https:\/\/www.medicusinfo.eu\/fr\/prodotto\/membership-blue-basic\/\" data-quantity=\"1\" data-product_id=\"5969\" data-product_sku=\"member_blue-1\" class=\"product_loop_button product_type_variable add_to_cart_button \" data-product_id=\"5969\" data-product_sku=\"member_blue-1\" aria-label=\"S\u00e9lectionner les options pour &ldquo;Membership BLUE BASIC&rdquo;\" rel=\"nofollow\"><svg  class=\"mk-svg-icon\" data-name=\"mk-moon-cart-plus\" data-cacheid=\"icon-69ea54b9b0342\" style=\" height:16px; width: 16px; \"  xmlns=\"http:\/\/www.w3.org\/2000\/svg\" viewBox=\"0 0 512 512\"><path d=\"M416 96h-272c-16.138 0-29.751 12.018-31.753 28.031l-28.496 227.969h-51.751c-17.673 0-32 14.327-32 32s14.327 32 32 32h80c16.138 0 29.751-12.017 31.753-28.031l28.496-227.969h219.613l57.369 200.791c4.854 16.993 22.567 26.832 39.56 21.978 16.993-4.855 26.833-22.567 21.978-39.56l-64-224c-3.925-13.737-16.482-23.209-30.769-23.209zm-288-80a48 48 2700 1 0 96 0 48 48 2700 1 0-96 0zm192 0a48 48 2700 1 0 96 0 48 48 2700 1 0-96 0zm64 240h-64v-64h-64v64h-64v64h64v64h64v-64h64z\" transform=\"scale(1 -1) translate(0 -480)\"\/><\/svg><span class=\"product_loop_button_text\">S\u00e9lectionner des options<\/a>\t<\/div>\n<\/div>\n\t<a href=\"https:\/\/www.medicusinfo.eu\/fr\/prodotto\/membership-blue-basic\/\" class=\"woocommerce-LoopProduct-link woocommerce-loop-product__link\">\n\t\t<div class=\"mk-shop-item-detail\">\n\t\t\t<h3 class=\"product-title\"><a href=\"https:\/\/www.medicusinfo.eu\/fr\/prodotto\/membership-blue-basic\/\">Membership BLUE BASIC<\/a><\/h3>\n\t\t\t\n\t<span class=\"price\"><span class=\"woocommerce-Price-amount amount\"><bdi>150.00&nbsp;<span class=\"woocommerce-Price-currencySymbol\">&#67;&#72;&#70;<\/span><\/bdi><\/span> &ndash; <span class=\"woocommerce-Price-amount amount\"><bdi>300.00&nbsp;<span class=\"woocommerce-Price-currencySymbol\">&#67;&#72;&#70;<\/span><\/bdi><\/span><\/span>\n\n\t\t\t\t\t<\/div>\n<\/div>\n<\/article>\n\n<article class=\"item mk--col mk--col--3-12 product type-product post-2790 status-publish last instock product_cat-membership-card-fr has-post-thumbnail sold-individually shipping-taxable purchasable product-type-variable\">\n<div class=\"mk-product-holder\">\n\t\t<div class=\"product-loop-thumb\">\n\t\t<a href=\"https:\/\/www.medicusinfo.eu\/fr\/prodotto\/membership-blue-fr\/\" class=\"product-link\"><img decoding=\"async\" src=\"https:\/\/www.medicusinfo.eu\/wp-content\/uploads\/bfi_thumb\/dummy-transparent-r6vjhx3rpllyho8noggxfpcyfarecedn1qj7odob24.png\" data-mk-image-src-set='{\"default\":\"https:\/\/www.medicusinfo.eu\/wp-content\/uploads\/2017\/10\/blue.png\",\"2x\":\"\",\"mobile\":\"\",\"responsive\":\"true\"}' class=\"product-loop-image\" alt=\"Membership BLUE\" title=\"Membership BLUE\" itemprop=\"image\" \/><span class=\"product-loading-icon added-cart\"><\/span><\/a>\n\t\t<div class=\"product-item-footer without-rating\">\n\t\t\t\t\t\t<\/a><a rel=\"nofollow\" href=\"https:\/\/www.medicusinfo.eu\/fr\/prodotto\/membership-blue-fr\/\" data-quantity=\"1\" data-product_id=\"2790\" data-product_sku=\"member_blue\" class=\"product_loop_button product_type_variable add_to_cart_button \" data-product_id=\"2790\" data-product_sku=\"member_blue\" aria-label=\"S\u00e9lectionner les options pour &ldquo;Membership BLUE&rdquo;\" rel=\"nofollow\"><svg  class=\"mk-svg-icon\" data-name=\"mk-moon-cart-plus\" data-cacheid=\"icon-69ea54b9b25de\" style=\" height:16px; width: 16px; \"  xmlns=\"http:\/\/www.w3.org\/2000\/svg\" viewBox=\"0 0 512 512\"><path d=\"M416 96h-272c-16.138 0-29.751 12.018-31.753 28.031l-28.496 227.969h-51.751c-17.673 0-32 14.327-32 32s14.327 32 32 32h80c16.138 0 29.751-12.017 31.753-28.031l28.496-227.969h219.613l57.369 200.791c4.854 16.993 22.567 26.832 39.56 21.978 16.993-4.855 26.833-22.567 21.978-39.56l-64-224c-3.925-13.737-16.482-23.209-30.769-23.209zm-288-80a48 48 2700 1 0 96 0 48 48 2700 1 0-96 0zm192 0a48 48 2700 1 0 96 0 48 48 2700 1 0-96 0zm64 240h-64v-64h-64v64h-64v64h64v64h64v-64h64z\" transform=\"scale(1 -1) translate(0 -480)\"\/><\/svg><span class=\"product_loop_button_text\">S\u00e9lectionner des options<\/a>\t<\/div>\n<\/div>\n\t<a href=\"https:\/\/www.medicusinfo.eu\/fr\/prodotto\/membership-blue-fr\/\" class=\"woocommerce-LoopProduct-link woocommerce-loop-product__link\">\n\t\t<div class=\"mk-shop-item-detail\">\n\t\t\t<h3 class=\"product-title\"><a href=\"https:\/\/www.medicusinfo.eu\/fr\/prodotto\/membership-blue-fr\/\">Membership BLUE<\/a><\/h3>\n\t\t\t\n\t<span class=\"price\"><span class=\"woocommerce-Price-amount amount\"><bdi>250.00&nbsp;<span class=\"woocommerce-Price-currencySymbol\">&#67;&#72;&#70;<\/span><\/bdi><\/span> &ndash; <span class=\"woocommerce-Price-amount amount\"><bdi>700.00&nbsp;<span class=\"woocommerce-Price-currencySymbol\">&#67;&#72;&#70;<\/span><\/bdi><\/span><\/span>\n\n\t\t\t\t\t<\/div>\n<\/div>\n<\/article>\n\n<article class=\"item mk--col mk--col--3-12 product type-product post-3792 status-publish instock product_cat-membership-card-fr has-post-thumbnail sold-individually shipping-taxable purchasable product-type-simple\">\n<div class=\"mk-product-holder\">\n\t\t<div class=\"product-loop-thumb\">\n\t\t<a href=\"https:\/\/www.medicusinfo.eu\/fr\/prodotto\/membership-business-fr\/\" class=\"product-link\"><img decoding=\"async\" src=\"https:\/\/www.medicusinfo.eu\/wp-content\/uploads\/bfi_thumb\/dummy-transparent-r6vjhx3rrcrgdydpgjeuin7zoymcvojngr3o2ccn6y.png\" data-mk-image-src-set='{\"default\":\"https:\/\/www.medicusinfo.eu\/wp-content\/uploads\/2018\/04\/business_card.png\",\"2x\":\"\",\"mobile\":\"\",\"responsive\":\"true\"}' class=\"product-loop-image\" alt=\"Membership PLATINUM BUSINESS\" title=\"Membership PLATINUM BUSINESS\" itemprop=\"image\" \/><span class=\"product-loading-icon added-cart\"><\/span><\/a>\n\t\t<div class=\"product-item-footer without-rating\">\n\t\t\t\t\t\t<\/a><a rel=\"nofollow\" href=\"?add-to-cart=3792\" data-quantity=\"1\" data-product_id=\"3792\" data-product_sku=\"member_business\" class=\"product_loop_button product_type_simple add_to_cart_button ajax_add_to_cart\" data-product_id=\"3792\" data-product_sku=\"member_business\" aria-label=\"Ajouter au panier\u00a0: &ldquo;Membership PLATINUM BUSINESS&rdquo;\" rel=\"nofollow\" data-success_message=\"\u00ab\u00a0Membership PLATINUM BUSINESS\u00a0\u00bb a \u00e9t\u00e9 ajout\u00e9 \u00e0 votre panier\"><svg  class=\"mk-svg-icon\" data-name=\"mk-moon-cart-plus\" data-cacheid=\"icon-69ea54b9b65ce\" style=\" height:16px; width: 16px; \"  xmlns=\"http:\/\/www.w3.org\/2000\/svg\" viewBox=\"0 0 512 512\"><path d=\"M416 96h-272c-16.138 0-29.751 12.018-31.753 28.031l-28.496 227.969h-51.751c-17.673 0-32 14.327-32 32s14.327 32 32 32h80c16.138 0 29.751-12.017 31.753-28.031l28.496-227.969h219.613l57.369 200.791c4.854 16.993 22.567 26.832 39.56 21.978 16.993-4.855 26.833-22.567 21.978-39.56l-64-224c-3.925-13.737-16.482-23.209-30.769-23.209zm-288-80a48 48 2700 1 0 96 0 48 48 2700 1 0-96 0zm192 0a48 48 2700 1 0 96 0 48 48 2700 1 0-96 0zm64 240h-64v-64h-64v64h-64v64h64v64h64v-64h64z\" transform=\"scale(1 -1) translate(0 -480)\"\/><\/svg><span class=\"product_loop_button_text\">S\u00e9lectionner des options<\/a>\t<\/div>\n<\/div>\n\t<a href=\"https:\/\/www.medicusinfo.eu\/fr\/prodotto\/membership-business-fr\/\" class=\"woocommerce-LoopProduct-link woocommerce-loop-product__link\">\n\t\t<div class=\"mk-shop-item-detail\">\n\t\t\t<h3 class=\"product-title\"><a href=\"https:\/\/www.medicusinfo.eu\/fr\/prodotto\/membership-business-fr\/\">Membership PLATINUM BUSINESS<\/a><\/h3>\n\t\t\t\n\t<span class=\"price\"><span class=\"woocommerce-Price-amount amount\"><bdi>1'000.00&nbsp;<span class=\"woocommerce-Price-currencySymbol\">&#67;&#72;&#70;<\/span><\/bdi><\/span><\/span>\n\n\t\t\t\t\t<\/div>\n<\/div>\n<\/article>\n\n<article class=\"item mk--col mk--col--3-12 product type-product post-2789 status-publish instock product_cat-membership-card-fr has-post-thumbnail sold-individually shipping-taxable purchasable product-type-variable has-default-attributes\">\n<div class=\"mk-product-holder\">\n\t\t<div class=\"product-loop-thumb\">\n\t\t<a href=\"https:\/\/www.medicusinfo.eu\/fr\/prodotto\/membership-student-fr\/\" class=\"product-link\"><img decoding=\"async\" src=\"https:\/\/www.medicusinfo.eu\/wp-content\/uploads\/bfi_thumb\/dummy-transparent-r6vjhx3roq18o1mgvlmjyq3l7mn8zvr5drr2e7lgn0.png\" data-mk-image-src-set='{\"default\":\"https:\/\/www.medicusinfo.eu\/wp-content\/uploads\/2017\/10\/student.png\",\"2x\":\"\",\"mobile\":\"\",\"responsive\":\"true\"}' class=\"product-loop-image\" alt=\"Membership STUDENT\" title=\"Membership STUDENT\" itemprop=\"image\" \/><span class=\"product-loading-icon added-cart\"><\/span><\/a>\n\t\t<div class=\"product-item-footer without-rating\">\n\t\t\t\t\t\t<\/a><a rel=\"nofollow\" href=\"https:\/\/www.medicusinfo.eu\/fr\/prodotto\/membership-student-fr\/\" data-quantity=\"1\" data-product_id=\"2789\" data-product_sku=\"member_student\" class=\"product_loop_button product_type_variable add_to_cart_button \" data-product_id=\"2789\" data-product_sku=\"member_student\" aria-label=\"S\u00e9lectionner les options pour &ldquo;Membership STUDENT&rdquo;\" rel=\"nofollow\"><svg  class=\"mk-svg-icon\" data-name=\"mk-moon-cart-plus\" data-cacheid=\"icon-69ea54b9b9e40\" style=\" height:16px; width: 16px; \"  xmlns=\"http:\/\/www.w3.org\/2000\/svg\" viewBox=\"0 0 512 512\"><path d=\"M416 96h-272c-16.138 0-29.751 12.018-31.753 28.031l-28.496 227.969h-51.751c-17.673 0-32 14.327-32 32s14.327 32 32 32h80c16.138 0 29.751-12.017 31.753-28.031l28.496-227.969h219.613l57.369 200.791c4.854 16.993 22.567 26.832 39.56 21.978 16.993-4.855 26.833-22.567 21.978-39.56l-64-224c-3.925-13.737-16.482-23.209-30.769-23.209zm-288-80a48 48 2700 1 0 96 0 48 48 2700 1 0-96 0zm192 0a48 48 2700 1 0 96 0 48 48 2700 1 0-96 0zm64 240h-64v-64h-64v64h-64v64h64v64h64v-64h64z\" transform=\"scale(1 -1) translate(0 -480)\"\/><\/svg><span class=\"product_loop_button_text\">S\u00e9lectionner des options<\/a>\t<\/div>\n<\/div>\n\t<a href=\"https:\/\/www.medicusinfo.eu\/fr\/prodotto\/membership-student-fr\/\" class=\"woocommerce-LoopProduct-link woocommerce-loop-product__link\">\n\t\t<div class=\"mk-shop-item-detail\">\n\t\t\t<h3 class=\"product-title\"><a href=\"https:\/\/www.medicusinfo.eu\/fr\/prodotto\/membership-student-fr\/\">Membership STUDENT<\/a><\/h3>\n\t\t\t\n\t<span class=\"price\"><span class=\"woocommerce-Price-amount amount\"><bdi>150.00&nbsp;<span class=\"woocommerce-Price-currencySymbol\">&#67;&#72;&#70;<\/span><\/bdi><\/span> &ndash; <span class=\"woocommerce-Price-amount amount\"><bdi>650.00&nbsp;<span class=\"woocommerce-Price-currencySymbol\">&#67;&#72;&#70;<\/span><\/bdi><\/span><\/span>\n\n\t\t\t\t\t<\/div>\n<\/div>\n<\/article>\n\t<\/section>\n<\/div>\n<\/div>[\/vc_column][\/vc_row]\n<\/div>","protected":false},"excerpt":{"rendered":"<p>[vc_row][vc_column][mk_fancy_title font_family=\u00a0\u00bbnone\u00a0\u00bb] PR\u00c9SENTEZ UN NOUVEAU MEMBRE [\/mk_fancy_title][mk_image src=\u00a0\u00bbhttps:\/\/www.medicusinfo.eu\/wp-content\/uploads\/2019\/07\/depositphotos_204520214_s-2019.jpg\u00a0\u00bb image_size=\u00a0\u00bbfull\u00a0\u00bb][mk_padding_divider size=\u00a0\u00bb50&Prime;][vc_column_text css=\u00a0\u00bb.vc_custom_1563462194761{margin-bottom: 0px !important;}\u00a0\u00bb] IL aura 10% de r\u00e9duction sur la souscription d&rsquo;une carte de membre MedicinInfo BLUE, PLATINUM ou PLATINUM BUSINESS, d&rsquo;une dur\u00e9e de trois ans [\/vc_column_text][mk_padding_divider][vc_column_text css=\u00a0\u00bb.vc_custom_1563462239952{margin-bottom: 0px !important;}\u00a0\u00bb] ET TOI\u2026 Pour chaque personne que vous pr\u00e9sentez et qui s\u2019inscrira pour recevoir une carte, [&hellip;]<\/p>\n","protected":false},"author":1,"featured_media":0,"parent":0,"menu_order":0,"comment_status":"closed","ping_status":"closed","template":"","meta":{"_acf_changed":false,"footnotes":""},"class_list":["post-13081","page","type-page","status-publish","hentry"],"acf":[],"aioseo_notices":[],"_links":{"self":[{"href":"https:\/\/www.medicusinfo.eu\/fr\/wp-json\/wp\/v2\/pages\/13081","targetHints":{"allow":["GET"]}}],"collection":[{"href":"https:\/\/www.medicusinfo.eu\/fr\/wp-json\/wp\/v2\/pages"}],"about":[{"href":"https:\/\/www.medicusinfo.eu\/fr\/wp-json\/wp\/v2\/types\/page"}],"author":[{"embeddable":true,"href":"https:\/\/www.medicusinfo.eu\/fr\/wp-json\/wp\/v2\/users\/1"}],"replies":[{"embeddable":true,"href":"https:\/\/www.medicusinfo.eu\/fr\/wp-json\/wp\/v2\/comments?post=13081"}],"version-history":[{"count":0,"href":"https:\/\/www.medicusinfo.eu\/fr\/wp-json\/wp\/v2\/pages\/13081\/revisions"}],"wp:attachment":[{"href":"https:\/\/www.medicusinfo.eu\/fr\/wp-json\/wp\/v2\/media?parent=13081"}],"curies":[{"name":"wp","href":"https:\/\/api.w.org\/{rel}","templated":true}]}}