{"id":1351,"date":"2017-06-09T10:24:29","date_gmt":"2017-06-09T08:24:29","guid":{"rendered":"http:\/\/www.medicusinfo.eu\/fr\/?page_id=1351"},"modified":"2019-02-18T10:26:02","modified_gmt":"2019-02-18T09:26:02","slug":"nos-cartes","status":"publish","type":"page","link":"https:\/\/www.medicusinfo.eu\/fr\/nos-cartes\/","title":{"rendered":"Nos Cartes de credit"},"content":{"rendered":"<div class=\"wpb-content-wrapper\">[vc_row fullwidth=\u00a0\u00bbtrue\u00a0\u00bb][vc_column][vc_single_image image=\u00a0\u00bb864&Prime; img_size=\u00a0\u00bbfull\u00a0\u00bb alignment=\u00a0\u00bbcenter\u00a0\u00bb][\/vc_column][\/vc_row][vc_row fullwidth=\u00a0\u00bbtrue\u00a0\u00bb css=\u00a0\u00bb.vc_custom_1490976579077{background-color: #ffffff !important;background-position: center !important;background-repeat: no-repeat !important;background-size: cover !important;}\u00a0\u00bb][vc_column][mk_padding_divider size=\u00a0\u00bb10&Prime; visibility=\u00a0\u00bbhidden-sm\u00a0\u00bb][\/vc_column][\/vc_row][vc_row][vc_column][mk_fancy_title color=\u00a0\u00bb#433d60&Prime; size=\u00a0\u00bb31&Prime; font_weight=\u00a0\u00bb300&Prime; txt_transform=\u00a0\u00bbuppercase\u00a0\u00bb font_family=\u00a0\u00bbnone\u00a0\u00bb]\n<h6>Panoramique de la carte<\/h6>\n[\/mk_fancy_title][vc_column_text]\n<h4 style=\"text-align: center;\">Carte de cr\u00e9dit Corn\u00e8rcard MedicusInfo Visa ou Mastercard\u00ae<\/h4>\n<h4 style=\"text-align: center;\">Carte membre avec fonction de paiement<\/h4>\n<p style=\"text-align: center;\">Vous avez le choix entre une carte de cr\u00e9dit Visa ou Mastercard \u00ae.<\/p>\n[\/vc_column_text][mk_padding_divider size=\u00a0\u00bb20&Prime;][\/vc_column][\/vc_row][vc_row id=\u00a0\u00bbindipendenti\u00a0\u00bb][vc_column][mk_divider style=\u00a0\u00bbthin_solid\u00a0\u00bb][mk_padding_divider size=\u00a0\u00bb60&Prime;][\/vc_column][\/vc_row][vc_row id=\u00a0\u00bbdipendenti\u00a0\u00bb][vc_column width=\u00a0\u00bb1\/3&Prime;][mk_fancy_title color=\u00a0\u00bb#1488c8&Prime; size=\u00a0\u00bb18&Prime; font_weight=\u00a0\u00bb600&Prime; txt_transform=\u00a0\u00bbnone\u00a0\u00bb margin_bottom=\u00a0\u00bb0&Prime; font_family=\u00a0\u00bbnone\u00a0\u00bb responsive_align=\u00a0\u00bbleft\u00a0\u00bb]\n<h3>COTISATION ANNUELLE: CHF\u00a00*<span id=\"result_box\" class=\"short_text\" lang=\"fr\"><\/span><\/h3>\n<p>*\u00a0La cotisation annuelle s\u2019\u00e9l\u00e8ve \u00e0 CHF\u00a080 \u00e0 partir de la deuxi\u00e8me ann\u00e9e, r\u00e9siliation possible avant la date d\u2019expiration.<\/p>\n<p>&nbsp;<\/p>\n<p><span id=\"result_box\" class=\"\" lang=\"fr\"><span class=\"\"><strong>NB<\/strong> La carte de cr\u00e9dit Corn\u00e8rcard MedicusInfo b\u00e9n\u00e9ficie de tous les avantages et de toutes les r\u00e9ductions sur le site, <strong>\u00e0 l&rsquo;exception<\/strong> des remises sur les voitures, les motos et <span class=\"\" lang=\"fr\">nautique<\/span>.<\/span><\/span><\/p>\n<p>&nbsp;<\/p>\n<p><span class=\"\">Pour profiter des r\u00e9ductions sur la flotte, vous pouvez vous abonner \u00e0 une carte d&rsquo;adh\u00e9sion <a href=\"https:\/\/www.medicusinfo.eu\/fr\/prodotto\/membership-platinum-fr\/\">PLATINUM<\/a> (avec carte de cr\u00e9dit gratuite incluse), <a href=\"https:\/\/www.medicusinfo.eu\/fr\/prodotto\/membership-blue-fr\/\">BLUE<\/a> ou BUSINESS.<\/span>[\/mk_fancy_title][\/vc_column][vc_column width=\u00a0\u00bb1\/3&Prime;][mk_image src=\u00a0\u00bbhttp:\/\/www.medicusinfo.eu\/wp-content\/uploads\/2017\/03\/min_cc_visa.jpg\u00a0\u00bb image_size=\u00a0\u00bbfull\u00a0\u00bb target=\u00a0\u00bb_blank\u00a0\u00bb align=\u00a0\u00bbcenter\u00a0\u00bb margin_bottom=\u00a0\u00bb30&Prime; animation=\u00a0\u00bbbottom-to-top\u00a0\u00bb crop=\u00a0\u00bbfalse\u00a0\u00bb][mk_fancy_title color=\u00a0\u00bb#433d60&Prime; size=\u00a0\u00bb21&Prime; font_weight=\u00a0\u00bbbold\u00a0\u00bb txt_transform=\u00a0\u00bbuppercase\u00a0\u00bb margin_top=\u00a0\u00bb13&Prime; margin_bottom=\u00a0\u00bb0&Prime; font_family=\u00a0\u00bbnone\u00a0\u00bb align=\u00a0\u00bbcenter\u00a0\u00bb animation=\u00a0\u00bbbottom-to-top\u00a0\u00bb]<strong>VISA<\/strong>[\/mk_fancy_title][vc_column_text align=\u00a0\u00bbcenter\u00a0\u00bb margin_bottom=\u00a0\u00bb30&Prime; animation=\u00a0\u00bbbottom-to-top\u00a0\u00bb]<a href=\"https:\/\/www.cornercard.ch\/downloads\/products_prt\/add_ons\/overview_Medicus_dip_fr.pdf\" target=\"_blank\" rel=\"noopener noreferrer\">Les avantages et les prestations<\/a>[\/vc_column_text][mk_button dimension=\u00a0\u00bboutline\u00a0\u00bb size=\u00a0\u00bbmedium\u00a0\u00bb url=\u00a0\u00bbhttps:\/\/www.cornercard.ch\/downloads\/products_prt\/appl_Medicus_credit_fr.pdf\u00a0\u00bb target=\u00a0\u00bb_blank\u00a0\u00bb align=\u00a0\u00bbcenter\u00a0\u00bb margin_bottom=\u00a0\u00bb70&Prime; animation=\u00a0\u00bbbottom-to-top\u00a0\u00bb outline_skin=\u00a0\u00bbcustom\u00a0\u00bb outline_active_color=\u00a0\u00bb#1488c8&Prime; outline_active_text_color=\u00a0\u00bb#1488c8&Prime; outline_hover_bg_color=\u00a0\u00bb#1488c8&Prime; outline_hover_color=\u00a0\u00bb#ffffff\u00a0\u00bb]Demander la carte<br \/>\n[\/mk_button][\/vc_column][vc_column width=\u00a0\u00bb1\/3&Prime;][mk_image src=\u00a0\u00bbhttp:\/\/www.medicusinfo.eu\/wp-content\/uploads\/2017\/03\/min_cc_mastercard.jpg\u00a0\u00bb image_size=\u00a0\u00bbfull\u00a0\u00bb target=\u00a0\u00bb_blank\u00a0\u00bb align=\u00a0\u00bbcenter\u00a0\u00bb margin_bottom=\u00a0\u00bb30&Prime; animation=\u00a0\u00bbbottom-to-top\u00a0\u00bb crop=\u00a0\u00bbfalse\u00a0\u00bb][mk_fancy_title color=\u00a0\u00bb#433d60&Prime; size=\u00a0\u00bb21&Prime; font_weight=\u00a0\u00bbbold\u00a0\u00bb txt_transform=\u00a0\u00bbuppercase\u00a0\u00bb margin_top=\u00a0\u00bb13&Prime; margin_bottom=\u00a0\u00bb0&Prime; font_family=\u00a0\u00bbnone\u00a0\u00bb align=\u00a0\u00bbcenter\u00a0\u00bb animation=\u00a0\u00bbbottom-to-top\u00a0\u00bb]<strong>MASTERCARD<\/strong>[\/mk_fancy_title][vc_column_text align=\u00a0\u00bbcenter\u00a0\u00bb margin_bottom=\u00a0\u00bb30&Prime; animation=\u00a0\u00bbbottom-to-top\u00a0\u00bb]<a href=\"https:\/\/www.cornercard.ch\/downloads\/products_prt\/add_ons\/overview_Medicus_dip_fr.pdf\" target=\"_blank\" rel=\"noopener noreferrer\">Les avantages et les prestations<\/a>[\/vc_column_text][mk_button dimension=\u00a0\u00bboutline\u00a0\u00bb size=\u00a0\u00bbmedium\u00a0\u00bb url=\u00a0\u00bbhttps:\/\/www.cornercard.ch\/downloads\/products_prt\/appl_Medicus_credit_fr.pdf\u00a0\u00bb target=\u00a0\u00bb_blank\u00a0\u00bb align=\u00a0\u00bbcenter\u00a0\u00bb margin_bottom=\u00a0\u00bb0&Prime; animation=\u00a0\u00bbbottom-to-top\u00a0\u00bb outline_skin=\u00a0\u00bbcustom\u00a0\u00bb outline_active_color=\u00a0\u00bb#1488c8&Prime; outline_active_text_color=\u00a0\u00bb#1488c8&Prime; outline_hover_bg_color=\u00a0\u00bb#1488c8&Prime; outline_hover_color=\u00a0\u00bb#ffffff\u00a0\u00bb]Demander la carte[\/mk_button][\/vc_column][\/vc_row][vc_row][vc_column][mk_padding_divider size=\u00a0\u00bb100&Prime; visibility=\u00a0\u00bbhidden-sm\u00a0\u00bb][\/vc_column][\/vc_row][vc_row css=\u00a0\u00bb.vc_custom_1490976593673{background-color: #dce9f2 !important;background-position: center !important;background-repeat: no-repeat !important;background-size: cover !important;}\u00a0\u00bb][vc_column][mk_fancy_title color=\u00a0\u00bb#433d60&Prime; size=\u00a0\u00bb31&Prime; font_weight=\u00a0\u00bb300&Prime; txt_transform=\u00a0\u00bbuppercase\u00a0\u00bb margin_top=\u00a0\u00bb50&Prime; margin_bottom=\u00a0\u00bb50&Prime; font_family=\u00a0\u00bbnone\u00a0\u00bb align=\u00a0\u00bbcenter\u00a0\u00bb responsive_align=\u00a0\u00bbleft\u00a0\u00bb]\n<h3 style=\"text-align: center;\">Avantages et caract\u00e9ristiques de toutes les cartes de membres MedicusInfo<\/h3>\n[\/mk_fancy_title][vc_row_inner is_fullwidth_content=\u00a0\u00bbfalse\u00a0\u00bb][vc_column_inner width=\u00a0\u00bb1\/3&Prime;][mk_fancy_title color=\u00a0\u00bb#1488c8&Prime; size=\u00a0\u00bb18&Prime; font_weight=\u00a0\u00bb600&Prime; margin_bottom=\u00a0\u00bb0&Prime; font_family=\u00a0\u00bbnone\u00a0\u00bb responsive_align=\u00a0\u00bbleft\u00a0\u00bb][mk_font_icons icon=\u00a0\u00bbmk-moon-checkmark\u00a0\u00bb color=\u00a0\u00bb#1488c8&Prime; size=\u00a0\u00bbsmall\u00a0\u00bb padding_horizental=\u00a0\u00bb0&Prime; padding_vertical=\u00a0\u00bb0&Prime; circle=\u00a0\u00bbfalse\u00a0\u00bb circle_color=\u00a0\u00bb\u00a0\u00bb align=\u00a0\u00bbnone\u00a0\u00bb link=\u00a0\u00bb\u00a0\u00bb] Conseils juridiques et fiscaux[\/mk_fancy_title][vc_column_text]Les membres peuvent b\u00e9n\u00e9ficier d\u2019un premier conseil d\u2019ordre juridique et\/ou fiscal enti\u00e8rement gratuit fourni par des experts du secteur.<\/p>\n<p>Rabais et avantages consid\u00e9rables sur tout conseil ult\u00e9rieur ou tout approfondissement de cas sp\u00e9cifiques.[\/vc_column_text][mk_padding_divider size=\u00a0\u00bb30&Prime; visibility=\u00a0\u00bbhidden-sm\u00a0\u00bb][mk_fancy_title color=\u00a0\u00bb#1488c8&Prime; size=\u00a0\u00bb18&Prime; font_weight=\u00a0\u00bb600&Prime; txt_transform=\u00a0\u00bbnone\u00a0\u00bb margin_bottom=\u00a0\u00bb0&Prime; font_family=\u00a0\u00bbnone\u00a0\u00bb responsive_align=\u00a0\u00bbleft\u00a0\u00bb][mk_font_icons icon=\u00a0\u00bbmk-moon-checkmark\u00a0\u00bb color=\u00a0\u00bb#1488c8&Prime; size=\u00a0\u00bbsmall\u00a0\u00bb padding_horizental=\u00a0\u00bb0&Prime; padding_vertical=\u00a0\u00bb0&Prime; circle=\u00a0\u00bbfalse\u00a0\u00bb circle_color=\u00a0\u00bb\u00a0\u00bb align=\u00a0\u00bbnone\u00a0\u00bb link=\u00a0\u00bb\u00a0\u00bb] Conseil en mati\u00e8re d\u2019assurance[\/mk_fancy_title][vc_column_text disable_pattern=\u00a0\u00bbfalse\u00a0\u00bb]B\u00e9n\u00e9ficiez des conseils personnalis\u00e9s auxquels ont droit les membres de MedicusInfo. D\u00e9couvrez comment vous pourrez faire des \u00e9conomies sur vos polices d\u2019assurance en b\u00e9n\u00e9ficiant d\u2019une couverture identique ou plus \u00e9lev\u00e9e.[\/vc_column_text][\/vc_column_inner][vc_column_inner width=\u00a0\u00bb1\/3&Prime;][mk_fancy_title color=\u00a0\u00bb#1488c8&Prime; size=\u00a0\u00bb18&Prime; font_weight=\u00a0\u00bb600&Prime; txt_transform=\u00a0\u00bbnone\u00a0\u00bb margin_bottom=\u00a0\u00bb0&Prime; font_family=\u00a0\u00bbnone\u00a0\u00bb responsive_align=\u00a0\u00bbleft\u00a0\u00bb][mk_font_icons icon=\u00a0\u00bbmk-moon-checkmark\u00a0\u00bb color=\u00a0\u00bb#1488c8&Prime; size=\u00a0\u00bbsmall\u00a0\u00bb padding_horizental=\u00a0\u00bb0&Prime; padding_vertical=\u00a0\u00bb0&Prime; circle=\u00a0\u00bbfalse\u00a0\u00bb circle_color=\u00a0\u00bb\u00a0\u00bb align=\u00a0\u00bbnone\u00a0\u00bb link=\u00a0\u00bb\u00a0\u00bb] Prix avantageux[\/mk_fancy_title][vc_column_text]La carte de paiement Corn\u00e8rcard MedicusInfo est gratuite la premi\u00e8re ann\u00e9e car MedicusInfo r\u00e8gle la premi\u00e8re cotisation pour ses membres.\u00a0 La carte est renouvelable et pr\u00e9voit une cotisation de 80\u00a0CHF \u00e0 partir de la deuxi\u00e8me ann\u00e9e uniquement.[\/vc_column_text][mk_padding_divider size=\u00a0\u00bb30&Prime; visibility=\u00a0\u00bbhidden-sm\u00a0\u00bb][mk_fancy_title color=\u00a0\u00bb#1488c8&Prime; size=\u00a0\u00bb18&Prime; font_weight=\u00a0\u00bb600&Prime; txt_transform=\u00a0\u00bbnone\u00a0\u00bb margin_bottom=\u00a0\u00bb0&Prime; font_family=\u00a0\u00bbnone\u00a0\u00bb responsive_align=\u00a0\u00bbleft\u00a0\u00bb][mk_font_icons icon=\u00a0\u00bbmk-moon-checkmark\u00a0\u00bb color=\u00a0\u00bb#1488c8&Prime; size=\u00a0\u00bbsmall\u00a0\u00bb padding_horizental=\u00a0\u00bb0&Prime; padding_vertical=\u00a0\u00bb0&Prime; circle=\u00a0\u00bbfalse\u00a0\u00bb circle_color=\u00a0\u00bb\u00a0\u00bb align=\u00a0\u00bbnone\u00a0\u00bb link=\u00a0\u00bb\u00a0\u00bb] Technologie sans contact[\/mk_fancy_title][vc_column_text]Gr\u00e2ce \u00e0 la technologie sans contact, il est possible d\u2019effectuer des paiements en approchant sa carte du lecteur de cartes. Ce mode de paiement est plus rapide et plus s\u00fbr.[\/vc_column_text][\/vc_column_inner][vc_column_inner width=\u00a0\u00bb1\/3&Prime;][mk_fancy_title color=\u00a0\u00bb#1488c8&Prime; size=\u00a0\u00bb18&Prime; font_weight=\u00a0\u00bb600&Prime; txt_transform=\u00a0\u00bbnone\u00a0\u00bb margin_bottom=\u00a0\u00bb0&Prime; font_family=\u00a0\u00bbnone\u00a0\u00bb responsive_align=\u00a0\u00bbleft\u00a0\u00bb][mk_font_icons icon=\u00a0\u00bbmk-moon-checkmark\u00a0\u00bb color=\u00a0\u00bb#1488c8&Prime; size=\u00a0\u00bbsmall\u00a0\u00bb padding_horizental=\u00a0\u00bb0&Prime; padding_vertical=\u00a0\u00bb0&Prime; circle=\u00a0\u00bbfalse\u00a0\u00bb circle_color=\u00a0\u00bb\u00a0\u00bb align=\u00a0\u00bbnone\u00a0\u00bb link=\u00a0\u00bb\u00a0\u00bb] Exclusivit\u00e9[\/mk_fancy_title][vc_column_text]La carte MedicusInfo est bien plus qu\u2019une simple carte de cr\u00e9dit ou une simple carte pr\u00e9pay\u00e9e. Elle s\u2019accompagne d\u2019avantages sans cesse \u00e9toff\u00e9s r\u00e9pondant aux besoins des professionnels de la sant\u00e9 membres de MedicusInfo.[\/vc_column_text][mk_padding_divider size=\u00a0\u00bb30&Prime; visibility=\u00a0\u00bbhidden-sm\u00a0\u00bb][mk_fancy_title color=\u00a0\u00bb#1488c8&Prime; size=\u00a0\u00bb18&Prime; font_weight=\u00a0\u00bb600&Prime; txt_transform=\u00a0\u00bbnone\u00a0\u00bb margin_bottom=\u00a0\u00bb0&Prime; font_family=\u00a0\u00bbnone\u00a0\u00bb responsive_align=\u00a0\u00bbleft\u00a0\u00bb][mk_font_icons icon=\u00a0\u00bbmk-moon-checkmark\u00a0\u00bb color=\u00a0\u00bb#1488c8&Prime; size=\u00a0\u00bbsmall\u00a0\u00bb padding_horizental=\u00a0\u00bb0&Prime; padding_vertical=\u00a0\u00bb0&Prime; circle=\u00a0\u00bbfalse\u00a0\u00bb circle_color=\u00a0\u00bb\u00a0\u00bb align=\u00a0\u00bbnone\u00a0\u00bb link=\u00a0\u00bb\u00a0\u00bb] Partenariats et accords[\/mk_fancy_title][vc_column_text]MedicusInfo \u00e9tablit sans cesse de nouveaux accords et de nouveaux partenariats gr\u00e2ce auxquels les membres b\u00e9n\u00e9ficient de rabais et d\u2019avantages qui leur sont r\u00e9serv\u00e9s.<\/p>\n<p>Vous trouverez les derni\u00e8res informations concernant les partenariats fixes et les accords temporaires que MedicusInfo a mis en place pour ses membres dans l\u2019espace membres.<\/p>\n<p><span class=\"s7\">\u00a0<\/span>[\/vc_column_text][\/vc_column_inner][\/vc_row_inner][mk_padding_divider][\/vc_column][\/vc_row][vc_row fullwidth=\u00a0\u00bbtrue\u00a0\u00bb][vc_column][mk_padding_divider size=\u00a0\u00bb100&Prime;][\/vc_column][\/vc_row][vc_row][vc_column][mk_fancy_title color=\u00a0\u00bb#433d60&Prime; size=\u00a0\u00bb31&Prime; font_weight=\u00a0\u00bb300&Prime; margin_top=\u00a0\u00bb50&Prime; font_family=\u00a0\u00bbnone\u00a0\u00bb align=\u00a0\u00bbcenter\u00a0\u00bb]\n<h3>Credit cards partner<\/h3>\n[\/mk_fancy_title][mk_image src=\u00a0\u00bbhttp:\/\/www.medicusinfo.eu\/wp-content\/uploads\/2015\/11\/cornercard-1.png\u00a0\u00bb image_size=\u00a0\u00bbfull\u00a0\u00bb link=\u00a0\u00bbhttps:\/\/www.cornercard.ch\u00a0\u00bb target=\u00a0\u00bb_blank\u00a0\u00bb align=\u00a0\u00bbcenter\u00a0\u00bb margin_bottom=\u00a0\u00bb150&Prime;][\/vc_column][\/vc_row]\n<\/div>","protected":false},"excerpt":{"rendered":"<p>[vc_row fullwidth=\u00a0\u00bbtrue\u00a0\u00bb][vc_column][vc_single_image image=\u00a0\u00bb864&Prime; img_size=\u00a0\u00bbfull\u00a0\u00bb alignment=\u00a0\u00bbcenter\u00a0\u00bb][\/vc_column][\/vc_row][vc_row fullwidth=\u00a0\u00bbtrue\u00a0\u00bb css=\u00a0\u00bb.vc_custom_1490976579077{background-color: #ffffff !important;background-position: center !important;background-repeat: no-repeat !important;background-size: cover !important;}\u00a0\u00bb][vc_column][mk_padding_divider size=\u00a0\u00bb10&Prime; visibility=\u00a0\u00bbhidden-sm\u00a0\u00bb][\/vc_column][\/vc_row][vc_row][vc_column][mk_fancy_title color=\u00a0\u00bb#433d60&Prime; size=\u00a0\u00bb31&Prime; font_weight=\u00a0\u00bb300&Prime; txt_transform=\u00a0\u00bbuppercase\u00a0\u00bb font_family=\u00a0\u00bbnone\u00a0\u00bb] Panoramique de la carte [\/mk_fancy_title][vc_column_text] Carte de cr\u00e9dit Corn\u00e8rcard MedicusInfo Visa ou Mastercard\u00ae Carte membre avec fonction de paiement Vous avez le choix entre une carte de cr\u00e9dit Visa ou Mastercard \u00ae. [\/vc_column_text][mk_padding_divider [&hellip;]<\/p>\n","protected":false},"author":1,"featured_media":0,"parent":0,"menu_order":69,"comment_status":"closed","ping_status":"closed","template":"","meta":{"_acf_changed":false,"footnotes":""},"class_list":["post-1351","page","type-page","status-publish","hentry"],"acf":[],"aioseo_notices":[],"_links":{"self":[{"href":"https:\/\/www.medicusinfo.eu\/fr\/wp-json\/wp\/v2\/pages\/1351","targetHints":{"allow":["GET"]}}],"collection":[{"href":"https:\/\/www.medicusinfo.eu\/fr\/wp-json\/wp\/v2\/pages"}],"about":[{"href":"https:\/\/www.medicusinfo.eu\/fr\/wp-json\/wp\/v2\/types\/page"}],"author":[{"embeddable":true,"href":"https:\/\/www.medicusinfo.eu\/fr\/wp-json\/wp\/v2\/users\/1"}],"replies":[{"embeddable":true,"href":"https:\/\/www.medicusinfo.eu\/fr\/wp-json\/wp\/v2\/comments?post=1351"}],"version-history":[{"count":0,"href":"https:\/\/www.medicusinfo.eu\/fr\/wp-json\/wp\/v2\/pages\/1351\/revisions"}],"wp:attachment":[{"href":"https:\/\/www.medicusinfo.eu\/fr\/wp-json\/wp\/v2\/media?parent=1351"}],"curies":[{"name":"wp","href":"https:\/\/api.w.org\/{rel}","templated":true}]}}