{"id":1412,"date":"2017-06-09T11:29:31","date_gmt":"2017-06-09T09:29:31","guid":{"rendered":"http:\/\/www.medicusinfo.eu\/fr\/?page_id=1412"},"modified":"2018-04-17T11:23:13","modified_gmt":"2018-04-17T09:23:13","slug":"qui-sommes-nous","status":"publish","type":"page","link":"https:\/\/www.medicusinfo.eu\/fr\/qui-sommes-nous\/","title":{"rendered":"Qui sommes-nous?"},"content":{"rendered":"<div class=\"wpb-content-wrapper\">[vc_row fullwidth=\u00a0\u00bbtrue\u00a0\u00bb][vc_column][vc_single_image image=\u00a0\u00bb745&Prime; img_size=\u00a0\u00bbfull\u00a0\u00bb alignment=\u00a0\u00bbcenter\u00a0\u00bb][\/vc_column][\/vc_row][vc_row][vc_column][mk_padding_divider size=\u00a0\u00bb50&Prime; visibility=\u00a0\u00bbhidden-sm\u00a0\u00bb][mk_fancy_title color=\u00a0\u00bb#433d60&Prime; size=\u00a0\u00bb31&Prime; font_weight=\u00a0\u00bb300&Prime; txt_transform=\u00a0\u00bbuppercase\u00a0\u00bb font_family=\u00a0\u00bbnone\u00a0\u00bb]\n<h6 id=\"fancy-title-4\" class=\"mk-fancy-title simple-style color-single\">CLAUDE DREIFUSS ET CIE SA<\/h6>\n[\/mk_fancy_title][vc_column_text]MedicusInfo est une marque appartenant \u00e0 Claude Dreifuss et Cie SA, et par l&rsquo;interm\u00e9diaire de laquelle nous proposons des services et produits exclusifs &#8211; et non pr\u00e9sents actuellement sur le march\u00e9 &#8211; aux professionnels du secteur m\u00e9dical et sanitaire suisse.<\/p>\n<p>&nbsp;<\/p>\n<p>Nous avons cr\u00e9\u00e9 trois types d&rsquo;affiliation ainsi que, en collaboration avec Corn\u00e8r Banca SA, une carte de paiement exclusive portant la marque MedicusInfo laquelle, outre indiquer le statut du membre et garantir les avantages du produit, offre des conditions sp\u00e9ciales comme par ex. une couverture d&rsquo;assurance personnalis\u00e9e, des conseils exclusifs en mati\u00e8re d&rsquo;assurances, des remises sur les biens et services li\u00e9s \u00e0 la profession et bien d&rsquo;autres choses encore.<\/p>\n<p>&nbsp;<\/p>\n<p>Nous recherchons constamment de nouveaux avantages pour nos membres en organisant des rencontres avec les associations du secteur et en analysant les feedbacks de nos membres.<\/p>\n<p>&nbsp;<\/p>\n<p>La carte de membre PLATINUM, BLUE, STUDENT ou la carte de cr\u00e9dit Corn\u00e8rcard MedicusInfo Visa ou Mastercard\u00ae vous permettra de devenir membre d&rsquo;un r\u00e9seau d\u00e9di\u00e9 et orient\u00e9 vers votre secteur professionnel.<\/p>\n<p>&nbsp;<\/p>\n<p>Nos cartes de cr\u00e9dit ne comportent en outre aucune contrainte d&rsquo;utilisation au sein du circuit MedicusInfo, mais sont enti\u00e8rement utilisables pour des achats personnels.[\/vc_column_text][\/vc_column][\/vc_row][vc_row][vc_column][mk_divider style=\u00a0\u00bbthin_solid\u00a0\u00bb margin_top=\u00a0\u00bb100&Prime; margin_bottom=\u00a0\u00bb50&Prime;][mk_fancy_title color=\u00a0\u00bb#433d60&Prime; size=\u00a0\u00bb31&Prime; font_weight=\u00a0\u00bb300&Prime; margin_top=\u00a0\u00bb50&Prime; font_family=\u00a0\u00bbnone\u00a0\u00bb align=\u00a0\u00bbcenter\u00a0\u00bb]\n<h3>Nos partenaires<\/h3>\n[\/mk_fancy_title][mk_clients style=\u00a0\u00bbcolumn\u00a0\u00bb border_style=\u00a0\u00bbopened_edges\u00a0\u00bb column=\u00a0\u00bb5&Prime; count=\u00a0\u00bb-1&Prime; height=\u00a0\u00bb250&Prime; autoplay=\u00a0\u00bbfalse\u00a0\u00bb target=\u00a0\u00bb_blank\u00a0\u00bb margin_bottom=\u00a0\u00bb50&Prime;][\/vc_column][\/vc_row]\n<\/div>","protected":false},"excerpt":{"rendered":"<p>[vc_row fullwidth=\u00a0\u00bbtrue\u00a0\u00bb][vc_column][vc_single_image image=\u00a0\u00bb745&Prime; img_size=\u00a0\u00bbfull\u00a0\u00bb alignment=\u00a0\u00bbcenter\u00a0\u00bb][\/vc_column][\/vc_row][vc_row][vc_column][mk_padding_divider size=\u00a0\u00bb50&Prime; visibility=\u00a0\u00bbhidden-sm\u00a0\u00bb][mk_fancy_title color=\u00a0\u00bb#433d60&Prime; size=\u00a0\u00bb31&Prime; font_weight=\u00a0\u00bb300&Prime; txt_transform=\u00a0\u00bbuppercase\u00a0\u00bb font_family=\u00a0\u00bbnone\u00a0\u00bb] CLAUDE DREIFUSS ET CIE SA [\/mk_fancy_title][vc_column_text]MedicusInfo est une marque appartenant \u00e0 Claude Dreifuss et Cie SA, et par l&rsquo;interm\u00e9diaire de laquelle nous proposons des services et produits exclusifs &#8211; et non pr\u00e9sents actuellement sur le march\u00e9 &#8211; aux professionnels du secteur m\u00e9dical et [&hellip;]<\/p>\n","protected":false},"author":1,"featured_media":0,"parent":0,"menu_order":67,"comment_status":"closed","ping_status":"closed","template":"","meta":{"_acf_changed":false,"footnotes":""},"class_list":["post-1412","page","type-page","status-publish","hentry"],"acf":[],"aioseo_notices":[],"_links":{"self":[{"href":"https:\/\/www.medicusinfo.eu\/fr\/wp-json\/wp\/v2\/pages\/1412","targetHints":{"allow":["GET"]}}],"collection":[{"href":"https:\/\/www.medicusinfo.eu\/fr\/wp-json\/wp\/v2\/pages"}],"about":[{"href":"https:\/\/www.medicusinfo.eu\/fr\/wp-json\/wp\/v2\/types\/page"}],"author":[{"embeddable":true,"href":"https:\/\/www.medicusinfo.eu\/fr\/wp-json\/wp\/v2\/users\/1"}],"replies":[{"embeddable":true,"href":"https:\/\/www.medicusinfo.eu\/fr\/wp-json\/wp\/v2\/comments?post=1412"}],"version-history":[{"count":0,"href":"https:\/\/www.medicusinfo.eu\/fr\/wp-json\/wp\/v2\/pages\/1412\/revisions"}],"wp:attachment":[{"href":"https:\/\/www.medicusinfo.eu\/fr\/wp-json\/wp\/v2\/media?parent=1412"}],"curies":[{"name":"wp","href":"https:\/\/api.w.org\/{rel}","templated":true}]}}