{"id":1416,"date":"2017-06-09T11:38:47","date_gmt":"2017-06-09T09:38:47","guid":{"rendered":"http:\/\/www.medicusinfo.eu\/fr\/?page_id=1416"},"modified":"2020-01-28T15:54:07","modified_gmt":"2020-01-28T14:54:07","slug":"conseils","status":"publish","type":"page","link":"https:\/\/www.medicusinfo.eu\/fr\/conseils\/","title":{"rendered":"Conseils"},"content":{"rendered":"<div class=\"wpb-content-wrapper\">[vc_row fullwidth=\u00a0\u00bbtrue\u00a0\u00bb][vc_column][vc_single_image image=\u00a0\u00bb870&Prime; img_size=\u00a0\u00bbfull\u00a0\u00bb alignment=\u00a0\u00bbcenter\u00a0\u00bb][\/vc_column][\/vc_row][vc_row][vc_column width=\u00a0\u00bb1\/2&Prime;][mk_padding_divider size=\u00a0\u00bb50&Prime; visibility=\u00a0\u00bbhidden-sm\u00a0\u00bb][mk_fancy_title color=\u00a0\u00bb#433d60&Prime; size=\u00a0\u00bb31&Prime; font_weight=\u00a0\u00bb300&Prime; txt_transform=\u00a0\u00bbuppercase\u00a0\u00bb font_family=\u00a0\u00bbnone\u00a0\u00bb]Demande de conseil[\/mk_fancy_title][vc_column_text]\n<h4>Conseil juridique<\/h4>\n<p>Possibilit\u00e9 de b\u00e9n\u00e9ficier d\u2019un premier conseil d\u2019ordre juridique enti\u00e8rement gratuit fourni par des experts du secteur.<\/p>\n<p>Rabais et avantages consid\u00e9rables sur tout conseil ult\u00e9rieur ou tout approfondissement de cas sp\u00e9cifiques.<\/p>\n<p>Remplissez le formulaire de demande dans son int\u00e9gralit\u00e9 et envoyez-le en y joignant les documents requis \u00e9ventuels.[\/vc_column_text][mk_padding_divider size=\u00a0\u00bb20&Prime;][vc_column_text]\n<h4>Conseil fiscal<\/h4>\n<p>Possibilit\u00e9 de b\u00e9n\u00e9ficier d\u2019un premier conseil d\u2019ordre fiscal enti\u00e8rement gratuit fourni par des experts du secteur.<\/p>\n<p>Dans ce cas aussi, des rabais et des avantages consid\u00e9rables sur tout conseil ult\u00e9rieur ou tout approfondissement de cas sp\u00e9cifiques sont garantis aux membres de MedicusInfo.<\/p>\n<p>Remplissez le formulaire de demande dans son int\u00e9gralit\u00e9 et envoyez-le en y joignant les documents requis \u00e9ventuels.[\/vc_column_text][mk_padding_divider size=\u00a0\u00bb20&Prime;][vc_column_text]\n<h4>Conseil en mati\u00e8re d\u2019assurance<\/h4>\n<p>B\u00e9n\u00e9ficiez des conseils personnalis\u00e9s auxquels ont droit les membres de MedicusInfo.<\/p>\n<p>D\u00e9couvrez comment vous pourrez faire des \u00e9conomies sur vos polices d\u2019assurance en b\u00e9n\u00e9ficiant d\u2019une couverture identique ou plus \u00e9lev\u00e9e.<\/p>\n<p>Remplissez le formulaire de demande dans son int\u00e9gralit\u00e9 et envoyez-le en y joignant vos polices actuelles. Vous aurez ainsi la certitude d\u2019obtenir des conditions et une couverture identiques ou plus avantageuses. Nous vous soumettrons les meilleures offres du march\u00e9 dans les plus brefs d\u00e9lais.[\/vc_column_text][\/vc_column][vc_column width=\u00a0\u00bb1\/2&Prime;][mk_padding_divider size=\u00a0\u00bb50&Prime; visibility=\u00a0\u00bbhidden-sm\u00a0\u00bb][vc_column_text]Remplissez le formulaire de demande dans son int\u00e9gralit\u00e9 ou t\u00e9l\u00e9chargez-le et envoyez-le-nous par e-mail ou par la poste.[\/vc_column_text]\n<div class=\"wpcf7 no-js\" id=\"wpcf7-f1420-o1\" lang=\"it-IT\" dir=\"ltr\" data-wpcf7-id=\"1420\">\n<div class=\"screen-reader-response\"><p role=\"status\" aria-live=\"polite\" aria-atomic=\"true\"><\/p> <ul><\/ul><\/div>\n<form action=\"\/fr\/wp-json\/wp\/v2\/pages\/1416#wpcf7-f1420-o1\" method=\"post\" class=\"wpcf7-form init\" aria-label=\"Modulo di contatto\" enctype=\"multipart\/form-data\" novalidate=\"novalidate\" data-status=\"init\">\n<div style=\"display: none;\">\n<input type=\"hidden\" name=\"_wpcf7\" value=\"1420\" \/>\n<input type=\"hidden\" name=\"_wpcf7_version\" value=\"6.0.6\" \/>\n<input type=\"hidden\" name=\"_wpcf7_locale\" value=\"it_IT\" \/>\n<input type=\"hidden\" name=\"_wpcf7_unit_tag\" value=\"wpcf7-f1420-o1\" \/>\n<input type=\"hidden\" name=\"_wpcf7_container_post\" value=\"0\" \/>\n<input type=\"hidden\" name=\"_wpcf7_posted_data_hash\" value=\"\" \/>\n<input type=\"hidden\" name=\"_wpcf7_recaptcha_response\" value=\"\" \/>\n<\/div>\n<p><label> Nom*<br \/>\n<span class=\"wpcf7-form-control-wrap\" data-name=\"your-name\"><input size=\"40\" maxlength=\"400\" class=\"wpcf7-form-control wpcf7-text wpcf7-validates-as-required\" aria-required=\"true\" aria-invalid=\"false\" value=\"\" type=\"text\" name=\"your-name\" \/><\/span> <\/label>\n<\/p>\n<p><label> pr\u00e9nom*<br \/>\n<span class=\"wpcf7-form-control-wrap\" data-name=\"Cognome\"><input size=\"40\" maxlength=\"400\" class=\"wpcf7-form-control wpcf7-text wpcf7-validates-as-required\" aria-required=\"true\" aria-invalid=\"false\" value=\"\" type=\"text\" name=\"Cognome\" \/><\/span> <\/label>\n<\/p>\n<p><label> #Num\u00e9ro de membre*<br \/>\n<span class=\"wpcf7-form-control-wrap\" data-name=\"number-188\"><input class=\"wpcf7-form-control wpcf7-number wpcf7-validates-as-required wpcf7-validates-as-number\" min=\"0000000000000\" max=\"9999999999999\" aria-required=\"true\" aria-invalid=\"false\" value=\"\" type=\"number\" name=\"number-188\" \/><\/span> <\/label>\n<\/p>\n<p><label> E-mail*<br \/>\n<span class=\"wpcf7-form-control-wrap\" data-name=\"your-email\"><input size=\"40\" maxlength=\"400\" class=\"wpcf7-form-control wpcf7-email wpcf7-validates-as-required wpcf7-text wpcf7-validates-as-email\" aria-required=\"true\" aria-invalid=\"false\" value=\"\" type=\"email\" name=\"your-email\" \/><\/span> <\/label>\n<\/p>\n<p><label> T\u00e9l\u00e9phone*<br \/>\n<span class=\"wpcf7-form-control-wrap\" data-name=\"tel-363\"><input size=\"40\" maxlength=\"400\" class=\"wpcf7-form-control wpcf7-tel wpcf7-validates-as-required wpcf7-text wpcf7-validates-as-tel\" aria-required=\"true\" aria-invalid=\"false\" value=\"\" type=\"tel\" name=\"tel-363\" \/><\/span> <\/label>\n<\/p>\n<p>secteur*: <span class=\"wpcf7-form-control-wrap\" data-name=\"radio-302\"><span class=\"wpcf7-form-control wpcf7-radio\"><span class=\"wpcf7-list-item first\"><span class=\"wpcf7-list-item-label\">Juridique<\/span><input type=\"radio\" name=\"radio-302\" value=\"Juridique\" checked=\"checked\" \/><\/span><span class=\"wpcf7-list-item\"><span class=\"wpcf7-list-item-label\">Fiscal<\/span><input type=\"radio\" name=\"radio-302\" value=\"Fiscal\" \/><\/span><span class=\"wpcf7-list-item last\"><span class=\"wpcf7-list-item-label\">Assurance<\/span><input type=\"radio\" name=\"radio-302\" value=\"Assurance\" \/><\/span><\/span><\/span>\n<\/p>\n<p><label> Message*<br \/>\n<span class=\"wpcf7-form-control-wrap\" data-name=\"your-message\"><textarea cols=\"40\" rows=\"10\" maxlength=\"2000\" class=\"wpcf7-form-control wpcf7-textarea wpcf7-validates-as-required\" aria-required=\"true\" aria-invalid=\"false\" name=\"your-message\"><\/textarea><\/span> <\/label>\n<\/p>\n<p><Label> Joindre des fichiers*<br \/>\n<span class=\"wpcf7-form-control-wrap\" data-name=\"file-976\"><input size=\"40\" class=\"wpcf7-form-control wpcf7-file\" accept=\".pdf,.jpg,.doc,.xls,.bmp,.txt\" aria-invalid=\"false\" type=\"file\" name=\"file-976\" \/><\/span> <\/label>\n<\/p>\n<p><span class=\"wpcf7-form-control-wrap\" data-name=\"acceptance-438\"><span class=\"wpcf7-form-control wpcf7-acceptance\"><span class=\"wpcf7-list-item\"><input type=\"checkbox\" name=\"acceptance-438\" value=\"1\" checked=\"checked\" aria-invalid=\"false\" \/><\/span><\/span><\/span> Je suis d'accord pour partager des informations Medicus les informations n\u00e9cessaires, en r\u00e9f\u00e9rence \u00e0 la demande sp\u00e9cifique\n<\/p>\n<p><input class=\"wpcf7-form-control wpcf7-submit has-spinner\" type=\"submit\" value=\"Envoyer le formulaire\" \/>\n<\/p>\n<p>*Les champs obligatoires\n<\/p><p style=\"display: none !important;\" class=\"akismet-fields-container\" data-prefix=\"_wpcf7_ak_\"><label>&#916;<textarea name=\"_wpcf7_ak_hp_textarea\" cols=\"45\" rows=\"8\" maxlength=\"100\"><\/textarea><\/label><input type=\"hidden\" id=\"ak_js_1\" name=\"_wpcf7_ak_js\" value=\"207\"\/><script>document.getElementById( \"ak_js_1\" ).setAttribute( \"value\", ( new Date() ).getTime() );<\/script><\/p><input type='hidden' class='wpcf7-pum' value='{\"closepopup\":false,\"closedelay\":0,\"openpopup\":false,\"openpopup_id\":0}' \/><div class=\"wpcf7-response-output\" aria-hidden=\"true\"><\/div>\n<\/form>\n<\/div>\n[mk_padding_divider size=\u00a0\u00bb50&Prime; visibility=\u00a0\u00bbhidden-sm\u00a0\u00bb][\/vc_column][\/vc_row][vc_row fullwidth=\u00a0\u00bbtrue\u00a0\u00bb][vc_column][mk_padding_divider size=\u00a0\u00bb150&Prime;][\/vc_column][\/vc_row][vc_row][vc_column][mk_fancy_title color=\u00a0\u00bb#433d60&Prime; size=\u00a0\u00bb31&Prime; font_weight=\u00a0\u00bb300&Prime; margin_top=\u00a0\u00bb50&Prime; font_family=\u00a0\u00bbnone\u00a0\u00bb align=\u00a0\u00bbcenter\u00a0\u00bb]\n<h3>Nos partenaires<\/h3>\n[\/mk_fancy_title][mk_clients style=\u00a0\u00bbcolumn\u00a0\u00bb border_style=\u00a0\u00bbopened_edges\u00a0\u00bb column=\u00a0\u00bb5&Prime; count=\u00a0\u00bb-1&Prime; height=\u00a0\u00bb200&Prime; autoplay=\u00a0\u00bbfalse\u00a0\u00bb target=\u00a0\u00bb_blank\u00a0\u00bb margin_bottom=\u00a0\u00bb150&Prime;][\/vc_column][\/vc_row]\n<\/div>","protected":false},"excerpt":{"rendered":"<p>[vc_row fullwidth=\u00a0\u00bbtrue\u00a0\u00bb][vc_column][vc_single_image image=\u00a0\u00bb870&Prime; img_size=\u00a0\u00bbfull\u00a0\u00bb alignment=\u00a0\u00bbcenter\u00a0\u00bb][\/vc_column][\/vc_row][vc_row][vc_column width=\u00a0\u00bb1\/2&Prime;][mk_padding_divider size=\u00a0\u00bb50&Prime; visibility=\u00a0\u00bbhidden-sm\u00a0\u00bb][mk_fancy_title color=\u00a0\u00bb#433d60&Prime; size=\u00a0\u00bb31&Prime; font_weight=\u00a0\u00bb300&Prime; txt_transform=\u00a0\u00bbuppercase\u00a0\u00bb font_family=\u00a0\u00bbnone\u00a0\u00bb]Demande de conseil[\/mk_fancy_title][vc_column_text] Conseil juridique Possibilit\u00e9 de b\u00e9n\u00e9ficier d\u2019un premier conseil d\u2019ordre juridique enti\u00e8rement gratuit fourni par des experts du secteur. Rabais et avantages consid\u00e9rables sur tout conseil ult\u00e9rieur ou tout approfondissement de cas sp\u00e9cifiques. Remplissez le formulaire de demande dans son int\u00e9gralit\u00e9 [&hellip;]<\/p>\n","protected":false},"author":1,"featured_media":0,"parent":0,"menu_order":66,"comment_status":"closed","ping_status":"closed","template":"","meta":{"_acf_changed":false,"footnotes":""},"class_list":["post-1416","page","type-page","status-publish","hentry"],"acf":[],"aioseo_notices":[],"_links":{"self":[{"href":"https:\/\/www.medicusinfo.eu\/fr\/wp-json\/wp\/v2\/pages\/1416","targetHints":{"allow":["GET"]}}],"collection":[{"href":"https:\/\/www.medicusinfo.eu\/fr\/wp-json\/wp\/v2\/pages"}],"about":[{"href":"https:\/\/www.medicusinfo.eu\/fr\/wp-json\/wp\/v2\/types\/page"}],"author":[{"embeddable":true,"href":"https:\/\/www.medicusinfo.eu\/fr\/wp-json\/wp\/v2\/users\/1"}],"replies":[{"embeddable":true,"href":"https:\/\/www.medicusinfo.eu\/fr\/wp-json\/wp\/v2\/comments?post=1416"}],"version-history":[{"count":0,"href":"https:\/\/www.medicusinfo.eu\/fr\/wp-json\/wp\/v2\/pages\/1416\/revisions"}],"wp:attachment":[{"href":"https:\/\/www.medicusinfo.eu\/fr\/wp-json\/wp\/v2\/media?parent=1416"}],"curies":[{"name":"wp","href":"https:\/\/api.w.org\/{rel}","templated":true}]}}