{"id":6858,"date":"2018-10-12T10:21:49","date_gmt":"2018-10-12T08:21:49","guid":{"rendered":"https:\/\/www.medicusinfo.eu\/?page_id=6858"},"modified":"2024-01-15T14:14:01","modified_gmt":"2024-01-15T13:14:01","slug":"conditions-generales","status":"publish","type":"page","link":"https:\/\/www.medicusinfo.eu\/fr\/conditions-generales\/","title":{"rendered":"Conditions Generales"},"content":{"rendered":"<div class=\"wpb-content-wrapper\">[vc_row][vc_column][vc_column_text css=\u00a0\u00bb.vc_custom_1705324438380{margin-bottom: 0px !important;}\u00a0\u00bb]\n<h3 style=\"text-align: center;\">Statut et conditions g\u00e9n\u00e9rales<\/h3>\n<h3 style=\"text-align: center;\">du r\u00e9seau de membres MedicusInfo<\/h3>\n<p>&nbsp;<\/p>\n<h3>R\u00c8GLES G\u00c9N\u00c9RALES<\/h3>\n<h4>D\u00e9finition Art. 1<\/h4>\n<p>MedicusInfo est une marque appartenant \u00e0 Claude Dreifuss et Cie SA, \u00e0 travers laquelle un r\u00e9seau d&rsquo;adh\u00e9sion a \u00e9t\u00e9 cr\u00e9\u00e9 r\u00e9serv\u00e9 uniquement aux professionnels de la sant\u00e9 dans toute la Suisse.<\/p>\n<h4>Si\u00e8ge, adresse Art. 2<\/h4>\n<p>MedicusInfo c\/o Claude Dreifuss et Cie SA est bas\u00e9e \u00e0 Chiasso 6830 &#8211; Ticino, Piazza Boffalora 4.<\/p>\n<h4>Objet Art. 3<\/h4>\n<p>Le r\u00e9seau d&rsquo;adh\u00e9sion MedicusInfo propose des produits et services exclusifs, actuellement absents du march\u00e9, sous forme de remises et d&rsquo;avantages sur les biens et services.<\/p>\n<h4>Membres, type d&rsquo;adh\u00e9sion et frais Art. 4<\/h4>\n<p>Les types d&rsquo;adh\u00e9sion suivants sont fournis:<\/p>\n<ul type=\"disc\">\n<li>PLATINUM<\/li>\n<li>BLUE<\/li>\n<li>BLUE BASIC<\/li>\n<li>STUDENT<\/li>\n<li>BUSINESS PLATINUM<\/li>\n<li>CARTES \u00c9DITION SP\u00c9CIALE<\/li>\n<\/ul>\n<h5>PLATINUM<\/h5>\n<p>Destin\u00e9 aux m\u00e9decins et aux professionnels ind\u00e9pendants* tels que:<\/p>\n<p>Pharmaciens, psychologues, psychoth\u00e9rapeutes, acupuncteurs, di\u00e9t\u00e9ticiens, pharmaciens, ergoth\u00e9rapeutes, esth\u00e9ticiennes, physioth\u00e9rapeutes, sages-femmes-obst\u00e9triciennes, orthophonistes, masseurs m\u00e9dicaux, proth\u00e9sistes dentaires, dentistes, opticiens, optom\u00e9tristes, podiatres, psychomotriciens, th\u00e9rapeutes compl\u00e9mentaires, hom\u00e9opathes, etc &#8230;<\/p>\n<p>En g\u00e9n\u00e9ral aux m\u00e9decins ayant obtenu un dipl\u00f4me en m\u00e9decine, psychologie, dentisterie, donc dans toute sp\u00e9cialisation m\u00e9dicale.<\/p>\n<p>* <span class=\"VIiyi\" lang=\"fr\"><span class=\"JLqJ4b ChMk0b\" data-language-for-alternatives=\"fr\" data-language-to-translate-into=\"it\" data-phrase-index=\"0\">Les propri\u00e9taires d&rsquo;entreprises, associe\u0301e ge\u0301rante, associe\u0301e, membres avec ou non signature, toute personne pr\u00e9sente dans la direction d&rsquo;une entreprise est tenue de signer une carte PLATINUM<\/span><\/span><\/p>\n<h5>BLUE et BLUE BASIC<\/h5>\n<p>Abonn\u00e9 par:<\/p>\n<p>Tout salari\u00e9 du secteur de la sant\u00e9 m\u00e9dicale quelle que soit sa profession, \u00e0 condition que l&#8217;employeur soit dans le domaine de la sant\u00e9 m\u00e9dicale<\/p>\n<p>Je suis du secteur:<\/p>\n<p>Cliniques, h\u00f4pitaux, cabinets m\u00e9dicaux, cabinets dentaires, laboratoires dentaires, caisses d&rsquo;assurance maladie, physioth\u00e9rapie, hom\u00e9opathie, centres de bien-\u00eatre, services hospitaliers, etc.<\/p>\n<ol type=\"1\">\n<li>Les m\u00e9decins, m\u00eame les salari\u00e9s, qui ont l&rsquo;abonnement PLATINUM qui leur est d\u00e9di\u00e9 sont exclus.<\/li>\n<\/ol>\n<h5>BUSINESS PLATINUM<\/h5>\n<p>Pour les \u00c9TUDES M\u00c9DICALES, DENTAIRES, CLINIQUES et LES MAISONS INFIRMI\u00c8RES \/ \u00c2G\u00c9ES<\/p>\n<p>En-t\u00eate du studio \/ de l&rsquo;installation, les avantages peuvent \u00eatre achet\u00e9s et appr\u00e9ci\u00e9s par le studio, pas par l&rsquo;individu<\/p>\n<h5>STUDENT<\/h5>\n<p>Il ne peut \u00eatre souscrit que par des \u00e9tudiants r\u00e9guli\u00e8rement inscrits dans une \u00e9cole de m\u00e9decine de sant\u00e9 Ex: m\u00e9decine, dentisterie, physioth\u00e9rapie, hom\u00e9opathie, etc &#8230;<\/p>\n<p>* Age maximum 26 ans<\/p>\n<h5>CARTES \u00c9DITION SP\u00c9CIALE<\/h5>\n<p>Ces cartes sont adress\u00e9es aux associations, fondations et structures \u00e0 but lucratif ou non qui, rentrant dans le secteur m\u00e9dico-sanitaire, signent une convention avec le r\u00e9seau pour leurs adh\u00e9rents.<\/p>\n<p>Exemple: CARDIOCENTRO Tessin, Fondation TICINO CUORE, CROIX ROUGE SUISSE, CROIX VERTE<\/p>\n<p>Les caract\u00e9ristiques sont \u00e9galement illustr\u00e9es dans les sections sp\u00e9cifiques du site <a href=\"https:\/\/translate.google.com\/translate?hl=it&amp;prev=_t&amp;sl=auto&amp;tl=fr&amp;u=http:\/\/www.medicusinfo.eu\/\">www.medicusinfo.eu.<\/a><\/p>\n<p>Le prix unitaire de chaque type d&rsquo;adh\u00e9sion comprend la TVA et toutes les taxes et droits applicables, ainsi que les frais d&rsquo;exp\u00e9dition du pack de bienvenue.<\/p>\n<p>TABLEAU A<\/p>\n<table cellspacing=\"0\" cellpadding=\"0\">\n<tbody>\n<tr>\n<td>TYPE D&rsquo;ADH\u00c9SION<\/td>\n<td>CHARTE<br \/>\nANNUELLE<\/td>\n<td>CARTE PARTENAIRE<br \/>\n(OPTIONNELLE)<\/td>\n<td>CHARTE<br \/>\nDE TROIS ANS<\/td>\n<td>CARTE PARTENAIRE<br \/>\n(OPTIONNELLE)<\/td>\n<\/tr>\n<tr>\n<td>PLATINUM<\/td>\n<td>CHF 400.-<\/td>\n<td>CHF 200.-<br \/>\n(BLUE)<\/td>\n<td>CHF 800.-<\/td>\n<td>1 GRATIS (BLUE)<br \/>\nCHF 200.- (PLATINUM)<\/td>\n<\/tr>\n<tr>\n<td>BLUE<\/td>\n<td>CHF 250.-<\/td>\n<td>CHF 200.-<br \/>\n(BLUE)<\/td>\n<td>CHF 500.-<\/td>\n<td>CHF 200.-<br \/>\n(BLUE)<\/td>\n<\/tr>\n<tr>\n<td>BLUE BASIC<\/td>\n<td>&#8211;<\/td>\n<td>&#8211;<\/td>\n<td>CHF 150.-<\/td>\n<td>CHF 150.-<br \/>\n(BLUE BASIC)<\/td>\n<\/tr>\n<tr>\n<td>STUDENT<\/td>\n<td>&#8211;<\/td>\n<td>&#8211;<\/td>\n<td>CHF 150.-<\/td>\n<td>CHF 500.-<br \/>\n(BLUE)<\/td>\n<\/tr>\n<tr>\n<td>BUSINESS PLATINUM<\/td>\n<td>&#8211;<\/td>\n<td>&#8211;<\/td>\n<td>CHF 1&rsquo;000.-<\/td>\n<td>1 carte PLATINUM<\/td>\n<\/tr>\n<tr>\n<td>CARTES SP\u00c9CIALES ED DE BASE<\/td>\n<td>&#8211;<\/td>\n<td>&#8211;<\/td>\n<td>CHF 150.-<\/td>\n<td>CHF 150.-<br \/>\n(BLUE BASIC)<\/td>\n<\/tr>\n<\/tbody>\n<tbody>\n<tr>\n<td>CARTES SP\u00c9CIALES ED<\/td>\n<td>CHF 250.-<\/td>\n<td>CHF 200.-<br \/>\n(BLUE)<\/td>\n<td>CHF 500.-<\/td>\n<td>CHF 200.-<br \/>\n(BLUE)<\/td>\n<\/tr>\n<\/tbody>\n<\/table>\n<table style=\"height: 29px;\" width=\"777\" cellspacing=\"0\" cellpadding=\"0\">\n<tbody>\n<tr>\n<td><\/td>\n<td><\/td>\n<td><\/td>\n<td><\/td>\n<td><\/td>\n<\/tr>\n<\/tbody>\n<\/table>\n<p>&nbsp;<\/p>\n<h4>R\u00e9ductions et avantages r\u00e9serv\u00e9s aux membres Art. 5<\/h4>\n<ul type=\"disc\">\n<li>Acc\u00e8s \u00e0 toutes les r\u00e9ductions et conventions sign\u00e9es par MedicusInfo et pr\u00e9sentes sur le site <a href=\"https:\/\/translate.google.com\/translate?hl=it&amp;prev=_t&amp;sl=auto&amp;tl=fr&amp;u=http:\/\/www.medicusinfo.eu\/\">medicusinfo.eu<\/a> dans la rubrique \u00abtoutes les conventions\u00bb<\/li>\n<li>Acc\u00e8s aux remises sur les flottes VOITURE, MOTO et <a href=\"https:\/\/translate.google.com\/translate?hl=it&amp;prev=_t&amp;sl=auto&amp;tl=fr&amp;u=http:\/\/www.medicusinfo.eu\/\">NAUTIQUE<\/a> sur toutes les marques et garages sur le site <a href=\"https:\/\/translate.google.com\/translate?hl=it&amp;prev=_t&amp;sl=auto&amp;tl=fr&amp;u=http:\/\/www.medicusinfo.eu\/\">medicusinfo.eu<\/a><\/li>\n<\/ul>\n<p>Pour b\u00e9n\u00e9ficier de la r\u00e9duction flotte, la carte doit \u00eatre au nom de l&rsquo;acheteur de l&rsquo;article faisant l&rsquo;objet de la r\u00e9duction<\/p>\n<ul type=\"disc\">\n<li>Conseil fiscal, juridique et administratif gratuit (Uniquement pour les adh\u00e9sions PLATINUM et BUSINESS)<\/li>\n<li>R\u00e9ductions et forfaits bancaires ad hoc pour les membres et leurs clients (uniquement pour les membres PLATINUM et BUSINESS)<\/li>\n<li>Carte de cr\u00e9dit MedicusInfo Corn\u00e8rcard gratuite (Uniquement pour l&rsquo;adh\u00e9sion PLATINUM, pour la premi\u00e8re ann\u00e9e)<\/li>\n<\/ul>\n<p>Toute modification du programme, telle que l&rsquo;acc\u00e8s \u00e0 des privil\u00e8ges \/ pr\u00e9emptions, offres sp\u00e9ciales et \/ ou services suppl\u00e9mentaires pouvant \u00eatre fournis par MedicusInfo, ou par d&rsquo;autres soci\u00e9t\u00e9s avec lesquelles MedicusInfo signera des accords (ce que l&rsquo;on appelle la soci\u00e9t\u00e9 en accord), sera communiqu\u00e9e au membre. via le site disponible 24 heures sur 24, sauf pour les interruptions dues \u00e0 un cas de force majeure, ou via la newsletter mensuelle aux adresses fournies par le membre lors de l&rsquo;inscription, et accept\u00e9es maintenant d&rsquo;ici l\u00e0.<\/p>\n<h4>Carte de cr\u00e9dit incluse dans l&rsquo;adh\u00e9sion PLATINUM Art.6<\/h4>\n<p>En souscrivant \u00e0 l&rsquo;adh\u00e9sion PLATINUM, le membre aura droit \u00e0 la carte de cr\u00e9dit Corner\u0300 card MedicusInfo, gratuitement la premi\u00e8re ann\u00e9e et moyennant 80 CHF pour la deuxi\u00e8me ann\u00e9e et les ann\u00e9es suivantes.<\/p>\n<p>Dans le kit de bienvenue de la carte de membre PLATINUM, le membre trouvera le formulaire de souscription de la carte de cr\u00e9dit \u00e0 envoyer, avec l&rsquo;enveloppe pr\u00e9pay\u00e9e fournie, directement \u00e0 la carte Banca Corner\u0300.<\/p>\n<p>L&rsquo;\u00e9mission de la carte de cr\u00e9dit Corn\u00e8rcard MedicusInfo est \u00e0 la seule discr\u00e9tion et discr\u00e9tion de Corn\u00e8card, qui a \u00e9valu\u00e9 la situation du demandeur, d\u00e9cidera s&rsquo;il y a lieu d&rsquo;\u00e9mettre la carte elle-m\u00eame et avec quelle limite d&rsquo;utilisation.<\/p>\n<p>MedicusInfo et Claude Dreifuss et Cie SA ne participeront en aucun cas activement \u00e0 l&rsquo;acceptation et \u00e0 la lib\u00e9ration de la carte de cr\u00e9dit Corn\u00e8rcard MedicusInfo et ne pourront avoir connaissance d&rsquo;aucun probl\u00e8me y aff\u00e9rent, en raison du secret bancaire entre le client et la banque.<\/p>\n<p>Si, pour quelque raison que ce soit, la carte n&rsquo;est pas accept\u00e9e et \u00e9mise, le membre continuera \u00e0 avoir un abonnement actif PLATINUM MedicusInfo sign\u00e9 par cet accord, moyennant des frais de 230 CHF par an, jusqu&rsquo;\u00e0 ce que le membre l&rsquo;annule.<\/p>\n<h4>Modes de paiement Art.7<\/h4>\n<p>Les adh\u00e9sions \u00e0 MedicusInfo ont les co\u00fbts r\u00e9sum\u00e9s dans le tableau A du pr\u00e9sent statut (art.4) et sont payables avec les modes de paiement suivants:<\/p>\n<ul type=\"disc\">\n<li>Coupon de paiement postal<\/li>\n<li>Virement bancaire direct<\/li>\n<li>Pay Pal<\/li>\n<li>Carte de cr\u00e9dit (Visa, Mastercard\u00ae, American Express)<\/li>\n<li>Twint<\/li>\n<li>Apple Pay<\/li>\n<\/ul>\n<p><span class=\"VIiyi\" lang=\"fr\"><span class=\"JLqJ4b ChMk0b\" data-language-for-alternatives=\"fr\" data-language-to-translate-into=\"auto\" data-phrase-index=\"0\">Le retard d&rsquo;un paiement pour une nouvelle carte ou d&rsquo;un renouvellement au-del\u00e0 de 7 jours, g\u00e9n\u00e8re un rappel de CHF 30.- et un retard suppl\u00e9mentaire de 7 jours suppl\u00e9mentaires, g\u00e9n\u00e8re un avertissement de CHF 50.-, un retard de plus de 30 jours entra\u00eene<\/span> <span class=\"JLqJ4b ChMk0b\" data-language-for-alternatives=\"fr\" data-language-to-translate-into=\"auto\" data-phrase-index=\"1\">\u00e0 l&rsquo;ex\u00e9cution de la somme totale, charg\u00e9e des frais d&rsquo;ex\u00e9cution.<\/span><\/span><\/p>\n<h4>Dur\u00e9e et r\u00e9siliation de l&rsquo;adh\u00e9sion Art. 8<\/h4>\n<p>L&rsquo;adh\u00e9sion \u00e0 MedicusInfo a la dur\u00e9e sign\u00e9e et est tacitement renouvel\u00e9e si aucune annulation n&rsquo;est faite avant 60 jours de la date d&rsquo;expiration naturelle par lettre recommand\u00e9e avec accus\u00e9 de r\u00e9ception a envoyer \u00e0:<br \/>\nMedicusInfo<br \/>\nc\/o Claude Dreifuss et Cie SA<br \/>\nPiazza Boffalora 4<br \/>\n6830 Chiasso TI<\/p>\n<table style=\"height: 373px;\" width=\"466\" cellspacing=\"0\" cellpadding=\"0\">\n<tbody>\n<tr>\n<td>TYPE D&rsquo;ADH\u00c9SION<\/td>\n<td>DUR\u00c9E<\/td>\n<\/tr>\n<tr>\n<td>PLATINUM<\/td>\n<td>Annuel \/ Triennal<\/td>\n<\/tr>\n<tr>\n<td>BLUE<\/td>\n<td>Annuel \/ Triennal<\/td>\n<\/tr>\n<tr>\n<td>BLUE BASIC<\/td>\n<td>Triennal<\/td>\n<\/tr>\n<tr>\n<td>STUDENT<\/td>\n<td>Triennal<\/td>\n<\/tr>\n<tr>\n<td>BUSINESS PLATINUM<\/td>\n<td>Triennal<\/td>\n<\/tr>\n<tr>\n<td>CARTES SP\u00c9CIALES ED<\/td>\n<td>Annuel \/ Triennal<\/td>\n<\/tr>\n<\/tbody>\n<\/table>\n<p>Toutes les adh\u00e9sions sont actives d\u00e8s que le membre re\u00e7oit sa carte \u00e0 l&rsquo;adresse indiqu\u00e9e.<\/p>\n<p>Pour les cartes souscrites avant le 31.12.2021, la date limite a toujours \u00e9t\u00e9 uniformis\u00e9e au mois pr\u00e9c\u00e9dant la date de souscription.<\/p>\n<p>Pour les cartes souscrites apr\u00e8s le 01.01.2022, la r\u00e8gle suivante s&rsquo;applique :<br \/>\nLes adh\u00e9sions sign\u00e9es du 1er au 14 du mois auront une \u00e9ch\u00e9ance uniforme \u00e0 la fin du mois pr\u00e9c\u00e9dant la commande, celles sign\u00e9es du 15 \u00e0 la fin du mois auront une \u00e9ch\u00e9ance uniforme \u00e0 la fin du mois en cours.<br \/>\nEx. Une carte annuelle sign\u00e9e le 06.10.2031 expirera le 30.09.2032, une carte de trois ans sign\u00e9e le 18.10.2031 expirera le 31.10.2034<\/p>\n<p>En cas d&rsquo;annulation, il ne sera plus possible de souscrire \u00e0 une carte de membre \u00e0 l&rsquo;avenir.<\/p>\n<p>Toute demande future de carte par un membre pr\u00e9c\u00e9demment annul\u00e9e pour cause d&rsquo;annulation sera soumise \u00e0 l&rsquo;approbation incontestable de la direction, la souscription d&rsquo;une carte de trois ans sera obligatoire et, si elle est accept\u00e9e, le membre devra s&rsquo;acquitter de frais administratifs de r\u00e9activation des donn\u00e9es personnelles pour CHF 200.-<\/p>\n<p>Les cartes de tout partenaire (ex: MIGROL, cartes ENI, etc\u2026) seront retourn\u00e9es et ne pourront pas \u00eatre conserv\u00e9es si vous n&rsquo;\u00eates plus membre MedicusInfo, l&rsquo;utilisation et la maintenance apr\u00e8s la date d&rsquo;expiration de l&rsquo;adh\u00e9sion MedicusInfo seront ill\u00e9gales.<\/p>\n<p>NB L&rsquo;annulation de l&rsquo;Adh\u00e9sion PLATINUM n&rsquo;inclura pas l&rsquo;annulation de la carte de cr\u00e9dit Corn\u00e8rcard MedicusInfo, si elle est sign\u00e9e, qui doit \u00eatre annul\u00e9e s\u00e9par\u00e9ment par lettre recommand\u00e9e directement \u00e0 Corn\u00e8rcard. Si aucune annulation n&rsquo;est faite, elle sera maintenue lors du paiement \u00e0 Corn\u00e8rcard des 80 CHF pr\u00e9vus pour le renouvellement annuel.<\/p>\n<h4>R\u00e9vocation Art. 9<\/h4>\n<p>La r\u00e9vocation de l&rsquo;adh\u00e9sion est pr\u00e9vue en cas d&rsquo;utilisation inappropri\u00e9e de celle-ci, telle que le transfert de la carte \u00e0 des personnes autres que le titulaire, pour l&rsquo;achat de biens ou de services faisant l&rsquo;objet de r\u00e9ductions ou l&rsquo;achat de biens non destin\u00e9s \u00e0 \u00eatre utilis\u00e9s. personnel, mais destin\u00e9 \u00e0 la revente, l\u00e0 o\u00f9 il est express\u00e9ment interdit.<\/p>\n<p>NB La r\u00e9vocation de l&rsquo;adh\u00e9sion n&rsquo;inclura pas la r\u00e9vocation de la carte de cr\u00e9dit MedicusInfo de la carte Corner if, si elle est sign\u00e9e, qui doit \u00eatre annul\u00e9e s\u00e9par\u00e9ment par lettre recommand\u00e9e \u00e0 la carte Corner\u0300. Si aucune annulation n&rsquo;est faite, elle sera maintenue lors du paiement \u00e0 Corn\u00e8rcard des 80 CHF pr\u00e9vus pour le renouvellement annuel.<\/p>\n<h4>Loi applicable Article 10<\/h4>\n<p>Toutes les relations du membre avec MedicusInfo sont soumises au droit suisse. Le lieu d&rsquo;ex\u00e9cution, la juridiction d&rsquo;ex\u00e9cution et de faillite pour les titulaires domicili\u00e9s \u00e0 l&rsquo;\u00e9tranger ainsi que la comp\u00e9tence exclusive pour toutes les proc\u00e9dures sont \u00e9tablis, sous r\u00e9serve des dispositions imp\u00e9ratives du droit suisse, \u00e0 Lugano. Cependant, MedicusInfo se r\u00e9serve le droit d&rsquo;intenter des actions devant les tribunaux du lieu de r\u00e9sidence du propri\u00e9taire ou devant tout autre tribunal comp\u00e9tent.<\/p>\n<h4>Modifications Art.11<\/h4>\n<p>Aucune modification de la carte souscrite (type ou dur\u00e9e) n&rsquo;est autoris\u00e9e pendant la dur\u00e9e de validit\u00e9.<\/p>\n<p>Un changement de dur\u00e9e (d&rsquo;annuelle \u00e0 triennale ou vice versa) ne peut \u00eatre demand\u00e9, en acceptant le prix en vigueur au moment du changement et en perdant le droit au prix initialement souscrit, que s&rsquo;il est demand\u00e9 au moins 60 jours avant la date d&rsquo;expiration (date de r\u00e9siliation) et avec une validit\u00e9 effective du changement \u00e0 partir de la date de renouvellement de la carte.<\/p>\n<p>Par exemple, dans le cas d&rsquo;une carte de 3 ans valable du 12.2018 au 12.2021, le passage \u00e0 une carte annuelle peut \u00eatre demand\u00e9 avant le 31.10.2021, ce qui aura un effet sur le renouvellement de la carte qui sera valable du 12.2021 au 12.2022 et fera l&rsquo;objet d&rsquo;un renouvellement annuel automatique.<\/p>\n<p>Donn\u00e9es personnelles<br \/>\nLes donn\u00e9es personnelles, c&rsquo;est-\u00e0-dire toutes les informations relatives \u00e0 une personne (physique ou morale) identifi\u00e9e ou identifiable, telles que le nom, le pr\u00e9nom, l&rsquo;adresse postale, l&rsquo;adresse \u00e9lectronique, le num\u00e9ro de t\u00e9l\u00e9phone et autres, n\u00e9cessaires \u00e0 la gestion de la commande et de ses renouvellements, doivent toujours \u00eatre \u00e0 jour, tout changement devant \u00eatre notifi\u00e9 \u00e0 MedicusInfo par un courriel envoy\u00e9 \u00e0 <a href=\"mailto:info@medicusinfo.eu\">info@medicusinfo.eu<\/a>.<\/p>\n<p>MedicusInfo peut, \u00e0 sa propre discr\u00e9tion, cesser ou modifier la fourniture d&rsquo;une partie ou de la totalit\u00e9 des services\/prestations \u00e0 tout moment apr\u00e8s avoir modifi\u00e9 les conventions actives ou inactives sur le site www.medicusinfo.eu.<br \/>\nLes communications adress\u00e9es \u00e0 l&rsquo;int\u00e9ress\u00e9 individuel s&rsquo;entendent par l&rsquo;envoi d&rsquo;un courriel \u00e0 l&rsquo;adresse indiqu\u00e9e dans le formulaire d&rsquo;inscription, ou \u00e0 l&rsquo;adresse diff\u00e9rente communiqu\u00e9e par \u00e9crit par le membre<\/p>\n<h4>Vol, perte, destruction de la carte de membre Art.12<strong><br \/>\n<\/strong><\/h4>\n<p>Si la carte de membre MedicusInfo est perdue, vol\u00e9e ou d\u00e9truite, une copie conforme peut \u00eatre demand\u00e9e en envoyant un courriel \u00e0 info@medicusinfo.eu.<br \/>\nLa copie sera produite et envoy\u00e9e par la poste dans un d\u00e9lai d&rsquo;environ 14 jours ouvrables apr\u00e8s paiement des frais de r\u00e9impression et d&rsquo;exp\u00e9dition (CHF 25.-) payables en ligne avec VISA, Mastercard\u00ae, American Express, TWINT, Apple Pay ou par virement bancaire.<br \/>\nD\u00e8s r\u00e9ception de la demande par courrier \u00e9lectronique, une copie \u00e9lectronique sera \u00e9galement envoy\u00e9e imm\u00e9diatement pour une utilisation imm\u00e9diate.<\/p>\n<p>Cadempino, 01.01.2022[\/vc_column_text][\/vc_column][\/vc_row]\n<\/div>","protected":false},"excerpt":{"rendered":"<p>[vc_row][vc_column][vc_column_text css=\u00a0\u00bb.vc_custom_1705324438380{margin-bottom: 0px !important;}\u00a0\u00bb] Statut et conditions g\u00e9n\u00e9rales du r\u00e9seau de membres MedicusInfo &nbsp; R\u00c8GLES G\u00c9N\u00c9RALES D\u00e9finition Art. 1 MedicusInfo est une marque appartenant \u00e0 Claude Dreifuss et Cie SA, \u00e0 travers laquelle un r\u00e9seau d&rsquo;adh\u00e9sion a \u00e9t\u00e9 cr\u00e9\u00e9 r\u00e9serv\u00e9 uniquement aux professionnels de la sant\u00e9 dans toute la Suisse. Si\u00e8ge, adresse Art. 2 MedicusInfo [&hellip;]<\/p>\n","protected":false},"author":1,"featured_media":0,"parent":0,"menu_order":9,"comment_status":"closed","ping_status":"closed","template":"","meta":{"_acf_changed":false,"footnotes":""},"class_list":["post-6858","page","type-page","status-publish","hentry"],"acf":[],"aioseo_notices":[],"_links":{"self":[{"href":"https:\/\/www.medicusinfo.eu\/fr\/wp-json\/wp\/v2\/pages\/6858","targetHints":{"allow":["GET"]}}],"collection":[{"href":"https:\/\/www.medicusinfo.eu\/fr\/wp-json\/wp\/v2\/pages"}],"about":[{"href":"https:\/\/www.medicusinfo.eu\/fr\/wp-json\/wp\/v2\/types\/page"}],"author":[{"embeddable":true,"href":"https:\/\/www.medicusinfo.eu\/fr\/wp-json\/wp\/v2\/users\/1"}],"replies":[{"embeddable":true,"href":"https:\/\/www.medicusinfo.eu\/fr\/wp-json\/wp\/v2\/comments?post=6858"}],"version-history":[{"count":0,"href":"https:\/\/www.medicusinfo.eu\/fr\/wp-json\/wp\/v2\/pages\/6858\/revisions"}],"wp:attachment":[{"href":"https:\/\/www.medicusinfo.eu\/fr\/wp-json\/wp\/v2\/media?parent=6858"}],"curies":[{"name":"wp","href":"https:\/\/api.w.org\/{rel}","templated":true}]}}