{"id":9693,"date":"2019-02-22T15:28:55","date_gmt":"2019-02-22T14:28:55","guid":{"rendered":"https:\/\/www.medicusinfo.eu\/?page_id=9693"},"modified":"2019-02-22T15:28:55","modified_gmt":"2019-02-22T14:28:55","slug":"privacy-policy","status":"publish","type":"page","link":"https:\/\/www.medicusinfo.eu\/fr\/privacy-policy\/","title":{"rendered":"Privacy Policy"},"content":{"rendered":"<p>MedicusInfo reconna\u00eet l&rsquo;importance de prot\u00e9ger la sph\u00e8re priv\u00e9e de l&rsquo;utilisateur du site internet c&rsquo;est pourquoi elle a mis au point une Politique de protection des donn\u00e9es personnelles.<\/p>\n<p>MedicusInfo se r\u00e9serve le droit de modifier de mani\u00e8re unilat\u00e9rale \u00e0 tout moment et sans pr\u00e9avis sa Politique de protection des donn\u00e9es personnelles pour l&rsquo;adapter \u00e0 la l\u00e9gislation en cours.<\/p>\n<p>Le site internet ne contient pas d&rsquo;informations pour les moins de 18 ans, et, par cons\u00e9quent, MedicusInfo ne recueillera pas de donn\u00e9es personnelles de mineurs de fa\u00e7on intentionn\u00e9e et, si le cas est, \u00e9liminera toute donn\u00e9e de mineurs pouvant se trouver en sa possession au moment o\u00f9 elle en prendrait connaissance.<\/p>\n<p>Pour l&rsquo;acquisition de produits, les utilisateurs devront apporter certaines donn\u00e9es personnelles \u00e0 MedicusInfo (nom et pr\u00e9nom, adresse e-mail, etc.) que MedicusInfo traitera dans le but de formaliser l&rsquo;achat \u00e0 distance, g\u00e9rer, administrer, donner service et am\u00e9liorer les services offerts sur notre site internet.<\/p>\n<p>De m\u00eame pour la r\u00e9alisation d&rsquo;activit\u00e9s promotionnelles et publicitaires dans le secteur de produits sanitaires \u00e0 travers tout moyen, pouvant vous int\u00e9resser pour compl\u00e9ter et am\u00e9liorer nos produits, en adaptant nos offres en fonction de vos pr\u00e9f\u00e9rences ou de vos besoins, \u00e0 partir de l&rsquo;\u00e9tude et segmentation de l&rsquo;information personnelle et commerciale \u00e0 notre disposition dans nos fichiers du fait de l&rsquo;acc\u00e8s \u00e0 notre site internet, de mani\u00e8re \u00e9galement \u00e0 permettre une navigation personnalis\u00e9e.<\/p>\n<p>Le fichier en question, sous la titularisation de l&rsquo;activit\u00e9 MedicusInfo.<\/p>\n<p>L&rsquo;utilisateur disposera d&rsquo;un droit d&rsquo;acc\u00e8s, de rectification, d&rsquo;\u00e9limination et d&rsquo;opposition en accord avec la normative en vigueur concernant les donn\u00e9es personnelles recueillies, comme \u00e9tabli dans les paragraphes pr\u00e9c\u00e9dents, en s&rsquo;adressant, avec une photocopie de la carte d&rsquo;identit\u00e9 ou du passeport, \u00e0 l&rsquo;adresse de contact indiqu\u00e9e.<\/p>\n<p>L\u2019utilisateur accepte express\u00e9ment l&rsquo;inclusion des donn\u00e9es recueillies pendant la navigation sur le site internet ou fournies \u00e0 travers tout formulaire \u00e0 remplir ou d\u00e9riv\u00e9s de la relation commerciale et\/ou livraison des produits achet\u00e9s dans le fichier pr\u00e9c\u00e9demment mentionn\u00e9.<\/p>\n<p>Pendant le processus de recueil de donn\u00e9es, et sur chaque page de notre site internet demandant les donn\u00e9es en question, l&rsquo;utilisateur en sera inform\u00e9, du caract\u00e8re obligatoire ou non de recueil de ces donn\u00e9es pour la livraison des produits, \u00e0 exception de la r\u00e9alisation de commandes.<\/p>\n<p>Dans ce cas, MedicusInfo informe \u00e0 l\u2019utilisateur que le recueil de donn\u00e9es ne sera pas consid\u00e9r\u00e9 de caract\u00e8re volontaire c&rsquo;est pourquoi il sera n\u00e9cessaire pour la formalisation de la commande de fournir les donn\u00e9es relatives \u00e0 l&rsquo;identit\u00e9, au domicile et obligatoires pour r\u00e9aliser le paiement, ces donn\u00e9es \u00e9tant n\u00e9cessaires \u00e0 la formalisation et conclusion de la vente.<\/p>\n<p>MedicusInfo s&rsquo;engage en ce qui concerne l&rsquo;utilisation des donn\u00e9es incluses dans ce fichier, \u00e0 respecter votre confidentialit\u00e9 et \u00e0 les utiliser en accord avec la finalit\u00e9 du fichier, ainsi qu&rsquo;\u00e0 remplir son obligation de les conserver et d&rsquo;adapter toutes les mesures \u00e9vitant l&rsquo;alt\u00e9ration, la perte, le traitement et l&rsquo;acc\u00e8s non autoris\u00e9.<\/p>\n<p>Le site internet poss\u00e8de des \u00ab\u00a0cookies\u00a0\u00bb qui permettent \u00e0 MedicusInfo d&rsquo;obtenir une s\u00e9rie de donn\u00e9es des utilisateurs, telles que les sections du site internet visit\u00e9es ant\u00e9rieurement par l&rsquo;utilisateur, ainsi que les produits et services qu&rsquo;il pr\u00e9f\u00e8re.<\/p>\n<p>Si l&rsquo;utilisateur le pr\u00e9f\u00e8re, il peut emp\u00eacher l&rsquo;acc\u00e8s d&rsquo;un \u00ab\u00a0cookie\u00a0\u00bb sur son disque dur en configurant le navigateur de son ordinateur pour qu&rsquo;il le pr\u00e9vienne d\u00e8s la r\u00e9ception de \u00ab\u00a0cookies\u00a0\u00bb et pour emp\u00eacher leur installation sur son disque dur ; dans ce cas, le site internet pourrait ne pas fonctionner correctement pour des raisons techniques.<\/p>\n","protected":false},"excerpt":{"rendered":"<p>MedicusInfo reconna\u00eet l&rsquo;importance de prot\u00e9ger la sph\u00e8re priv\u00e9e de l&rsquo;utilisateur du site internet c&rsquo;est pourquoi elle a mis au point une Politique de protection des donn\u00e9es personnelles. MedicusInfo se r\u00e9serve le droit de modifier de mani\u00e8re unilat\u00e9rale \u00e0 tout moment et sans pr\u00e9avis sa Politique de protection des donn\u00e9es personnelles pour l&rsquo;adapter \u00e0 la l\u00e9gislation [&hellip;]<\/p>\n","protected":false},"author":1,"featured_media":0,"parent":0,"menu_order":0,"comment_status":"closed","ping_status":"closed","template":"","meta":{"_acf_changed":false,"footnotes":""},"class_list":["post-9693","page","type-page","status-publish","hentry"],"acf":[],"aioseo_notices":[],"_links":{"self":[{"href":"https:\/\/www.medicusinfo.eu\/fr\/wp-json\/wp\/v2\/pages\/9693","targetHints":{"allow":["GET"]}}],"collection":[{"href":"https:\/\/www.medicusinfo.eu\/fr\/wp-json\/wp\/v2\/pages"}],"about":[{"href":"https:\/\/www.medicusinfo.eu\/fr\/wp-json\/wp\/v2\/types\/page"}],"author":[{"embeddable":true,"href":"https:\/\/www.medicusinfo.eu\/fr\/wp-json\/wp\/v2\/users\/1"}],"replies":[{"embeddable":true,"href":"https:\/\/www.medicusinfo.eu\/fr\/wp-json\/wp\/v2\/comments?post=9693"}],"version-history":[{"count":0,"href":"https:\/\/www.medicusinfo.eu\/fr\/wp-json\/wp\/v2\/pages\/9693\/revisions"}],"wp:attachment":[{"href":"https:\/\/www.medicusinfo.eu\/fr\/wp-json\/wp\/v2\/media?parent=9693"}],"curies":[{"name":"wp","href":"https:\/\/api.w.org\/{rel}","templated":true}]}}