{"id":17127,"date":"2020-07-02T17:51:15","date_gmt":"2020-07-02T15:51:15","guid":{"rendered":"https:\/\/www.medicusinfo.eu\/?post_type=product&#038;p=17127"},"modified":"2023-02-13T15:57:41","modified_gmt":"2023-02-13T14:57:41","slug":"membership-blue-avalems","status":"publish","type":"product","link":"https:\/\/www.medicusinfo.eu\/fr\/prodotto\/membership-blue-avalems\/","title":{"rendered":"Membership BLUE AVALEMS"},"content":{"rendered":"<ul>\n<li><span id=\"result_box\" class=\"\" lang=\"fr\"><span class=\"\">POUR LE PERSONNEL D\u00c9PENDANT DU AVALEMS<\/span><\/span>*<\/li>\n<\/ul>\n<p>*<span id=\"result_box\" class=\"\" lang=\"fr\"><span class=\"\">Tout le personnel salari\u00e9<\/span><\/span><\/p>\n<p><span id=\"result_box\" class=\"\" lang=\"fr\"><span class=\"\">Ind\u00e9pendamment de la profession exerc\u00e9e dans la structure, l&rsquo;appartenance au secteur m\u00e9dical et sanitaire de l&#8217;employeur est valable<\/span><\/span><\/p>\n<p><span id=\"result_box\" class=\"\" lang=\"fr\"><span class=\"\">Les m\u00e9decins, bien que les employ\u00e9s, qui ont l&rsquo;abonnement <a href=\"https:\/\/www.medicusinfo.eu\/fr\/prodotto\/membership-platinum-avalems\/\">PLATINUM<\/a> d\u00e9di\u00e9 \u00e0 eux sont exclus<\/span><\/span><\/p>\n<p><strong>Avantages exclusifs membres BLUE AVALEMS:<\/strong><\/p>\n<ul>\n<li><span id=\"result_box\" class=\"\" lang=\"fr\"><span class=\"\">Acc\u00e8s \u00e0 toutes les r\u00e9ductions et conventions MedicusInfo<\/span><\/span><\/li>\n<li><span class=\"\" lang=\"fr\"><span class=\"\">Acc\u00e8s aux r\u00e9ductions de la flotte voiture, mociclette et nautique sur toutes les marques et garages du site<br \/>\n<\/span><\/span><\/p>\n<div class=\"page\" title=\"Page 1\">\u00a0<span id=\"result_box\" class=\"\" lang=\"fr\"><span class=\"\">(Pour be\u0301ne\u0301ficier du rabais de flotte, la carte doit e\u0302tre enregistre\u0301e au nom de l\u2019acheteur du ve\u0301hicule)<br \/>\n<\/span><\/span><\/div>\n<\/li>\n<\/ul>\n<p>&nbsp;<\/p>\n<p><span class=\"tlid-translation translation\" lang=\"fr\"><span class=\"\" title=\"\">Carte avec renouvellement automatique, possibilit\u00e9 d\u2019annulation dans les 60 jours \u00e0 compter de l\u2019expiration naturelle.<\/span><\/span><\/p>\n<p><span class=\"tlid-translation translation\" lang=\"fr\"><span class=\"\" title=\"\">Conditions g\u00e9n\u00e9rales et statut des membres <a href=\"https:\/\/www.medicusinfo.eu\/fr\/conditions-generales\/\" target=\"_blank\" rel=\"noopener\">ICI<\/a><\/span><\/span><\/p>\n","protected":false},"excerpt":{"rendered":"<h6><span id=\"result_box\" class=\"\" lang=\"fr\"><span class=\"\">POUR LE PERSONNEL D\u00c9PENDANT DU AVALEMS<\/span><\/span>*<\/h6>\n<p>*<span id=\"result_box\" class=\"\" lang=\"fr\"><span class=\"\">Tout le personnel salari\u00e9<br \/>\n<\/span><\/span><\/p>\n<p><span id=\"result_box\" class=\"\" lang=\"fr\"><span class=\"\">Ind\u00e9pendamment de la profession exerc\u00e9e dans la structure, l&rsquo;appartenance au secteur m\u00e9dical et sanitaire de l&#8217;employeur est valable<\/span><\/span><\/p>\n<p><span id=\"result_box\" class=\"\" lang=\"fr\"><span class=\"\">Les m\u00e9decins, bien que les employ\u00e9s, qui ont l&rsquo;abonnement <a href=\"https:\/\/www.medicusinfo.eu\/fr\/prodotto\/membership-platinum-avalems\/\">PLATINUM<\/a> d\u00e9di\u00e9 \u00e0 eux sont exclus<\/span><\/span><\/p>\n<p><strong><span class=\"\" title=\"\">Carte de trois ans avec paiement r\u00e9duit de CHF 500.-<br \/>\n<\/span><\/strong><\/p>\n<p><span class=\"tlid-translation translation\" lang=\"fr\"><span class=\"\" title=\"\">Carte avec renouvellement automatique, possibilit\u00e9 d\u2019annulation dans les 60 jours \u00e0 compter de l\u2019expiration naturelle.<\/span><\/span><\/p>\n<p><strong>Avantages exclusifs membres BLUE:<\/strong><\/p>\n<ul>\n<li><span id=\"result_box\" class=\"\" lang=\"fr\"><span class=\"\">Acc\u00e8s \u00e0 toutes les r\u00e9ductions et conventions MedicusInfo<\/span><\/span><\/li>\n<li><span class=\"\" lang=\"fr\"><span class=\"\">Acc\u00e8s aux r\u00e9ductions de la flotte voiture, mociclette et nautique sur toutes les marques et garages du site<br \/>\n<\/span><\/span><\/p>\n<div class=\"page\" title=\"Page 1\">\u00a0<span id=\"result_box\" class=\"\" lang=\"fr\"><span class=\"\">(Pour be\u0301ne\u0301ficier du rabais de flotte, la carte doit e\u0302tre enregistre\u0301e au nom de l\u2019acheteur du ve\u0301hicule)<br \/>\n<\/span><\/span><\/div>\n<\/li>\n<\/ul>\n","protected":false},"featured_media":17143,"comment_status":"closed","ping_status":"closed","template":"","meta":{"_acf_changed":false},"product_brand":[],"product_cat":[117],"product_tag":[],"class_list":{"0":"post-17127","1":"product","2":"type-product","3":"status-publish","4":"has-post-thumbnail","6":"product_cat-special-edition-fr","8":"first","9":"instock","10":"sold-individually","11":"shipping-taxable","12":"purchasable","13":"product-type-variable","14":"has-default-attributes"},"acf":[],"aioseo_notices":[],"_links":{"self":[{"href":"https:\/\/www.medicusinfo.eu\/fr\/wp-json\/wp\/v2\/product\/17127","targetHints":{"allow":["GET"]}}],"collection":[{"href":"https:\/\/www.medicusinfo.eu\/fr\/wp-json\/wp\/v2\/product"}],"about":[{"href":"https:\/\/www.medicusinfo.eu\/fr\/wp-json\/wp\/v2\/types\/product"}],"replies":[{"embeddable":true,"href":"https:\/\/www.medicusinfo.eu\/fr\/wp-json\/wp\/v2\/comments?post=17127"}],"wp:featuredmedia":[{"embeddable":true,"href":"https:\/\/www.medicusinfo.eu\/fr\/wp-json\/wp\/v2\/media\/17143"}],"wp:attachment":[{"href":"https:\/\/www.medicusinfo.eu\/fr\/wp-json\/wp\/v2\/media?parent=17127"}],"wp:term":[{"taxonomy":"product_brand","embeddable":true,"href":"https:\/\/www.medicusinfo.eu\/fr\/wp-json\/wp\/v2\/product_brand?post=17127"},{"taxonomy":"product_cat","embeddable":true,"href":"https:\/\/www.medicusinfo.eu\/fr\/wp-json\/wp\/v2\/product_cat?post=17127"},{"taxonomy":"product_tag","embeddable":true,"href":"https:\/\/www.medicusinfo.eu\/fr\/wp-json\/wp\/v2\/product_tag?post=17127"}],"curies":[{"name":"wp","href":"https:\/\/api.w.org\/{rel}","templated":true}]}}