{"id":17150,"date":"2020-07-02T18:05:32","date_gmt":"2020-07-02T16:05:32","guid":{"rendered":"https:\/\/www.medicusinfo.eu\/?post_type=product&#038;p=17150"},"modified":"2020-07-02T18:16:25","modified_gmt":"2020-07-02T16:16:25","slug":"membership-platinum-avalems","status":"publish","type":"product","link":"https:\/\/www.medicusinfo.eu\/fr\/prodotto\/membership-platinum-avalems\/","title":{"rendered":"Membership PLATINUM AVALEMS"},"content":{"rendered":"<ul>\n<li><span id=\"result_box\" class=\"\" lang=\"fr\"><span class=\"\">POUR LE MEDECINS DU AVALEMS<\/span><\/span><\/li>\n<\/ul>\n<p><strong>Avantages exclusifs membres PATINUM AVALEMS:<\/strong><\/p>\n<ul>\n<li><span id=\"result_box\" class=\"\" lang=\"fr\"><span class=\"\">Acc\u00e8s \u00e0 toutes les r\u00e9ductions et conventions MedicusInfo<\/span><\/span><\/li>\n<li><span class=\"\" lang=\"fr\"><span class=\"\">Acc\u00e8s aux r\u00e9ductions de la flotte voiture, mociclette et nautique sur toutes les marques et garages du site<br \/>\n<\/span><\/span><\/p>\n<div class=\"page\" title=\"Page 1\">\u00a0<span id=\"result_box\" class=\"\" lang=\"fr\"><span class=\"\">(Pour be\u0301ne\u0301ficier du rabais de flotte, la carte doit e\u0302tre enregistre\u0301e au nom de l\u2019acheteur du ve\u0301hicule)<br \/>\n<\/span><\/span><\/div>\n<\/li>\n<li>Conseil juridique,fiscal et en mati\u00e8re d\u2019assurance<span id=\"result_box\" class=\"\" lang=\"fr\"><span class=\"\">, avec professionnels du secteur m\u00e9dical et de la sant\u00e9 gratuites<\/span><\/span><\/li>\n<li><span class=\"tlid-translation translation\" lang=\"fr\"><span class=\"\" title=\"\">Carte partenaire facultative BLUE ou PLATINUM<\/span><\/span><\/li>\n<\/ul>\n","protected":false},"excerpt":{"rendered":"<h6><span id=\"result_box\" class=\"\" lang=\"fr\"><span class=\"\">POUR LE MEDECINS D\u00c9PENDANT DU AVALEMS<\/span><\/span>*<\/h6>\n<p><strong><span class=\"\" title=\"\">Carte de trois ans avec paiement r\u00e9duit de CHF 800.- (Compris la carte de partenaire BLUE GRATUITE)<\/span><\/strong><\/p>\n<p>&nbsp;<\/p>\n<p><strong>Avantages exclusifs membres PATINUM AVALEMS:<\/strong><\/p>\n<ul>\n<li><span id=\"result_box\" class=\"\" lang=\"fr\"><span class=\"\">Acc\u00e8s \u00e0 toutes les r\u00e9ductions et conventions MedicusInfo<\/span><\/span><\/li>\n<li><span class=\"\" lang=\"fr\"><span class=\"\">Acc\u00e8s aux r\u00e9ductions de la flotte voiture, mociclette et nautique sur toutes les marques et garages du site<br \/>\n<\/span><\/span><\/p>\n<div class=\"page\" title=\"Page 1\">\u00a0<span id=\"result_box\" class=\"\" lang=\"fr\"><span class=\"\">(Pour be\u0301ne\u0301ficier du rabais de flotte, la carte doit e\u0302tre enregistre\u0301e au nom de l\u2019acheteur du ve\u0301hicule)<br \/>\n<\/span><\/span><\/div>\n<\/li>\n<li>Conseil juridique,fiscal et en mati\u00e8re d\u2019assurance<span id=\"result_box\" class=\"\" lang=\"fr\"><span class=\"\">, avec professionnels du secteur m\u00e9dical et de la sant\u00e9 gratuites<\/span><\/span><\/li>\n<li><span class=\"tlid-translation translation\" lang=\"fr\"><span class=\"\" title=\"\">Carte partenaire facultative BLUE ou PLATINUM<\/span><\/span><\/li>\n<\/ul>\n","protected":false},"featured_media":17146,"comment_status":"closed","ping_status":"closed","template":"","meta":{"_acf_changed":false},"product_brand":[],"product_cat":[117],"product_tag":[],"class_list":{"0":"post-17150","1":"product","2":"type-product","3":"status-publish","4":"has-post-thumbnail","6":"product_cat-special-edition-fr","8":"first","9":"instock","10":"sold-individually","11":"shipping-taxable","12":"purchasable","13":"product-type-variable"},"acf":[],"aioseo_notices":[],"_links":{"self":[{"href":"https:\/\/www.medicusinfo.eu\/fr\/wp-json\/wp\/v2\/product\/17150","targetHints":{"allow":["GET"]}}],"collection":[{"href":"https:\/\/www.medicusinfo.eu\/fr\/wp-json\/wp\/v2\/product"}],"about":[{"href":"https:\/\/www.medicusinfo.eu\/fr\/wp-json\/wp\/v2\/types\/product"}],"replies":[{"embeddable":true,"href":"https:\/\/www.medicusinfo.eu\/fr\/wp-json\/wp\/v2\/comments?post=17150"}],"wp:featuredmedia":[{"embeddable":true,"href":"https:\/\/www.medicusinfo.eu\/fr\/wp-json\/wp\/v2\/media\/17146"}],"wp:attachment":[{"href":"https:\/\/www.medicusinfo.eu\/fr\/wp-json\/wp\/v2\/media?parent=17150"}],"wp:term":[{"taxonomy":"product_brand","embeddable":true,"href":"https:\/\/www.medicusinfo.eu\/fr\/wp-json\/wp\/v2\/product_brand?post=17150"},{"taxonomy":"product_cat","embeddable":true,"href":"https:\/\/www.medicusinfo.eu\/fr\/wp-json\/wp\/v2\/product_cat?post=17150"},{"taxonomy":"product_tag","embeddable":true,"href":"https:\/\/www.medicusinfo.eu\/fr\/wp-json\/wp\/v2\/product_tag?post=17150"}],"curies":[{"name":"wp","href":"https:\/\/api.w.org\/{rel}","templated":true}]}}