{"id":2782,"date":"2017-12-19T19:00:09","date_gmt":"2017-12-19T18:00:09","guid":{"rendered":"http:\/\/www.medicusinfo.eu\/prodotto\/membership-platinum\/"},"modified":"2024-08-13T17:28:42","modified_gmt":"2024-08-13T15:28:42","slug":"membership-platinum-fr","status":"publish","type":"product","link":"https:\/\/www.medicusinfo.eu\/fr\/prodotto\/membership-platinum-fr\/","title":{"rendered":"Membership PLATINUM"},"content":{"rendered":"<h4><span class=\"\" lang=\"fr\"><span class=\"\">CARTE <\/span><\/span>pour M\u00c9DECINS et IND\u00c9PENDANTS<span id=\"result_box\" class=\"\" lang=\"fr\"><\/span><\/h4>\n<p>Avantages exclusifs membres PLATINUM:<span id=\"result_box\" class=\"\" lang=\"fr\"><\/span><\/p>\n<ul>\n<li><span id=\"result_box\" class=\"\" lang=\"fr\"><span class=\"\">Acc\u00e8s \u00e0 toutes les r\u00e9ductions et conventions MedicusInfo<\/span><\/span><\/li>\n<li><span id=\"result_box\" class=\"\" lang=\"fr\"><span class=\"\">Acc\u00e8s \u00e0 toutes les remises et conventions MedicusInfo<span class=\"\" lang=\"fr\">Acc\u00e8s aux r\u00e9ductions de la flotte voiture, motos et nautique sur toutes les marques et garages du site<\/span><br \/>\n(Pour <span id=\"result_box\" class=\"short_text\" lang=\"fr\">b<span class=\"\" lang=\"fr\">\u00e9<\/span>n<span class=\"\" lang=\"fr\">\u00e9<\/span>ficier<\/span> du rabais de flotte, la carte doit <span class=\"\" lang=\"fr\">\u00e9<\/span>tre enregistr<span class=\"\" lang=\"fr\">\u00e9<\/span>e au nom de l\u2019acheteur du v<span class=\"\" lang=\"fr\">\u00e9<\/span>hicule.)<\/span><\/span><\/li>\n<li><span id=\"result_box\" class=\"short_text\" lang=\"fr\"><span class=\"\">Carte de cr\u00e9dit<\/span><\/span> Corn\u00e8rcard MedicusInfo*<span id=\"result_box\" class=\"\" lang=\"fr\"><\/span><\/li>\n<li>Conseil juridique,fiscal et en mati\u00e8re d&rsquo;assurance<span id=\"result_box\" class=\"\" lang=\"fr\"><span class=\"\">, avec professionnels du secteur m\u00e9dical et de la sant\u00e9 gratuites<\/span><\/span><\/li>\n<li><span class=\"tlid-translation translation\" lang=\"fr\"><span class=\"\" title=\"\">Carte partenaire facultative BLUE ou PLATINUM<\/span><\/span><\/li>\n<\/ul>\n<p><em>*<span id=\"result_box\" class=\"\" lang=\"fr\"><span class=\"\">Carte de cr\u00e9dit gratuite la premi\u00e8re ann\u00e9e (renouvellement \u00e0 partir de la deuxi\u00e8me ann\u00e9e: CHF 80.- par an), NON obligatoire, possibilit\u00e9 de renoncer \u00e0 son \u00e9mission en cochant la case correspondante dans le formulaire de demande.<\/span><\/span><\/em><span id=\"result_box\" class=\"\" lang=\"fr\"><\/span><\/p>\n<h4><span id=\"result_box\" class=\"\" lang=\"fr\"><span class=\"\"><span class=\"tlid-translation translation\" lang=\"fr\"><span class=\"\" title=\"\">Possibilit\u00e9 d&rsquo;abonnement annuel ou avec paiement r\u00e9duit sur trois ans<\/span><\/span><\/span><\/span><\/h4>\n<p><span class=\"tlid-translation translation\" lang=\"fr\"><span class=\"\" title=\"\"><span class=\"VIiyi\" lang=\"fr\"><span class=\"JLqJ4b ChMk0b C1N51c\" data-language-for-alternatives=\"fr\" data-language-to-translate-into=\"auto\" data-phrase-index=\"2\">Carte de membre tacitement renouvel\u00e9e si aucune annulation n&rsquo;est faite dans les 60 jours pr\u00e9c\u00e9dant la date d&rsquo;expiration naturelle par lettre recommand\u00e9e avec accus\u00e9 de r\u00e9ception.<\/span><\/span><\/span><\/span><\/p>\n<p><span class=\"tlid-translation translation\" lang=\"fr\"><span class=\"\" title=\"\">Conditions g\u00e9n\u00e9rales et statut des membres <a href=\"https:\/\/www.medicusinfo.eu\/fr\/conditions-generales\/\" target=\"_blank\" rel=\"noopener\">ICI<\/a><\/span><\/span><\/p>\n","protected":false},"excerpt":{"rendered":"<h4><span class=\"\" lang=\"fr\"><span class=\"\">CARTE <\/span><\/span>pour M\u00c9DECINS et IND\u00c9PENDANTS*<\/h4>\n<p><span class=\"tlid-translation translation\" lang=\"fr\"><span class=\"\" title=\"\">Carte annuelle CHF 400.- (carte partenaire BLUE optionnelle \u00e0 CHF 200.-)<\/span><\/span><\/p>\n<p><span class=\"\" title=\"\"><span class=\"tlid-translation translation\" lang=\"fr\">Carte de trois ans<\/span> avec paiement r\u00e9duit \u00e0 CHF 800.- (<span class=\"tlid-translation translation\" lang=\"fr\"><span title=\"\">Carte de partenaire BLUE &#8211; GRATUITE ou carte de partenaire PLATINUM pour CHF 200.-<\/span><\/span>)<\/span><span id=\"result_box\" class=\"\" lang=\"fr\"><\/span><\/p>\n<p>&nbsp;<\/p>\n<p><span class=\"tlid-translation translation\" lang=\"fr\"><span class=\"\" title=\"\"><span class=\"VIiyi\" lang=\"fr\"><span class=\"JLqJ4b ChMk0b C1N51c\" data-language-for-alternatives=\"fr\" data-language-to-translate-into=\"auto\" data-phrase-index=\"2\">Carte de membre tacitement renouvel\u00e9e si aucune annulation n&rsquo;est faite dans les 60 jours pr\u00e9c\u00e9dant la date d&rsquo;expiration naturelle par lettre recommand\u00e9e avec accus\u00e9 de r\u00e9ception.<\/span><\/span><\/span><\/span><\/p>\n<p>Avantages exclusifs membres <strong>PLATINUM<\/strong>:<\/p>\n<ul>\n<li><span id=\"result_box\" class=\"\" lang=\"fr\"><span class=\"\">Acc\u00e8s \u00e0 toutes les r\u00e9ductions et conventions MedicusInfo<\/span><\/span><\/li>\n<li><span id=\"result_box\" class=\"\" lang=\"fr\"><span class=\"\">Acc\u00e8s \u00e0 toutes les remises et conventions MedicusInfo<span class=\"\" lang=\"fr\">Acc\u00e8s aux r\u00e9ductions de la flotte voiture, motos et nautique sur toutes les marques et garages du site<\/span><br \/>\n(Pour <span id=\"result_box\" class=\"short_text\" lang=\"fr\">b<span class=\"\" lang=\"fr\">\u00e9<\/span>n<span class=\"\" lang=\"fr\">\u00e9<\/span>ficier<\/span> du rabais de flotte, la carte doit <span class=\"\" lang=\"fr\">\u00e9<\/span>tre enregistr<span class=\"\" lang=\"fr\">\u00e9<\/span>e au nom de l\u2019acheteur du v<span class=\"\" lang=\"fr\">\u00e9<\/span>hicule.)<\/span><\/span><br \/>\n<span id=\"result_box\" class=\"\" lang=\"fr\"><\/span><\/li>\n<li><span id=\"result_box\" class=\"short_text\" lang=\"fr\"><span class=\"\">Carte de cr\u00e9dit<\/span><\/span> Corn\u00e8rcard MedicusInfo**<span id=\"result_box\" class=\"short_text\" lang=\"fr\"><\/span><span id=\"result_box\" class=\"\" lang=\"fr\"><\/span><\/li>\n<li>Conseil juridique,fiscal et en mati\u00e8re d&rsquo;assurance<span id=\"result_box\" class=\"\" lang=\"fr\"><span class=\"\">, avec professionnels du secteur m\u00e9dical et de la sant\u00e9 gratuites<\/span><\/span><\/li>\n<li><span class=\"tlid-translation translation\" lang=\"fr\"><span class=\"\" title=\"\">Carte partenaire facultative BLUE ou PLATINUM<\/span><\/span><\/li>\n<\/ul>\n<p><em>*<span class=\"VIiyi\" lang=\"fr\"><span class=\"JLqJ4b ChMk0b\" data-language-for-alternatives=\"fr\" data-language-to-translate-into=\"it\" data-phrase-index=\"0\">Les propri\u00e9taires d\u2019entreprises, associe\u0301e ge\u0301rante, associe\u0301e, membres avec ou non signature, toute personne pr\u00e9sente dans la direction d\u2019une entreprise est tenue de signer une carte PLATINUM<\/span><\/span><\/em><\/p>\n<p><em>**<span id=\"result_box\" class=\"\" lang=\"fr\"><span class=\"\">Carte de cr\u00e9dit gratuite la premi\u00e8re ann\u00e9e (renouvellement \u00e0 partir de la deuxi\u00e8me ann\u00e9e: CHF 80.- par an), NON obligatoire, possibilit\u00e9 de renoncer \u00e0 son \u00e9mission en cochant la case correspondante dans le formulaire de demande.<\/span><\/span><\/em><span id=\"result_box\" class=\"\" lang=\"fr\"><\/span><\/p>\n","protected":false},"featured_media":6308,"comment_status":"closed","ping_status":"closed","template":"","meta":{"_acf_changed":false},"product_brand":[],"product_cat":[71],"product_tag":[],"class_list":{"0":"post-2782","1":"product","2":"type-product","3":"status-publish","4":"has-post-thumbnail","6":"product_cat-membership-card-fr","8":"first","9":"instock","10":"sold-individually","11":"shipping-taxable","12":"purchasable","13":"product-type-variable"},"acf":[],"aioseo_notices":[],"_links":{"self":[{"href":"https:\/\/www.medicusinfo.eu\/fr\/wp-json\/wp\/v2\/product\/2782","targetHints":{"allow":["GET"]}}],"collection":[{"href":"https:\/\/www.medicusinfo.eu\/fr\/wp-json\/wp\/v2\/product"}],"about":[{"href":"https:\/\/www.medicusinfo.eu\/fr\/wp-json\/wp\/v2\/types\/product"}],"replies":[{"embeddable":true,"href":"https:\/\/www.medicusinfo.eu\/fr\/wp-json\/wp\/v2\/comments?post=2782"}],"wp:featuredmedia":[{"embeddable":true,"href":"https:\/\/www.medicusinfo.eu\/fr\/wp-json\/wp\/v2\/media\/6308"}],"wp:attachment":[{"href":"https:\/\/www.medicusinfo.eu\/fr\/wp-json\/wp\/v2\/media?parent=2782"}],"wp:term":[{"taxonomy":"product_brand","embeddable":true,"href":"https:\/\/www.medicusinfo.eu\/fr\/wp-json\/wp\/v2\/product_brand?post=2782"},{"taxonomy":"product_cat","embeddable":true,"href":"https:\/\/www.medicusinfo.eu\/fr\/wp-json\/wp\/v2\/product_cat?post=2782"},{"taxonomy":"product_tag","embeddable":true,"href":"https:\/\/www.medicusinfo.eu\/fr\/wp-json\/wp\/v2\/product_tag?post=2782"}],"curies":[{"name":"wp","href":"https:\/\/api.w.org\/{rel}","templated":true}]}}