{"id":2789,"date":"2017-12-19T17:00:32","date_gmt":"2017-12-19T16:00:32","guid":{"rendered":"http:\/\/www.medicusinfo.eu\/prodotto\/membership-student\/"},"modified":"2024-08-13T17:29:34","modified_gmt":"2024-08-13T15:29:34","slug":"membership-student-fr","status":"publish","type":"product","link":"https:\/\/www.medicusinfo.eu\/fr\/prodotto\/membership-student-fr\/","title":{"rendered":"Membership STUDENT"},"content":{"rendered":"<h6><span id=\"result_box\" class=\"\" lang=\"fr\"><span class=\"\">pour les \u00c9TUDIANTS des \u00e9tablissements d&rsquo;enseignement de MEDICAL-HEALTH<\/span><\/span>*<\/h6>\n<p>*<em><span id=\"result_box\" class=\"\" lang=\"fr\"><span class=\"\">Toutes les \u00e9coles et universit\u00e9s avec une adresse dans le domaine m\u00e9dical sont appropri\u00e9es pour demander l&rsquo;adh\u00e9sion<br \/>\n*<span class=\"tlid-translation translation\" lang=\"fr\"><span class=\"\" title=\"\">\u00c2ge maximum 26 ans<\/span><\/span><br \/>\n<\/span><\/span><\/em><\/p>\n<p>&nbsp;<\/p>\n<p>Avantages et caract\u00e9ristiques de les cartes de membre MedicusInfo STUDENT:<\/p>\n<ul>\n<li>Police d&rsquo;assurance <span id=\"result_box\" class=\"short_text\" lang=\"fr\"><span class=\"\">pour les \u00e9tudiants<\/span><\/span><\/li>\n<li><span id=\"result_box\" class=\"\" lang=\"fr\"><span class=\"\">Acc\u00e8s \u00e0 toutes les r\u00e9ductions et conventions MedicusInfo<\/span><\/span><\/li>\n<li><span class=\"\" lang=\"fr\"><span class=\"\">Acc\u00e8s aux r\u00e9ductions de la flotte voiture, mociclette et nautique sur toutes les marques et garages du site*<br \/>\n<\/span><\/span><\/p>\n<div class=\"page\" title=\"Page 1\">\u00a0<span id=\"result_box\" class=\"\" lang=\"fr\"><span class=\"\">(Pour be\u0301ne\u0301ficier du rabais de flotte, la carte doit e\u0302tre enregistre\u0301e au nom de l\u2019acheteur du ve\u0301hicule)<br \/>\n*\u00c0 l&rsquo;exclusion de la r\u00e9duction sur la flotte Land Rover et Jaguar r\u00e9serv\u00e9e aux membres BLUE, BUSINESS et PLATINUM<\/span><\/span><\/div>\n<\/li>\n<li><span class=\"tlid-translation translation\" lang=\"fr\"><span class=\"\" title=\"\">Avec la carte \u00c9TUDIANT, vous pouvez \u00e9galement demander une carte de partenaire BLUE pour un membre enregistr\u00e9 de votre foyer, qui aura la m\u00eame validit\u00e9 que la carte principale et les m\u00eames avantages au prix de CHF 500.- pour 3 ans.<\/span><\/span><\/li>\n<\/ul>\n<p>&nbsp;<\/p>\n<p><span id=\"result_box\" class=\"short_text\" lang=\"fr\"><span class=\"\">Co\u00fbt sur trois ans r\u00e9duit<\/span><\/span><\/p>\n<p><span class=\"tlid-translation translation\" lang=\"fr\"><span class=\"\" title=\"\"><span class=\"VIiyi\" lang=\"fr\"><span class=\"JLqJ4b ChMk0b C1N51c\" data-language-for-alternatives=\"fr\" data-language-to-translate-into=\"auto\" data-phrase-index=\"2\">Carte de membre tacitement renouvel\u00e9e si aucune annulation n&rsquo;est faite dans les 60 jours pr\u00e9c\u00e9dant la date d&rsquo;expiration naturelle par lettre recommand\u00e9e avec accus\u00e9 de r\u00e9ception.<\/span><\/span><\/span><\/span><\/p>\n<p><span class=\"tlid-translation translation\" lang=\"fr\"><span class=\"\" title=\"\">Conditions g\u00e9n\u00e9rales et statut des membres <a href=\"https:\/\/www.medicusinfo.eu\/fr\/conditions-generales\/\" target=\"_blank\" rel=\"noopener\">ICI<\/a><\/span><\/span><\/p>\n","protected":false},"excerpt":{"rendered":"<h6><span id=\"result_box\" class=\"\" lang=\"fr\"><span class=\"\">pour les \u00c9TUDIANTS des \u00e9tablissements d&rsquo;enseignement de MEDICAL-HEALTH<\/span><\/span>*<\/h6>\n<p><span class=\"tlid-translation translation\" lang=\"fr\"><span class=\"\" title=\"\"><span class=\"VIiyi\" lang=\"fr\"><span class=\"JLqJ4b ChMk0b C1N51c\" data-language-for-alternatives=\"fr\" data-language-to-translate-into=\"auto\" data-phrase-index=\"2\">Carte de membre tacitement renouvel\u00e9e si aucune annulation n&rsquo;est faite dans les 60 jours pr\u00e9c\u00e9dant la date d&rsquo;expiration naturelle par lettre recommand\u00e9e avec accus\u00e9 de r\u00e9ception.<\/span><\/span><\/span><\/span><\/p>\n<p>*<em><span id=\"result_box\" class=\"\" lang=\"fr\"><span class=\"\">Toutes les \u00e9coles et universit\u00e9s avec une adresse dans le domaine m\u00e9dical sont appropri\u00e9es pour demander l&rsquo;adh\u00e9sion<br \/>\n*<span class=\"tlid-translation translation\" lang=\"fr\"><span class=\"\" title=\"\">\u00c2ge maximum 26 ans<\/span><\/span><br \/>\n<\/span><\/span><\/em><\/p>\n<p>Avantages et caract\u00e9ristiques de les cartes de membre MedicusInfo STUDENT:<\/p>\n<ul>\n<li>Police d&rsquo;assurance <span id=\"result_box\" class=\"short_text\" lang=\"fr\"><span class=\"\">pour les \u00e9tudiants<\/span><\/span><\/li>\n<li><span id=\"result_box\" class=\"\" lang=\"fr\"><span class=\"\">Acc\u00e8s \u00e0 toutes les r\u00e9ductions et conventions MedicusInfo<\/span><\/span><\/li>\n<li><span class=\"\" lang=\"fr\"><span class=\"\">Acc\u00e8s aux r\u00e9ductions de la flotte voiture, mociclette et nautique sur toutes les marques et garages du site*<br \/>\n<\/span><\/span><\/p>\n<div class=\"page\" title=\"Page 1\">\u00a0<span id=\"result_box\" class=\"\" lang=\"fr\"><span class=\"\">(Pour be\u0301ne\u0301ficier du rabais de flotte, la carte doit e\u0302tre enregistre\u0301e au nom de l\u2019acheteur du ve\u0301hicule)<br \/>\n*\u00c0 l&rsquo;exclusion de la r\u00e9duction sur la flotte Land Rover et Jaguar r\u00e9serv\u00e9e aux membres BLUE, BUSINESS et PLATINUM<br \/>\n<\/span><\/span><\/div>\n<\/li>\n<li><span class=\"tlid-translation translation\" lang=\"fr\"><span class=\"\" title=\"\">Avec la carte \u00c9TUDIANT, vous pouvez \u00e9galement demander une carte de partenaire BLUE pour un membre enregistr\u00e9 de votre foyer, qui aura la m\u00eame validit\u00e9 que la carte principale et les m\u00eames avantages au prix de CHF 500.- pour 3 ans.<\/span><\/span><\/li>\n<\/ul>\n<p>&nbsp;<\/p>\n<p><span id=\"result_box\" class=\"short_text\" lang=\"fr\"><span class=\"\">Co\u00fbt sur trois ans r\u00e9duit<\/span><\/span><\/p>\n","protected":false},"featured_media":2411,"comment_status":"closed","ping_status":"closed","template":"","meta":{"_acf_changed":false},"product_brand":[],"product_cat":[71],"product_tag":[],"class_list":{"0":"post-2789","1":"product","2":"type-product","3":"status-publish","4":"has-post-thumbnail","6":"product_cat-membership-card-fr","8":"first","9":"instock","10":"sold-individually","11":"shipping-taxable","12":"purchasable","13":"product-type-variable","14":"has-default-attributes"},"acf":[],"aioseo_notices":[],"_links":{"self":[{"href":"https:\/\/www.medicusinfo.eu\/fr\/wp-json\/wp\/v2\/product\/2789","targetHints":{"allow":["GET"]}}],"collection":[{"href":"https:\/\/www.medicusinfo.eu\/fr\/wp-json\/wp\/v2\/product"}],"about":[{"href":"https:\/\/www.medicusinfo.eu\/fr\/wp-json\/wp\/v2\/types\/product"}],"replies":[{"embeddable":true,"href":"https:\/\/www.medicusinfo.eu\/fr\/wp-json\/wp\/v2\/comments?post=2789"}],"wp:featuredmedia":[{"embeddable":true,"href":"https:\/\/www.medicusinfo.eu\/fr\/wp-json\/wp\/v2\/media\/2411"}],"wp:attachment":[{"href":"https:\/\/www.medicusinfo.eu\/fr\/wp-json\/wp\/v2\/media?parent=2789"}],"wp:term":[{"taxonomy":"product_brand","embeddable":true,"href":"https:\/\/www.medicusinfo.eu\/fr\/wp-json\/wp\/v2\/product_brand?post=2789"},{"taxonomy":"product_cat","embeddable":true,"href":"https:\/\/www.medicusinfo.eu\/fr\/wp-json\/wp\/v2\/product_cat?post=2789"},{"taxonomy":"product_tag","embeddable":true,"href":"https:\/\/www.medicusinfo.eu\/fr\/wp-json\/wp\/v2\/product_tag?post=2789"}],"curies":[{"name":"wp","href":"https:\/\/api.w.org\/{rel}","templated":true}]}}