{"id":2790,"date":"2017-12-19T18:00:30","date_gmt":"2017-12-19T17:00:30","guid":{"rendered":"http:\/\/www.medicusinfo.eu\/prodotto\/membership-blue\/"},"modified":"2024-08-13T17:29:18","modified_gmt":"2024-08-13T15:29:18","slug":"membership-blue-fr","status":"publish","type":"product","link":"https:\/\/www.medicusinfo.eu\/fr\/prodotto\/membership-blue-fr\/","title":{"rendered":"Membership BLUE"},"content":{"rendered":"<ul>\n<li><span id=\"result_box\" class=\"\" lang=\"fr\"><span class=\"\">POUR LE PERSONNEL D\u00c9PENDANT DU SECTEUR M\u00c9DICAL-SANTE<\/span><\/span>*<\/li>\n<\/ul>\n<p>*<span id=\"result_box\" class=\"\" lang=\"fr\"><span class=\"\">Tout le personnel salari\u00e9 par une structure dans le secteur m\u00e9dical, y compris les centres de beaut\u00e9, de physioth\u00e9rapie et de fitness<\/span><\/span><\/p>\n<p><span id=\"result_box\" class=\"\" lang=\"fr\"><span class=\"\">Ind\u00e9pendamment de la profession exerc\u00e9e dans la structure, l&rsquo;appartenance au secteur m\u00e9dical et sanitaire de l&#8217;employeur est valable<\/span><\/span><\/p>\n<p><span id=\"result_box\" class=\"\" lang=\"fr\"><span class=\"\">Les m\u00e9decins, bien que les employ\u00e9s, qui ont l&rsquo;abonnement <a href=\"https:\/\/www.medicusinfo.eu\/fr\/prodotto\/membership-platinum-fr\/\">PLATINUM<\/a> d\u00e9di\u00e9 \u00e0 eux sont exclus<\/span><\/span><\/p>\n<p><strong>Avantages exclusifs membres BLUE:<\/strong><\/p>\n<ul>\n<li><span id=\"result_box\" class=\"\" lang=\"fr\"><span class=\"\">Acc\u00e8s \u00e0 toutes les r\u00e9ductions et conventions MedicusInfo<\/span><\/span><\/li>\n<li><span class=\"\" lang=\"fr\"><span class=\"\">Acc\u00e8s aux r\u00e9ductions de la flotte voiture, mociclette et nautique sur toutes les marques et garages du site<br \/>\n<\/span><\/span><\/p>\n<div class=\"page\" title=\"Page 1\">\u00a0<span id=\"result_box\" class=\"\" lang=\"fr\"><span class=\"\">(Pour be\u0301ne\u0301ficier du rabais de flotte, la carte doit e\u0302tre enregistre\u0301e au nom de l\u2019acheteur du ve\u0301hicule)<br \/>\n<\/span><\/span><\/div>\n<\/li>\n<\/ul>\n<p><span title=\"Possibilit\u00e0 di pagamento annuale o triennale scontato \">\u00a0<\/span><\/p>\n<p><span id=\"result_box\" class=\"\" lang=\"fr\"><span title=\"Con la carta triennale potrai richiedere anche una carta partner per un membro della tua economia domestica, avr\u00e0 la stessa validit\u00e0 della carta principale. \"><strong>N.B.<\/strong> Avec la carte de base vous pouvez \u00e9galement demander une carte partenaire pour un membre de votre m\u00e9nage, aura la m\u00eame validit\u00e9 que la carte principale.<\/span><\/span><\/p>\n<p><span class=\"tlid-translation translation\" lang=\"fr\"><span class=\"\" title=\"\"><span class=\"VIiyi\" lang=\"fr\"><span class=\"JLqJ4b ChMk0b C1N51c\" data-language-for-alternatives=\"fr\" data-language-to-translate-into=\"auto\" data-phrase-index=\"2\">Carte de membre tacitement renouvel\u00e9e si aucune annulation n&rsquo;est faite dans les 60 jours pr\u00e9c\u00e9dant la date d&rsquo;expiration naturelle par lettre recommand\u00e9e avec accus\u00e9 de r\u00e9ception.<\/span><\/span><\/span><\/span><\/p>\n<p><span class=\"tlid-translation translation\" lang=\"fr\"><span class=\"\" title=\"\">Conditions g\u00e9n\u00e9rales et statut des membres <a href=\"https:\/\/www.medicusinfo.eu\/fr\/conditions-generales\/\" target=\"_blank\" rel=\"noopener\">ICI<\/a><\/span><\/span><\/p>\n","protected":false},"excerpt":{"rendered":"<h6><span id=\"result_box\" class=\"\" lang=\"fr\"><span class=\"\">POUR LE PERSONNEL D\u00c9PENDANT DU SECTEUR M\u00c9DICAL-SANTE<\/span><\/span>*<\/h6>\n<p>*<span id=\"result_box\" class=\"\" lang=\"fr\"><span class=\"\">Tout le personnel salari\u00e9 par une structure dans le secteur m\u00e9dical, y compris les centres de beaut\u00e9, de physioth\u00e9rapie et de fitness, i<\/span><\/span><span id=\"result_box\" class=\"\" lang=\"fr\"><span class=\"\">nd\u00e9pendamment de la profession exerc\u00e9e dans la structure, l&rsquo;appartenance au secteur m\u00e9dical et sanitaire de l&#8217;employeur est valable.<br \/>\n<\/span><\/span><span id=\"result_box\" class=\"\" lang=\"fr\"><span class=\"\">Les m\u00e9decins, bien que les employ\u00e9s, qui ont l&rsquo;abonnement <a href=\"https:\/\/www.medicusinfo.eu\/fr\/negozio\/membership-platinum-fr\/\">PLATINUM<\/a> d\u00e9di\u00e9 \u00e0 eux sont exclus<\/span><\/span><\/p>\n<p><span class=\"tlid-translation translation\" lang=\"fr\"><span title=\"\">Carte annuelle CHF 250.- (carte partenaire BLUE optionnelle \u00e0 CHF 200.-)<\/span><\/span><\/p>\n<p><span class=\"\" title=\"\">Carte de trois ans avec paiement r\u00e9duit de CHF 500.- <\/span><span class=\"\" title=\"\"><span class=\"tlid-translation translation\" lang=\"fr\"><span title=\"\">(carte partenaire BLUE optionnelle \u00e0 CHF 200.-)<\/span><\/span><\/span><strong><span class=\"\" title=\"\"><br \/>\n<\/span><\/strong><\/p>\n<p>&nbsp;<\/p>\n<p><span class=\"tlid-translation translation\" lang=\"fr\"><span class=\"\" title=\"\"><span class=\"VIiyi\" lang=\"fr\"><span class=\"JLqJ4b ChMk0b C1N51c\" data-language-for-alternatives=\"fr\" data-language-to-translate-into=\"auto\" data-phrase-index=\"2\">Carte de membre tacitement renouvel\u00e9e si aucune annulation n&rsquo;est faite dans les 60 jours pr\u00e9c\u00e9dant la date d&rsquo;expiration naturelle par lettre recommand\u00e9e avec accus\u00e9 de r\u00e9ception.<\/span><\/span><\/span><\/span><\/p>\n<p><strong>Avantages exclusifs membres BLUE:<\/strong><\/p>\n<ul>\n<li><span id=\"result_box\" class=\"\" lang=\"fr\"><span class=\"\">Acc\u00e8s \u00e0 toutes les r\u00e9ductions et conventions MedicusInfo<\/span><\/span><\/li>\n<li><span class=\"\" lang=\"fr\"><span class=\"\">Acc\u00e8s aux r\u00e9ductions de la flotte voiture, mociclette et nautique sur toutes les marques et garages du site<br \/>\n<\/span><\/span><\/p>\n<div class=\"page\" title=\"Page 1\">\u00a0<span id=\"result_box\" class=\"\" lang=\"fr\"><span class=\"\">(Pour be\u0301ne\u0301ficier du rabais de flotte, la carte doit e\u0302tre enregistre\u0301e au nom de l\u2019acheteur du ve\u0301hicule)<br \/>\n<\/span><\/span><\/div>\n<\/li>\n<\/ul>\n<p>&nbsp;<\/p>\n<p><span id=\"result_box\" class=\"\" lang=\"fr\"><span title=\"Con la carta triennale potrai richiedere anche una carta partner per un membro della tua economia domestica, avr\u00e0 la stessa validit\u00e0 della carta principale. \"><strong>N.B.<\/strong> Avec la carte de base vous pouvez \u00e9galement demander une carte partenaire pour un membre de votre m\u00e9nage, aura la m\u00eame validit\u00e9 que la carte principale.<\/span><\/span><\/p>\n","protected":false},"featured_media":2405,"comment_status":"closed","ping_status":"closed","template":"","meta":{"_acf_changed":false},"product_brand":[],"product_cat":[71],"product_tag":[],"class_list":{"0":"post-2790","1":"product","2":"type-product","3":"status-publish","4":"has-post-thumbnail","6":"product_cat-membership-card-fr","8":"first","9":"instock","10":"sold-individually","11":"shipping-taxable","12":"purchasable","13":"product-type-variable"},"acf":[],"aioseo_notices":[],"_links":{"self":[{"href":"https:\/\/www.medicusinfo.eu\/fr\/wp-json\/wp\/v2\/product\/2790","targetHints":{"allow":["GET"]}}],"collection":[{"href":"https:\/\/www.medicusinfo.eu\/fr\/wp-json\/wp\/v2\/product"}],"about":[{"href":"https:\/\/www.medicusinfo.eu\/fr\/wp-json\/wp\/v2\/types\/product"}],"replies":[{"embeddable":true,"href":"https:\/\/www.medicusinfo.eu\/fr\/wp-json\/wp\/v2\/comments?post=2790"}],"wp:featuredmedia":[{"embeddable":true,"href":"https:\/\/www.medicusinfo.eu\/fr\/wp-json\/wp\/v2\/media\/2405"}],"wp:attachment":[{"href":"https:\/\/www.medicusinfo.eu\/fr\/wp-json\/wp\/v2\/media?parent=2790"}],"wp:term":[{"taxonomy":"product_brand","embeddable":true,"href":"https:\/\/www.medicusinfo.eu\/fr\/wp-json\/wp\/v2\/product_brand?post=2790"},{"taxonomy":"product_cat","embeddable":true,"href":"https:\/\/www.medicusinfo.eu\/fr\/wp-json\/wp\/v2\/product_cat?post=2790"},{"taxonomy":"product_tag","embeddable":true,"href":"https:\/\/www.medicusinfo.eu\/fr\/wp-json\/wp\/v2\/product_tag?post=2790"}],"curies":[{"name":"wp","href":"https:\/\/api.w.org\/{rel}","templated":true}]}}