{"id":3792,"date":"2018-04-24T16:16:43","date_gmt":"2018-04-24T14:16:50","guid":{"rendered":"https:\/\/www.medicusinfo.eu\/?post_type=product&#038;p=3792"},"modified":"2024-08-13T17:29:28","modified_gmt":"2024-08-13T15:29:28","slug":"membership-business-fr","status":"publish","type":"product","link":"https:\/\/www.medicusinfo.eu\/fr\/prodotto\/membership-business-fr\/","title":{"rendered":"Membership PLATINUM BUSINESS"},"content":{"rendered":"<h6>POUR MEDICAL, DENTISTIC, CLINICAL, SOINS<\/h6>\n<p>Les avantages de l&rsquo;adh\u00e9sion PLATINUM BUSINESS:<\/p>\n<ul>\n<li>Acc\u00e8s \u00e0 toutes les remises et conventions MedicusInfo<\/li>\n<li>Cr\u00e9dits pour sa propre structure et\/ou pour ses clients, \u00e0 des taux de 5%<\/li>\n<li>Des accords sp\u00e9cialement con\u00e7us, tels que la possibilit\u00e9 de b\u00e9n\u00e9ficier de r\u00e9ductions pour groupes (Valable pour les foyers pour personnes \u00e2g\u00e9es)<\/li>\n<li>R\u00e9ductions de flotte pour tous les moyens de la structure avec une attention particuli\u00e8re aux v\u00e9hicules utilitaires(transport des patients, etc \u2026) jusqu\u2019\u00e0 49% d\u2019avantage, <span id=\"result_box\" class=\"\" lang=\"fr\"><span class=\"\">Land Rover et Jaguar inclus<\/span><\/span><\/li>\n<li>Consultations fiscales, juridiques et administratives gratuites<\/li>\n<li>Remises sur le carburant convenues sp\u00e9cifiquement pour la structure avec une facturation mensuelle pratique<\/li>\n<li><span class=\"tlid-translation translation\" lang=\"fr\">Inclus une carte optionnelle PLATINUM pour le propri\u00e9taire de la structure <\/span><\/li>\n<\/ul>\n<p>* En fonction de la solvabilit\u00e9 du client<\/p>\n<p>Dans les <a href=\"https:\/\/www.medicusinfo.eu\/fr\/area-riservata\/\">espace r\u00e9serv\u00e9<\/a>, vous trouverez un formulaire de demande \u00e0 \u00eatre contact\u00e9 directement par nos partenaires bancaires et d&rsquo;obtenir la meilleure offre sur le march\u00e9, ou pour vous d&rsquo;aider vos clients.<\/p>\n<p><span class=\"tlid-translation translation\" lang=\"fr\"><span class=\"\" title=\"\"><span class=\"VIiyi\" lang=\"fr\"><span class=\"JLqJ4b ChMk0b C1N51c\" data-language-for-alternatives=\"fr\" data-language-to-translate-into=\"auto\" data-phrase-index=\"2\">Carte de membre tacitement renouvel\u00e9e si aucune annulation n&rsquo;est faite dans les 60 jours pr\u00e9c\u00e9dant la date d&rsquo;expiration naturelle par lettre recommand\u00e9e avec accus\u00e9 de r\u00e9ception.<\/span><\/span><\/span><\/span><\/p>\n<p><span class=\"tlid-translation translation\" lang=\"fr\"><span class=\"\" title=\"\">Conditions g\u00e9n\u00e9rales et statut des membres <a href=\"https:\/\/www.medicusinfo.eu\/fr\/conditions-generales\/\" target=\"_blank\" rel=\"noopener\">ICI<\/a><\/span><\/span><\/p>\n","protected":false},"excerpt":{"rendered":"<h4>POUR MEDICAL, DENTISTIC, CLINICAL, SOINS<\/h4>\n<p><strong>Carte de trois ans avec paiement de CHF 1 000.- <span class=\"tlid-translation translation\" lang=\"fr\">(comprend 1 carte PLATINE &#8211; GRATUITE)<\/span><\/strong><\/p>\n<p><span class=\"tlid-translation translation\" lang=\"fr\"><span class=\"\" title=\"\"><span class=\"VIiyi\" lang=\"fr\"><span class=\"JLqJ4b ChMk0b C1N51c\" data-language-for-alternatives=\"fr\" data-language-to-translate-into=\"auto\" data-phrase-index=\"2\">Carte de membre tacitement renouvel\u00e9e si aucune annulation n&rsquo;est faite dans les 60 jours pr\u00e9c\u00e9dant la date d&rsquo;expiration naturelle par lettre recommand\u00e9e avec accus\u00e9 de r\u00e9ception.<\/span><\/span><\/span><\/span><\/p>\n<p>Les avantages de l&rsquo;adh\u00e9sion PLATINUM BUSINESS:<\/p>\n<ul>\n<li>Acc\u00e8s \u00e0 toutes les remises et conventions MedicusInfo<\/li>\n<li>Cr\u00e9dits pour sa propre structure et\/ou pour ses clients, \u00e0 des taux de 5%<\/li>\n<li>Des accords sp\u00e9cialement con\u00e7us, tels que la possibilit\u00e9 de b\u00e9n\u00e9ficier de r\u00e9ductions pour groupes (Valable pour les foyers pour personnes \u00e2g\u00e9es)<\/li>\n<li>R\u00e9ductions de flotte pour tous les moyens de la structure avec une attention particuli\u00e8re aux v\u00e9hicules utilitaires(transport des patients, etc \u2026) jusqu\u2019\u00e0 49% d\u2019avantage <span id=\"result_box\" class=\"\" lang=\"fr\"><span class=\"\">Land Rover et Jaguar inclus<\/span><\/span><\/li>\n<li>Consultations fiscales, juridiques et administratives gratuites<\/li>\n<li>Remises sur le carburant convenues sp\u00e9cifiquement pour la structure avec une facturation mensuelle pratique<\/li>\n<li><span class=\"tlid-translation translation\" lang=\"fr\">Inclus une carte optionnelle PLATINUM pour le propri\u00e9taire de la structure <\/span><\/li>\n<\/ul>\n<p>* En fonction de la solvabilit\u00e9 du client<\/p>\n<p>Dans les <a href=\"https:\/\/www.medicusinfo.eu\/fr\/area-riservata\/\">espace r\u00e9serv\u00e9<\/a>, vous trouverez un formulaire de demande \u00e0 \u00eatre contact\u00e9 directement par nos partenaires bancaires et d&rsquo;obtenir la meilleure offre sur le march\u00e9, ou pour vous d&rsquo;aider vos clients.<\/p>\n","protected":false},"featured_media":3797,"comment_status":"closed","ping_status":"closed","template":"","meta":{"_acf_changed":false},"product_brand":[],"product_cat":[71],"product_tag":[],"class_list":{"0":"post-3792","1":"product","2":"type-product","3":"status-publish","4":"has-post-thumbnail","6":"product_cat-membership-card-fr","8":"first","9":"instock","10":"sold-individually","11":"shipping-taxable","12":"purchasable","13":"product-type-simple"},"acf":[],"aioseo_notices":[],"_links":{"self":[{"href":"https:\/\/www.medicusinfo.eu\/fr\/wp-json\/wp\/v2\/product\/3792","targetHints":{"allow":["GET"]}}],"collection":[{"href":"https:\/\/www.medicusinfo.eu\/fr\/wp-json\/wp\/v2\/product"}],"about":[{"href":"https:\/\/www.medicusinfo.eu\/fr\/wp-json\/wp\/v2\/types\/product"}],"replies":[{"embeddable":true,"href":"https:\/\/www.medicusinfo.eu\/fr\/wp-json\/wp\/v2\/comments?post=3792"}],"wp:featuredmedia":[{"embeddable":true,"href":"https:\/\/www.medicusinfo.eu\/fr\/wp-json\/wp\/v2\/media\/3797"}],"wp:attachment":[{"href":"https:\/\/www.medicusinfo.eu\/fr\/wp-json\/wp\/v2\/media?parent=3792"}],"wp:term":[{"taxonomy":"product_brand","embeddable":true,"href":"https:\/\/www.medicusinfo.eu\/fr\/wp-json\/wp\/v2\/product_brand?post=3792"},{"taxonomy":"product_cat","embeddable":true,"href":"https:\/\/www.medicusinfo.eu\/fr\/wp-json\/wp\/v2\/product_cat?post=3792"},{"taxonomy":"product_tag","embeddable":true,"href":"https:\/\/www.medicusinfo.eu\/fr\/wp-json\/wp\/v2\/product_tag?post=3792"}],"curies":[{"name":"wp","href":"https:\/\/api.w.org\/{rel}","templated":true}]}}