{"id":5969,"date":"2018-09-01T08:48:30","date_gmt":"2018-09-01T06:48:37","guid":{"rendered":"https:\/\/www.medicusinfo.eu\/?post_type=product&#038;p=5969"},"modified":"2024-08-13T17:29:02","modified_gmt":"2024-08-13T15:29:02","slug":"membership-blue-basic","status":"publish","type":"product","link":"https:\/\/www.medicusinfo.eu\/fr\/prodotto\/membership-blue-basic\/","title":{"rendered":"Membership BLUE BASIC"},"content":{"rendered":"<h6><span id=\"result_box\" class=\"\" lang=\"fr\"><span class=\"\">POUR LE PERSONNEL D\u00c9PENDANT DU SECTEUR M\u00c9DICAL-SANTE<\/span><\/span>*<\/h6>\n<p>*<span id=\"result_box\" class=\"\" lang=\"fr\"><span class=\"\">Tout le personnel salari\u00e9 par une structure dans le secteur m\u00e9dical, y compris les centres de beaut\u00e9, de physioth\u00e9rapie et de fitness<\/span><\/span><\/p>\n<p><span id=\"result_box\" class=\"\" lang=\"fr\"><span class=\"\">Ind\u00e9pendamment de la profession exerc\u00e9e dans la structure, l&rsquo;appartenance au secteur m\u00e9dical et sanitaire de l&#8217;employeur est valable<\/span><\/span><\/p>\n<p><span id=\"result_box\" class=\"\" lang=\"fr\"><span class=\"\">Les m\u00e9decins, bien que les employ\u00e9s, qui ont l&rsquo;abonnement <a href=\"https:\/\/www.medicusinfo.eu\/fr\/prodotto\/membership-platinum-fr\/\">PLATINUM<\/a> d\u00e9di\u00e9 \u00e0 eux sont exclus<\/span><\/span><\/p>\n<p><strong>Avantages exclusifs membres BLUE:<\/strong><\/p>\n<ul>\n<li><span id=\"result_box\" class=\"\" lang=\"fr\"><span class=\"\">Acc\u00e8s \u00e0 les r\u00e9ductions et conventions MedicusInfo<\/span><\/span><\/li>\n<\/ul>\n<p><span id=\"result_box\" class=\"\" lang=\"fr\"><span class=\"\">LES RABAIS DE LA FLOTTE EN VOITURE, MOTOCYCLE ET BATEAU <strong>NE SONT PAS INCLUS<\/strong><\/span><\/span><\/p>\n<p>&nbsp;<\/p>\n<p><strong><span id=\"result_box\" class=\"\" lang=\"fr\"><span class=\"\"><span title=\"Validit\u00e0 carta triennale \">Validit\u00e9 de la carte de trois ans<\/span><\/span><\/span><\/strong><\/p>\n<p><span id=\"result_box\" class=\"\" lang=\"fr\">\u00a0<span class=\"\"><br \/>\n<\/span><\/span><\/p>\n<p><span id=\"result_box\" class=\"\" lang=\"fr\"><span title=\"Con la carta triennale potrai richiedere anche una carta partner per un membro della tua economia domestica, avr\u00e0 la stessa validit\u00e0 della carta principale. \"><strong>N.B.<\/strong> Avec la carte de base vous pouvez \u00e9galement demander une carte partenaire pour un membre de votre m\u00e9nage, aura la m\u00eame validit\u00e9 que la carte principale.<\/span><\/span><\/p>\n<p><span class=\"VIiyi\" lang=\"fr\"><span class=\"JLqJ4b ChMk0b C1N51c\" data-language-for-alternatives=\"fr\" data-language-to-translate-into=\"auto\" data-phrase-index=\"2\">Carte de membre tacitement renouvel\u00e9e si aucune annulation n&rsquo;est faite dans les 60 jours pr\u00e9c\u00e9dant la date d&rsquo;expiration naturelle par lettre recommand\u00e9e avec accus\u00e9 de r\u00e9ception.<\/span><\/span><\/p>\n<p>Conditions g\u00e9n\u00e9rales et statut des membres <a href=\"https:\/\/www.medicusinfo.eu\/fr\/conditions-generales\/\" target=\"_blank\" rel=\"noopener\">ICI<\/a><\/p>\n","protected":false},"excerpt":{"rendered":"<p><strong><span id=\"result_box\" class=\"\" lang=\"fr\"><span class=\"\"><span title=\"Validit\u00e0 carta triennale \">Validit\u00e9 de la carte de trois ans<\/span><\/span><\/span><\/strong><span id=\"result_box\" class=\"\" lang=\"fr\"><\/span><\/p>\n<p><span id=\"result_box\" class=\"\" lang=\"fr\"><span class=\"\">Tous les avantages pour CHF 50 .-\/an!<\/span><\/span><\/p>\n<h6><span id=\"result_box\" class=\"\" lang=\"fr\"><span class=\"\">POUR LE PERSONNEL D\u00c9PENDANT DU SECTEUR M\u00c9DICAL-SANTE<\/span><\/span>*<\/h6>\n<p>*<span id=\"result_box\" class=\"\" lang=\"fr\"><span class=\"\">Tout le personnel salari\u00e9 par une structure dans le secteur m\u00e9dical, y compris les centres de beaut\u00e9, de physioth\u00e9rapie et de fitness<\/span><\/span><\/p>\n<p><span id=\"result_box\" class=\"\" lang=\"fr\"><span class=\"\">Ind\u00e9pendamment de la profession exerc\u00e9e dans la structure, l&rsquo;appartenance au secteur m\u00e9dical et sanitaire de l&#8217;employeur est valable<\/span><\/span><\/p>\n<p><span id=\"result_box\" class=\"\" lang=\"fr\"><span class=\"\">Les m\u00e9decins, bien que les employ\u00e9s, qui ont l&rsquo;abonnement <a href=\"https:\/\/www.medicusinfo.eu\/fr\/negozio\/membership-platinum-fr\/\">PLATINUM<\/a> d\u00e9di\u00e9 \u00e0 eux sont exclus<\/span><\/span><\/p>\n<p><span class=\"VIiyi\" lang=\"fr\"><span class=\"JLqJ4b ChMk0b C1N51c\" data-language-for-alternatives=\"fr\" data-language-to-translate-into=\"auto\" data-phrase-index=\"2\">Carte de membre tacitement renouvel\u00e9e si aucune annulation n&rsquo;est faite dans les 60 jours pr\u00e9c\u00e9dant la date d&rsquo;expiration naturelle par lettre recommand\u00e9e avec accus\u00e9 de r\u00e9ception.<\/span><\/span><\/p>\n<p><strong>Avantages exclusifs membres BLUE:<\/strong><\/p>\n<ul>\n<li><span id=\"result_box\" class=\"\" lang=\"fr\"><span class=\"\">Acc\u00e8s \u00e0\u00a0 les r\u00e9ductions et conventions MedicusInfo<\/span><\/span><\/li>\n<\/ul>\n<p><span id=\"result_box\" class=\"\" lang=\"fr\"><span class=\"\">LES RABAIS DE LA FLOTTE EN VOITURE, MOTOCYCLE ET BATEAU <strong>NE SONT PAS INCLUS<\/strong><\/span><\/span><\/p>\n<p>&nbsp;<\/p>\n<p><span id=\"result_box\" class=\"\" lang=\"fr\"><span title=\"Con la carta triennale potrai richiedere anche una carta partner per un membro della tua economia domestica, avr\u00e0 la stessa validit\u00e0 della carta principale. \"><strong>N.B.<\/strong> Avec la carte de base vous pouvez \u00e9galement demander une carte partenaire pour un membre de votre m\u00e9nage, aura la m\u00eame validit\u00e9 que la carte principale.<\/span><\/span><\/p>\n","protected":false},"featured_media":5958,"comment_status":"closed","ping_status":"closed","template":"","meta":{"_acf_changed":false},"product_brand":[],"product_cat":[71],"product_tag":[],"class_list":{"0":"post-5969","1":"product","2":"type-product","3":"status-publish","4":"has-post-thumbnail","6":"product_cat-membership-card-fr","8":"first","9":"instock","10":"sold-individually","11":"shipping-taxable","12":"purchasable","13":"product-type-variable","14":"has-default-attributes"},"acf":[],"aioseo_notices":[],"_links":{"self":[{"href":"https:\/\/www.medicusinfo.eu\/fr\/wp-json\/wp\/v2\/product\/5969","targetHints":{"allow":["GET"]}}],"collection":[{"href":"https:\/\/www.medicusinfo.eu\/fr\/wp-json\/wp\/v2\/product"}],"about":[{"href":"https:\/\/www.medicusinfo.eu\/fr\/wp-json\/wp\/v2\/types\/product"}],"replies":[{"embeddable":true,"href":"https:\/\/www.medicusinfo.eu\/fr\/wp-json\/wp\/v2\/comments?post=5969"}],"wp:featuredmedia":[{"embeddable":true,"href":"https:\/\/www.medicusinfo.eu\/fr\/wp-json\/wp\/v2\/media\/5958"}],"wp:attachment":[{"href":"https:\/\/www.medicusinfo.eu\/fr\/wp-json\/wp\/v2\/media?parent=5969"}],"wp:term":[{"taxonomy":"product_brand","embeddable":true,"href":"https:\/\/www.medicusinfo.eu\/fr\/wp-json\/wp\/v2\/product_brand?post=5969"},{"taxonomy":"product_cat","embeddable":true,"href":"https:\/\/www.medicusinfo.eu\/fr\/wp-json\/wp\/v2\/product_cat?post=5969"},{"taxonomy":"product_tag","embeddable":true,"href":"https:\/\/www.medicusinfo.eu\/fr\/wp-json\/wp\/v2\/product_tag?post=5969"}],"curies":[{"name":"wp","href":"https:\/\/api.w.org\/{rel}","templated":true}]}}